{"id":975,"date":"2025-10-27T10:04:38","date_gmt":"2025-10-27T10:04:38","guid":{"rendered":"https:\/\/logisticanebot.com\/servicios\/"},"modified":"2026-05-05T10:16:48","modified_gmt":"2026-05-05T10:16:48","slug":"uslugi","status":"publish","type":"page","link":"https:\/\/logisticanebot.com\/pl\/uslugi\/","title":{"rendered":"Us\u0142ugi"},"content":{"rendered":"\t\t<div data-elementor-type=\"wp-page\" data-elementor-id=\"975\" class=\"elementor elementor-975\">\n\t\t\t\t<div class=\"elementor-element elementor-element-85e0b91 e-flex e-con-boxed e-con e-parent\" data-id=\"85e0b91\" data-element_type=\"container\" data-settings=\"{&quot;background_background&quot;:&quot;classic&quot;}\">\n\t\t\t\t\t<div class=\"e-con-inner\">\n\t\t<div class=\"elementor-element elementor-element-9909b32 e-con-full e-flex e-con e-child\" data-id=\"9909b32\" data-element_type=\"container\">\n\t\t\t\t<div class=\"elementor-element elementor-element-fdfb65c elementor-widget elementor-widget-heading\" data-id=\"fdfb65c\" data-element_type=\"widget\" data-widget_type=\"heading.default\">\n\t\t\t\t\t<p class=\"elementor-heading-title elementor-size-default\">Us\u0142ugi logistyczne<\/p>\t\t\t\t<\/div>\n\t\t\t\t<div class=\"elementor-element elementor-element-1a8b534 elementor-widget elementor-widget-text-editor\" data-id=\"1a8b534\" data-element_type=\"widget\" data-widget_type=\"text-editor.default\">\n\t\t\t\t\t\t\t\t\tW Log\u00edstica Nebot dysponujemy szerok\u0105 gam\u0105 us\u0142ug logistycznych, kt\u00f3re pozwalaj\u0105 po\u0142\u0105czy\u0107 Ci\u0119 z Twoim miejscem docelowym. Zostaw to w naszych r\u0119kach.\t\t\t\t\t\t\t\t<\/div>\n\t\t\t\t<\/div>\n\t\t\t\t\t<\/div>\n\t\t\t\t<\/div>\n\t\t<div class=\"elementor-element elementor-element-6ab6a70 e-flex e-con-boxed e-con e-child\" data-id=\"6ab6a70\" data-element_type=\"container\">\n\t\t\t\t\t<div class=\"e-con-inner\">\n\t\t<div class=\"elementor-element elementor-element-ddfd019 e-con-full e-flex e-con e-child\" data-id=\"ddfd019\" data-element_type=\"container\">\n\t\t\t\t<div class=\"elementor-element elementor-element-6b1bc16 elementor-widget elementor-widget-heading\" data-id=\"6b1bc16\" data-element_type=\"widget\" data-widget_type=\"heading.default\">\n\t\t\t\t\t<h2 class=\"elementor-heading-title elementor-size-default\">Sektory, dla kt\u00f3rych pracujemy\n<\/h2>\t\t\t\t<\/div>\n\t\t\t\t<div class=\"elementor-element elementor-element-82c7c4b elementor-widget elementor-widget-text-editor\" data-id=\"82c7c4b\" data-element_type=\"widget\" data-widget_type=\"text-editor.default\">\n\t\t\t\t\t\t\t\t\tW Log\u00edstica Nebot obs\u0142ugujemy szeroki zakres sektor\u00f3w, kt\u00f3re wymagaj\u0105 naszych us\u0142ug.\t\t\t\t\t\t\t\t<\/div>\n\t\t\t\t<\/div>\n\t\t<div class=\"elementor-element elementor-element-265360b e-con-full e-flex e-con e-child\" data-id=\"265360b\" data-element_type=\"container\">\n\t\t<div class=\"elementor-element elementor-element-6972788 e-con-full e-flex e-con e-child\" data-id=\"6972788\" data-element_type=\"container\">\n\t\t<div class=\"elementor-element elementor-element-90c7752 e-con-full e-flex e-con e-child\" data-id=\"90c7752\" data-element_type=\"container\">\n\t\t\t\t<div class=\"elementor-element elementor-element-4b747df elementor-view-default elementor-widget elementor-widget-icon\" data-id=\"4b747df\" data-element_type=\"widget\" data-widget_type=\"icon.default\">\n\t\t\t\t\t\t\t<div class=\"elementor-icon-wrapper\">\n\t\t\t<div class=\"elementor-icon\">\n\t\t\t<svg aria-hidden=\"true\" class=\"e-font-icon-svg e-fas-truck-moving\" viewBox=\"0 0 640 512\" xmlns=\"http:\/\/www.w3.org\/2000\/svg\"><path d=\"M621.3 237.3l-58.5-58.5c-12-12-28.3-18.7-45.3-18.7H480V64c0-17.7-14.3-32-32-32H32C14.3 32 0 46.3 0 64v336c0 44.2 35.8 80 80 80 26.3 0 49.4-12.9 64-32.4 14.6 19.6 37.7 32.4 64 32.4 44.2 0 80-35.8 80-80 0-5.5-.6-10.8-1.6-16h163.2c-1.1 5.2-1.6 10.5-1.6 16 0 44.2 35.8 80 80 80s80-35.8 80-80c0-5.5-.6-10.8-1.6-16H624c8.8 0 16-7.2 16-16v-85.5c0-17-6.7-33.2-18.7-45.2zM80 432c-17.6 0-32-14.4-32-32s14.4-32 32-32 32 14.4 32 32-14.4 32-32 32zm128 0c-17.6 0-32-14.4-32-32s14.4-32 32-32 32 14.4 32 32-14.4 32-32 32zm272-224h37.5c4.3 0 8.3 1.7 11.3 4.7l43.3 43.3H480v-48zm48 224c-17.6 0-32-14.4-32-32s14.4-32 32-32 32 14.4 32 32-14.4 32-32 32z\"><\/path><\/svg>\t\t\t<\/div>\n\t\t<\/div>\n\t\t\t\t\t\t<\/div>\n\t\t\t\t<div class=\"elementor-element elementor-element-5e67514 elementor-widget elementor-widget-heading\" data-id=\"5e67514\" data-element_type=\"widget\" data-widget_type=\"heading.default\">\n\t\t\t\t\t<h2 class=\"elementor-heading-title elementor-size-default\">Transport ci\u0119\u017ckich \u0142adunk\u00f3w<\/h2>\t\t\t\t<\/div>\n\t\t\t\t<div class=\"elementor-element elementor-element-2cdfa9c elementor-widget elementor-widget-text-editor\" data-id=\"2cdfa9c\" data-element_type=\"widget\" data-widget_type=\"text-editor.default\">\n\t\t\t\t\t\t\t\t\t<p>Dysponuj\u0105c flot\u0105 10 ci\u0105gnik\u00f3w siod\u0142owych i 15 naczep, jeste\u015bmy firm\u0105 w regionie o najwi\u0119kszym wolumenie transportu drewna do Castilla y Le\u00f3n.<\/p>\t\t\t\t\t\t\t\t<\/div>\n\t\t\t\t<\/div>\n\t\t\t\t<\/div>\n\t\t<div class=\"elementor-element elementor-element-fb04091 e-con-full e-flex e-con e-child\" data-id=\"fb04091\" data-element_type=\"container\">\n\t\t<div class=\"elementor-element elementor-element-422d692 e-con-full e-flex e-con e-child\" data-id=\"422d692\" data-element_type=\"container\">\n\t\t\t\t<div class=\"elementor-element elementor-element-6238231 elementor-view-default elementor-widget elementor-widget-icon\" data-id=\"6238231\" data-element_type=\"widget\" data-widget_type=\"icon.default\">\n\t\t\t\t\t\t\t<div class=\"elementor-icon-wrapper\">\n\t\t\t<div class=\"elementor-icon\">\n\t\t\t<svg aria-hidden=\"true\" class=\"e-font-icon-svg e-far-building\" viewBox=\"0 0 448 512\" xmlns=\"http:\/\/www.w3.org\/2000\/svg\"><path d=\"M128 148v-40c0-6.6 5.4-12 12-12h40c6.6 0 12 5.4 12 12v40c0 6.6-5.4 12-12 12h-40c-6.6 0-12-5.4-12-12zm140 12h40c6.6 0 12-5.4 12-12v-40c0-6.6-5.4-12-12-12h-40c-6.6 0-12 5.4-12 12v40c0 6.6 5.4 12 12 12zm-128 96h40c6.6 0 12-5.4 12-12v-40c0-6.6-5.4-12-12-12h-40c-6.6 0-12 5.4-12 12v40c0 6.6 5.4 12 12 12zm128 0h40c6.6 0 12-5.4 12-12v-40c0-6.6-5.4-12-12-12h-40c-6.6 0-12 5.4-12 12v40c0 6.6 5.4 12 12 12zm-76 84v-40c0-6.6-5.4-12-12-12h-40c-6.6 0-12 5.4-12 12v40c0 6.6 5.4 12 12 12h40c6.6 0 12-5.4 12-12zm76 12h40c6.6 0 12-5.4 12-12v-40c0-6.6-5.4-12-12-12h-40c-6.6 0-12 5.4-12 12v40c0 6.6 5.4 12 12 12zm180 124v36H0v-36c0-6.6 5.4-12 12-12h19.5V24c0-13.3 10.7-24 24-24h337c13.3 0 24 10.7 24 24v440H436c6.6 0 12 5.4 12 12zM79.5 463H192v-67c0-6.6 5.4-12 12-12h40c6.6 0 12 5.4 12 12v67h112.5V49L80 48l-.5 415z\"><\/path><\/svg>\t\t\t<\/div>\n\t\t<\/div>\n\t\t\t\t\t\t<\/div>\n\t\t\t\t<div class=\"elementor-element elementor-element-95f0545 elementor-widget elementor-widget-heading\" data-id=\"95f0545\" data-element_type=\"widget\" data-widget_type=\"heading.default\">\n\t\t\t\t\t<h2 class=\"elementor-heading-title elementor-size-default\">Sektor p\u0142ytek ceramicznych<\/h2>\t\t\t\t<\/div>\n\t\t\t\t<div class=\"elementor-element elementor-element-9aa7f89 elementor-widget elementor-widget-text-editor\" data-id=\"9aa7f89\" data-element_type=\"widget\" data-widget_type=\"text-editor.default\">\n\t\t\t\t\t\t\t\t\t<p>Bogate do\u015bwiadczenie w grupowaniu i dystrybucji p\u0142ytek ceramicznych z firm z Castell\u00f3n do Castilla y Le\u00f3n.<\/p>\t\t\t\t\t\t\t\t<\/div>\n\t\t\t\t<\/div>\n\t\t\t\t<\/div>\n\t\t<div class=\"elementor-element elementor-element-85b8c11 e-con-full e-flex e-con e-child\" data-id=\"85b8c11\" data-element_type=\"container\">\n\t\t<div class=\"elementor-element elementor-element-1934e20 e-con-full e-flex e-con e-child\" data-id=\"1934e20\" data-element_type=\"container\">\n\t\t\t\t<div class=\"elementor-element elementor-element-71d21b1 elementor-view-default elementor-widget elementor-widget-icon\" data-id=\"71d21b1\" data-element_type=\"widget\" data-widget_type=\"icon.default\">\n\t\t\t\t\t\t\t<div class=\"elementor-icon-wrapper\">\n\t\t\t<div class=\"elementor-icon\">\n\t\t\t<svg aria-hidden=\"true\" class=\"e-font-icon-svg e-far-calendar-alt\" viewBox=\"0 0 448 512\" xmlns=\"http:\/\/www.w3.org\/2000\/svg\"><path d=\"M148 288h-40c-6.6 0-12-5.4-12-12v-40c0-6.6 5.4-12 12-12h40c6.6 0 12 5.4 12 12v40c0 6.6-5.4 12-12 12zm108-12v-40c0-6.6-5.4-12-12-12h-40c-6.6 0-12 5.4-12 12v40c0 6.6 5.4 12 12 12h40c6.6 0 12-5.4 12-12zm96 0v-40c0-6.6-5.4-12-12-12h-40c-6.6 0-12 5.4-12 12v40c0 6.6 5.4 12 12 12h40c6.6 0 12-5.4 12-12zm-96 96v-40c0-6.6-5.4-12-12-12h-40c-6.6 0-12 5.4-12 12v40c0 6.6 5.4 12 12 12h40c6.6 0 12-5.4 12-12zm-96 0v-40c0-6.6-5.4-12-12-12h-40c-6.6 0-12 5.4-12 12v40c0 6.6 5.4 12 12 12h40c6.6 0 12-5.4 12-12zm192 0v-40c0-6.6-5.4-12-12-12h-40c-6.6 0-12 5.4-12 12v40c0 6.6 5.4 12 12 12h40c6.6 0 12-5.4 12-12zm96-260v352c0 26.5-21.5 48-48 48H48c-26.5 0-48-21.5-48-48V112c0-26.5 21.5-48 48-48h48V12c0-6.6 5.4-12 12-12h40c6.6 0 12 5.4 12 12v52h128V12c0-6.6 5.4-12 12-12h40c6.6 0 12 5.4 12 12v52h48c26.5 0 48 21.5 48 48zm-48 346V160H48v298c0 3.3 2.7 6 6 6h340c3.3 0 6-2.7 6-6z\"><\/path><\/svg>\t\t\t<\/div>\n\t\t<\/div>\n\t\t\t\t\t\t<\/div>\n\t\t\t\t<div class=\"elementor-element elementor-element-15db591 elementor-widget elementor-widget-heading\" data-id=\"15db591\" data-element_type=\"widget\" data-widget_type=\"heading.default\">\n\t\t\t\t\t<h2 class=\"elementor-heading-title elementor-size-default\">Sezon cytrusowy<\/h2>\t\t\t\t<\/div>\n\t\t\t\t<div class=\"elementor-element elementor-element-92b36d3 elementor-widget elementor-widget-text-editor\" data-id=\"92b36d3\" data-element_type=\"widget\" data-widget_type=\"text-editor.default\">\n\t\t\t\t\t\t\t\t\t<p>W trakcie kampanii cytrusowej realizujemy trasy transportowe z Castell\u00f3n do Andaluc\u00eda, po\u0142udniowej \u00a0Portugal i Marruecos.<\/p>\t\t\t\t\t\t\t\t<\/div>\n\t\t\t\t<\/div>\n\t\t\t\t<\/div>\n\t\t<div class=\"elementor-element elementor-element-562051a e-con-full e-flex e-con e-child\" data-id=\"562051a\" data-element_type=\"container\">\n\t\t<div class=\"elementor-element elementor-element-d812523 e-con-full e-flex e-con e-child\" data-id=\"d812523\" data-element_type=\"container\">\n\t\t\t\t<div class=\"elementor-element elementor-element-9711b6b elementor-view-default elementor-widget elementor-widget-icon\" data-id=\"9711b6b\" data-element_type=\"widget\" data-widget_type=\"icon.default\">\n\t\t\t\t\t\t\t<div class=\"elementor-icon-wrapper\">\n\t\t\t<div class=\"elementor-icon\">\n\t\t\t<svg aria-hidden=\"true\" class=\"e-font-icon-svg e-fas-warehouse\" viewBox=\"0 0 640 512\" xmlns=\"http:\/\/www.w3.org\/2000\/svg\"><path d=\"M504 352H136.4c-4.4 0-8 3.6-8 8l-.1 48c0 4.4 3.6 8 8 8H504c4.4 0 8-3.6 8-8v-48c0-4.4-3.6-8-8-8zm0 96H136.1c-4.4 0-8 3.6-8 8l-.1 48c0 4.4 3.6 8 8 8h368c4.4 0 8-3.6 8-8v-48c0-4.4-3.6-8-8-8zm0-192H136.6c-4.4 0-8 3.6-8 8l-.1 48c0 4.4 3.6 8 8 8H504c4.4 0 8-3.6 8-8v-48c0-4.4-3.6-8-8-8zm106.5-139L338.4 3.7a48.15 48.15 0 0 0-36.9 0L29.5 117C11.7 124.5 0 141.9 0 161.3V504c0 4.4 3.6 8 8 8h80c4.4 0 8-3.6 8-8V256c0-17.6 14.6-32 32.6-32h382.8c18 0 32.6 14.4 32.6 32v248c0 4.4 3.6 8 8 8h80c4.4 0 8-3.6 8-8V161.3c0-19.4-11.7-36.8-29.5-44.3z\"><\/path><\/svg>\t\t\t<\/div>\n\t\t<\/div>\n\t\t\t\t\t\t<\/div>\n\t\t\t\t<div class=\"elementor-element elementor-element-12e5493 elementor-widget elementor-widget-heading\" data-id=\"12e5493\" data-element_type=\"widget\" data-widget_type=\"heading.default\">\n\t\t\t\t\t<h2 class=\"elementor-heading-title elementor-size-default\">Magazyn logistyczny<\/h2>\t\t\t\t<\/div>\n\t\t\t\t<div class=\"elementor-element elementor-element-28fe49c elementor-widget elementor-widget-text-editor\" data-id=\"28fe49c\" data-element_type=\"widget\" data-widget_type=\"text-editor.default\">\n\t\t\t\t\t\t\t\t\tW Log\u00edstica Nebot dysponujemy powierzchni\u0105 7 000 m<sup>2<\/sup>, z czego ponad 5 000 m<sup>2<\/sup> przeznaczone jest na nasze operacje logistyczne.\t\t\t\t\t\t\t\t<\/div>\n\t\t\t\t<\/div>\n\t\t\t\t<\/div>\n\t\t\t\t<\/div>\n\t\t\t\t\t<\/div>\n\t\t\t\t<\/div>\n\t\t<div class=\"elementor-element elementor-element-9697bb9 e-flex e-con-boxed e-con e-parent\" data-id=\"9697bb9\" data-element_type=\"container\" data-settings=\"{&quot;background_background&quot;:&quot;classic&quot;}\">\n\t\t\t\t\t<div class=\"e-con-inner\">\n\t\t<div class=\"elementor-element elementor-element-44548f1 e-con-full e-flex e-con e-child\" data-id=\"44548f1\" data-element_type=\"container\">\n\t\t\t\t<div class=\"elementor-element elementor-element-3b8a02a elementor-widget elementor-widget-image\" data-id=\"3b8a02a\" data-element_type=\"widget\" data-widget_type=\"image.default\">\n\t\t\t\t\t\t\t\t\t\t\t\t\t\t\t<img fetchpriority=\"high\" decoding=\"async\" width=\"540\" height=\"400\" src=\"https:\/\/logisticanebot.com\/wp-content\/uploads\/2026\/05\/transportowa-castellon-logistica-nebot.jpg\" class=\"attachment-large size-large wp-image-1083\" alt=\"transportowa castellon logistica nebot\" srcset=\"https:\/\/logisticanebot.com\/wp-content\/uploads\/2026\/05\/transportowa-castellon-logistica-nebot.jpg 540w, https:\/\/logisticanebot.com\/wp-content\/uploads\/2026\/05\/transportowa-castellon-logistica-nebot-300x222.jpg 300w\" sizes=\"(max-width: 540px) 100vw, 540px\" \/>\t\t\t\t\t\t\t\t\t\t\t\t\t\t\t<\/div>\n\t\t\t\t<\/div>\n\t\t<div class=\"elementor-element elementor-element-43a5364 e-con-full e-flex e-con e-child\" data-id=\"43a5364\" data-element_type=\"container\">\n\t\t<div class=\"elementor-element elementor-element-3d6790f e-con-full e-flex e-con e-child\" data-id=\"3d6790f\" data-element_type=\"container\">\n\t\t\t\t<div class=\"elementor-element elementor-element-99c2f11 elementor-widget elementor-widget-heading\" data-id=\"99c2f11\" data-element_type=\"widget\" data-widget_type=\"heading.default\">\n\t\t\t\t\t<h2 class=\"elementor-heading-title elementor-size-default\">Trasy Castell\u00f3n - Castilla y Le\u00f3n<\/h2>\t\t\t\t<\/div>\n\t\t\t\t<div class=\"elementor-element elementor-element-3e70412 elementor-widget elementor-widget-heading\" data-id=\"3e70412\" data-element_type=\"widget\" data-widget_type=\"heading.default\">\n\t\t\t\t\t<p class=\"elementor-heading-title elementor-size-default\">DZIENNE TRASY TRANSPORTOWE DO CASTILLA Y LE\u00d3N<\/p>\t\t\t\t<\/div>\n\t\t\t\t<\/div>\n\t\t\t\t<div class=\"elementor-element elementor-element-d8e30b0 elementor-widget elementor-widget-text-editor\" data-id=\"d8e30b0\" data-element_type=\"widget\" data-widget_type=\"text-editor.default\">\n\t\t\t\t\t\t\t\t\t<div class=\"text-base my-auto mx-auto pb-10 [--thread-content-margin:--spacing(4)] thread-sm:[--thread-content-margin:--spacing(6)] thread-lg:[--thread-content-margin:--spacing(16)] px-(--thread-content-margin)\"><div class=\"[--thread-content-max-width:40rem] thread-lg:[--thread-content-max-width:48rem] mx-auto max-w-(--thread-content-max-width) flex-1 group\/turn-messages focus-visible:outline-hidden relative flex w-full min-w-0 flex-col agent-turn\" tabindex=\"-1\"><div class=\"flex max-w-full flex-col grow\"><div class=\"min-h-8 text-message relative flex w-full flex-col items-end gap-2 text-start break-words whitespace-normal [.text-message+&amp;]:mt-1\" dir=\"auto\" data-message-author-role=\"assistant\" data-message-id=\"915546e3-aced-4ac9-8170-1a8398787224\" data-message-model-slug=\"gpt-5\"><div class=\"flex w-full flex-col gap-1 empty:hidden first:pt-[1px]\"><p>Oferujemy codzienn\u0105 us\u0142ug\u0119 transportu z Castell\u00f3n do wszystkich prowincji Castilla y Le\u00f3n, gwarantuj\u0105c szybko\u015b\u0107, punktualno\u015b\u0107 i bezpiecze\u0144stwo ka\u017cdej przesy\u0142ki.<\/p><p>Regularnie obs\u0142ugujemy trasy do Valladolid, Palencia, Le\u00f3n, Salamanca, Zamora, Burgos, Segovia i \u00c1vila, dostosowuj\u0105c si\u0119 do potrzeb ka\u017cdego klienta: od \u0142adunk\u00f3w ca\u0142opojazdowych po paczki i grupowanie (grupage).<\/p><p>Nasz zesp\u00f3\u0142 koordynuje ka\u017cd\u0105 dostaw\u0119 z precyzj\u0105, aby zapewni\u0107 jak najszybsze dotarcie towaru, utrzymuj\u0105c pe\u0142n\u0105 kontrol\u0119 logistyczn\u0105 oraz sta\u0142e monitorowanie przez ca\u0142\u0105 tras\u0119.<\/p><p>Je\u015bli potrzebujesz wys\u0142a\u0107 towar z Castell\u00f3n do dowolnego miejsca w Castilla y Le\u00f3n, zaufaj sprawnej, efektywnej i rzetelnej us\u0142udze..<\/p><\/div><\/div><\/div><\/div><\/div>\t\t\t\t\t\t\t\t<\/div>\n\t\t\t\t<\/div>\n\t\t\t\t\t<\/div>\n\t\t\t\t<\/div>\n\t\t<div class=\"elementor-element elementor-element-f173542 e-flex e-con-boxed e-con e-parent\" data-id=\"f173542\" data-element_type=\"container\" data-settings=\"{&quot;background_background&quot;:&quot;classic&quot;}\">\n\t\t\t\t\t<div class=\"e-con-inner\">\n\t\t<div class=\"elementor-element elementor-element-19b66e5 e-con-full e-flex e-con e-child\" data-id=\"19b66e5\" data-element_type=\"container\">\n\t\t\t\t<div class=\"elementor-element elementor-element-88e09ec elementor-widget elementor-widget-image\" data-id=\"88e09ec\" data-element_type=\"widget\" data-widget_type=\"image.default\">\n\t\t\t\t\t\t\t\t\t\t\t\t\t\t\t<img decoding=\"async\" width=\"540\" height=\"400\" src=\"https:\/\/logisticanebot.com\/wp-content\/uploads\/2026\/05\/firma-transportowa-w-castellon.jpg\" class=\"attachment-large size-large wp-image-1090\" alt=\"firma transportowa w castellon\" srcset=\"https:\/\/logisticanebot.com\/wp-content\/uploads\/2026\/05\/firma-transportowa-w-castellon.jpg 540w, https:\/\/logisticanebot.com\/wp-content\/uploads\/2026\/05\/firma-transportowa-w-castellon-300x222.jpg 300w\" sizes=\"(max-width: 540px) 100vw, 540px\" \/>\t\t\t\t\t\t\t\t\t\t\t\t\t\t\t<\/div>\n\t\t\t\t<\/div>\n\t\t<div class=\"elementor-element elementor-element-fb392ed e-con-full e-flex e-con e-child\" data-id=\"fb392ed\" data-element_type=\"container\">\n\t\t<div class=\"elementor-element elementor-element-7e673b0 e-con-full e-flex e-con e-child\" data-id=\"7e673b0\" data-element_type=\"container\">\n\t\t\t\t<div class=\"elementor-element elementor-element-d678e3f elementor-widget elementor-widget-heading\" data-id=\"d678e3f\" data-element_type=\"widget\" data-widget_type=\"heading.default\">\n\t\t\t\t\t<h2 class=\"elementor-heading-title elementor-size-default\">Trasy Castell\u00f3n \u2013 Galicia i p\u00f3\u0142noc de Portugal<\/h2>\t\t\t\t<\/div>\n\t\t\t\t<div class=\"elementor-element elementor-element-80489e3 elementor-widget elementor-widget-heading\" data-id=\"80489e3\" data-element_type=\"widget\" data-widget_type=\"heading.default\">\n\t\t\t\t\t<p class=\"elementor-heading-title elementor-size-default\">DZIENNE TRASY TRANSPORTOWE DO GALICIA i PORTUGAL<\/p>\t\t\t\t<\/div>\n\t\t\t\t<\/div>\n\t\t\t\t<div class=\"elementor-element elementor-element-a34d1ba elementor-widget elementor-widget-text-editor\" data-id=\"a34d1ba\" data-element_type=\"widget\" data-widget_type=\"text-editor.default\">\n\t\t\t\t\t\t\t\t\t<div class=\"text-base my-auto mx-auto pb-10 [--thread-content-margin:--spacing(4)] thread-sm:[--thread-content-margin:--spacing(6)] thread-lg:[--thread-content-margin:--spacing(16)] px-(--thread-content-margin)\">\n<div class=\"[--thread-content-max-width:40rem] thread-lg:[--thread-content-max-width:48rem] mx-auto max-w-(--thread-content-max-width) flex-1 group\/turn-messages focus-visible:outline-hidden relative flex w-full min-w-0 flex-col agent-turn\" tabindex=\"-1\">\n<div class=\"flex max-w-full flex-col grow\">\n<div class=\"min-h-8 text-message relative flex w-full flex-col items-end gap-2 text-start break-words whitespace-normal [.text-message+&amp;]:mt-1\" dir=\"auto\" data-message-author-role=\"assistant\" data-message-id=\"915546e3-aced-4ac9-8170-1a8398787224\" data-message-model-slug=\"gpt-5\">\n<div class=\"flex w-full flex-col gap-1 empty:hidden first:pt-[1px]\">\n<p data-start=\"144\" data-end=\"323\">Oferujemy codzienn\u0105 us\u0142ug\u0119 transportu z Castell\u00f3n do Galicia i Portugal, gwarantuj\u0105c szybko\u015b\u0107, punktualno\u015b\u0107 oraz maksymalne bezpiecze\u0144stwo ka\u017cdej przesy\u0142ki.<\/p>\n<p data-start=\"325\" data-end=\"580\">Regularnie obs\u0142ugujemy g\u0142\u00f3wne trasy do Galicia (A Coru\u00f1a, Lugo, Ourense i Pontevedra), a tak\u017ce do Portugal, dostosowuj\u0105c si\u0119 do indywidualnych potrzeb ka\u017cdego klienta: od \u0142adunk\u00f3w ca\u0142opojazdowych po paczki i grupowanie (grupage).<\/p>\n<p data-start=\"582\" data-end=\"800\">Nasz zesp\u00f3\u0142 koordynuje ka\u017cd\u0105 operacj\u0119 z precyzj\u0105, aby zapewni\u0107 jak najszybsze dotarcie towaru, utrzymuj\u0105c \u015bcis\u0142\u0105 kontrol\u0119 logistyczn\u0105 oraz sta\u0142e monitorowanie przez ca\u0142\u0105 tras\u0119.<\/p>\n<p data-start=\"802\" data-end=\"937\">Je\u015bli potrzebujesz wys\u0142a\u0107 towar z Castell\u00f3n do Galicia lub Portugalii, zaufaj sprawnej, efektywnej i w pe\u0142ni rzetelnej us\u0142udze.<\/p>\n\n<\/div>\n<\/div>\n<\/div>\n<\/div>\n<\/div>\t\t\t\t\t\t\t\t<\/div>\n\t\t\t\t<\/div>\n\t\t\t\t\t<\/div>\n\t\t\t\t<\/div>\n\t\t<div class=\"elementor-element elementor-element-6cdff52 e-flex e-con-boxed e-con e-parent\" data-id=\"6cdff52\" data-element_type=\"container\" data-settings=\"{&quot;background_background&quot;:&quot;classic&quot;}\">\n\t\t\t\t\t<div class=\"e-con-inner\">\n\t\t<div class=\"elementor-element elementor-element-bb8f967 e-con-full e-flex e-con e-child\" data-id=\"bb8f967\" data-element_type=\"container\">\n\t\t\t\t<div class=\"elementor-element elementor-element-d2f1fc0 elementor-widget elementor-widget-heading\" data-id=\"d2f1fc0\" data-element_type=\"widget\" data-widget_type=\"heading.default\">\n\t\t\t\t\t<h2 class=\"elementor-heading-title elementor-size-default\">TRASY KRAJOWE CASTELL\u00d3N - Castilla y Le\u00f3n<\/h2>\t\t\t\t<\/div>\n\t\t\t\t<div class=\"elementor-element elementor-element-63dec41 elementor-widget elementor-widget-heading\" data-id=\"63dec41\" data-element_type=\"widget\" data-widget_type=\"heading.default\">\n\t\t\t\t\t<p class=\"elementor-heading-title elementor-size-default\">Dok\u0105d tylko chcesz dotrze\u0107<\/p>\t\t\t\t<\/div>\n\t\t\t\t<div class=\"elementor-element elementor-element-8ac2727 elementor-widget elementor-widget-text-editor\" data-id=\"8ac2727\" data-element_type=\"widget\" data-widget_type=\"text-editor.default\">\n\t\t\t\t\t\t\t\t\t<section class=\"text-token-text-primary w-full focus:outline-none [--shadow-height:45px] has-data-writing-block:pointer-events-none has-data-writing-block:-mt-(--shadow-height) has-data-writing-block:pt-(--shadow-height) [&amp;:has([data-writing-block])&gt;*]:pointer-events-auto [content-visibility:auto] supports-[content-visibility:auto]:[contain-intrinsic-size:auto_100lvh] R6Vx5W_threadScrollVars scroll-mb-[calc(var(--scroll-root-safe-area-inset-bottom,0px)+var(--thread-response-height))] scroll-mt-[calc(var(--header-height)+min(200px,max(70px,20svh)))]\" dir=\"auto\" data-turn-id=\"request-WEB:bc971e09-5f1e-4e48-998d-02b4615d45c0-58\" data-testid=\"conversation-turn-80\" data-scroll-anchor=\"false\" data-turn=\"assistant\"><div class=\"text-base my-auto mx-auto pb-10 [--thread-content-margin:var(--thread-content-margin-xs,calc(var(--spacing)*4))] @w-sm\/main:[--thread-content-margin:var(--thread-content-margin-sm,calc(var(--spacing)*6))] @w-lg\/main:[--thread-content-margin:var(--thread-content-margin-lg,calc(var(--spacing)*16))] px-(--thread-content-margin)\"><div class=\"[--thread-content-max-width:40rem] @w-lg\/main:[--thread-content-max-width:48rem] mx-auto max-w-(--thread-content-max-width) flex-1 group\/turn-messages focus-visible:outline-hidden relative flex w-full min-w-0 flex-col agent-turn\"><div class=\"flex max-w-full flex-col gap-4 grow\"><div class=\"min-h-8 text-message relative flex w-full flex-col items-end gap-2 text-start break-words whitespace-normal outline-none keyboard-focused:focus-ring [.text-message+&amp;]:mt-1\" dir=\"auto\" tabindex=\"0\" data-message-author-role=\"assistant\" data-message-id=\"5015ed5c-4048-4b15-8ea2-0a1ad0169f14\" data-message-model-slug=\"gpt-5-3-mini\" data-turn-start-message=\"true\"><div class=\"flex w-full flex-col gap-1 empty:hidden\"><div class=\"markdown prose dark:prose-invert w-full wrap-break-word light markdown-new-styling\"><p data-start=\"0\" data-end=\"199\" data-is-last-node=\"\" data-is-only-node=\"\">Je\u015bli potrzebujesz przetransportowa\u0107 swoje towary, w Logistica Nebot dysponujemy szerok\u0105 flot\u0105 do transportu ci\u0119\u017ckich \u0142adunk\u00f3w, produkt\u00f3w spo\u017cywczych i wielu innych. Popro\u015b o niezobowi\u0105zuj\u0105c\u0105 wycen\u0119.<\/p><\/div><\/div><\/div><\/div><\/div><\/div><\/section>\t\t\t\t\t\t\t\t<\/div>\n\t\t\t\t<div class=\"elementor-element elementor-element-3af17f1 elementor-mobile-align-center elementor-widget elementor-widget-button\" data-id=\"3af17f1\" data-element_type=\"widget\" data-widget_type=\"button.default\">\n\t\t\t\t\t\t\t\t\t\t<a class=\"elementor-button elementor-button-link elementor-size-sm\" href=\"\/pl\/kontakt\/\">\n\t\t\t\t\t\t<span class=\"elementor-button-content-wrapper\">\n\t\t\t\t\t\t<span class=\"elementor-button-icon\">\n\t\t\t\t<svg aria-hidden=\"true\" class=\"e-font-icon-svg e-fas-arrow-right\" viewBox=\"0 0 448 512\" xmlns=\"http:\/\/www.w3.org\/2000\/svg\"><path d=\"M190.5 66.9l22.2-22.2c9.4-9.4 24.6-9.4 33.9 0L441 239c9.4 9.4 9.4 24.6 0 33.9L246.6 467.3c-9.4 9.4-24.6 9.4-33.9 0l-22.2-22.2c-9.5-9.5-9.3-25 .4-34.3L311.4 296H24c-13.3 0-24-10.7-24-24v-32c0-13.3 10.7-24 24-24h287.4L190.9 101.2c-9.8-9.3-10-24.8-.4-34.3z\"><\/path><\/svg>\t\t\t<\/span>\n\t\t\t\t\t\t\t\t\t<span class=\"elementor-button-text\">POPRO\u015a O WYCEN\u0118<\/span>\n\t\t\t\t\t<\/span>\n\t\t\t\t\t<\/a>\n\t\t\t\t\t\t\t\t<\/div>\n\t\t\t\t<\/div>\n\t\t\t\t\t<\/div>\n\t\t\t\t<\/div>\n\t\t\t\t<\/div>\n\t\t","protected":false},"excerpt":{"rendered":"<p>Us\u0142ugi logistyczne W Log\u00edstica Nebot dysponujemy szerok\u0105 gam\u0105 us\u0142ug logistycznych, kt\u00f3re pozwalaj\u0105 po\u0142\u0105czy\u0107 Ci\u0119 z Twoim miejscem docelowym. Zostaw to w naszych r\u0119kach. Sektory, dla kt\u00f3rych pracujemy W Log\u00edstica Nebot obs\u0142ugujemy szeroki zakres sektor\u00f3w, kt\u00f3re wymagaj\u0105 naszych us\u0142ug. Transport ci\u0119\u017ckich \u0142adunk\u00f3w Dysponuj\u0105c flot\u0105 10 ci\u0105gnik\u00f3w siod\u0142owych i 15 naczep, jeste\u015bmy firm\u0105 w regionie o najwi\u0119kszym [&hellip;]<\/p>\n","protected":false},"author":1,"featured_media":0,"parent":0,"menu_order":0,"comment_status":"closed","ping_status":"open","template":"","meta":{"_joinchat":[],"footnotes":""},"class_list":["post-975","page","type-page","status-publish","hentry"],"aioseo_notices":[],"_links":{"self":[{"href":"https:\/\/logisticanebot.com\/pl\/wp-json\/wp\/v2\/pages\/975","targetHints":{"allow":["GET"]}}],"collection":[{"href":"https:\/\/logisticanebot.com\/pl\/wp-json\/wp\/v2\/pages"}],"about":[{"href":"https:\/\/logisticanebot.com\/pl\/wp-json\/wp\/v2\/types\/page"}],"author":[{"embeddable":true,"href":"https:\/\/logisticanebot.com\/pl\/wp-json\/wp\/v2\/users\/1"}],"replies":[{"embeddable":true,"href":"https:\/\/logisticanebot.com\/pl\/wp-json\/wp\/v2\/comments?post=975"}],"version-history":[{"count":15,"href":"https:\/\/logisticanebot.com\/pl\/wp-json\/wp\/v2\/pages\/975\/revisions"}],"predecessor-version":[{"id":1311,"href":"https:\/\/logisticanebot.com\/pl\/wp-json\/wp\/v2\/pages\/975\/revisions\/1311"}],"wp:attachment":[{"href":"https:\/\/logisticanebot.com\/pl\/wp-json\/wp\/v2\/media?parent=975"}],"curies":[{"name":"wp","href":"https:\/\/api.w.org\/{rel}","templated":true}]}}