{"id":968,"date":"2025-10-29T08:03:01","date_gmt":"2025-10-29T08:03:01","guid":{"rendered":"https:\/\/logisticanebot.com\/quienes-somos\/"},"modified":"2026-05-05T10:15:49","modified_gmt":"2026-05-05T10:15:49","slug":"kim-jestesmy","status":"publish","type":"page","link":"https:\/\/logisticanebot.com\/pl\/kim-jestesmy\/","title":{"rendered":"Kim jeste\u015bmy"},"content":{"rendered":"\t\t<div data-elementor-type=\"wp-page\" data-elementor-id=\"968\" class=\"elementor elementor-968\">\n\t\t\t\t<div class=\"elementor-element elementor-element-247ef5d e-flex e-con-boxed e-con e-parent\" data-id=\"247ef5d\" data-element_type=\"container\" data-settings=\"{&quot;background_background&quot;:&quot;classic&quot;}\">\n\t\t\t\t\t<div class=\"e-con-inner\">\n\t\t<div class=\"elementor-element elementor-element-bcb773e e-con-full e-flex e-con e-child\" data-id=\"bcb773e\" data-element_type=\"container\">\n\t\t\t\t<div class=\"elementor-element elementor-element-948d161 elementor-widget elementor-widget-heading\" data-id=\"948d161\" data-element_type=\"widget\" data-widget_type=\"heading.default\">\n\t\t\t\t\t<h2 class=\"elementor-heading-title elementor-size-default\">LOGISTICA NEBOT<\/h2>\t\t\t\t<\/div>\n\t\t\t\t<div class=\"elementor-element elementor-element-fb0479a elementor-widget elementor-widget-heading\" data-id=\"fb0479a\" data-element_type=\"widget\" data-widget_type=\"heading.default\">\n\t\t\t\t\t<h2 class=\"elementor-heading-title elementor-size-default\">OD 1970 ROKU<\/h2>\t\t\t\t<\/div>\n\t\t\t\t<div class=\"elementor-element elementor-element-28525f2 elementor-widget elementor-widget-text-editor\" data-id=\"28525f2\" data-element_type=\"widget\" data-widget_type=\"text-editor.default\">\n\t\t\t\t\t\t\t\t\t<p>Salvador Nebot Bienvenida rozpocz\u0105\u0142 swoj\u0105 dzia\u0142alno\u015b\u0107 jako profesjonalista w bran\u017cy transportowej na terenie kraju w 1970 roku, jednak ju\u017c w 1984 roku jego ci\u0119\u017car\u00f3wki dociera\u0142y do ca\u0142ej Castilla i Le\u00f3n z siedziby w Almazora.<\/p><p>Min\u0119\u0142o ponad 40 lat i mimo sta\u0142ego rozwoju oraz d\u0105\u017cenia do wprowadzania w transporcie najnowszych technologii i system\u00f3w pracy, Logistica Nebot nadal pozostaje firm\u0105 rodzinn\u0105, cenion\u0105 i szanowan\u0105 w sektorze transportu i logistyki w Castell\u00f3n.<\/p>\t\t\t\t\t\t\t\t<\/div>\n\t\t\t\t<\/div>\n\t\t\t\t\t<\/div>\n\t\t\t\t<\/div>\n\t\t<div class=\"elementor-element elementor-element-f408a6d e-flex e-con-boxed e-con e-parent\" data-id=\"f408a6d\" data-element_type=\"container\" data-settings=\"{&quot;background_background&quot;:&quot;classic&quot;}\">\n\t\t\t\t\t<div class=\"e-con-inner\">\n\t\t<div class=\"elementor-element elementor-element-81feec9 e-con-full e-flex e-con e-child\" data-id=\"81feec9\" data-element_type=\"container\">\n\t\t\t\t<div class=\"elementor-element elementor-element-b5df5d8 elementor-widget elementor-widget-image\" data-id=\"b5df5d8\" data-element_type=\"widget\" data-widget_type=\"image.default\">\n\t\t\t\t\t\t\t\t\t\t\t\t\t\t\t<img fetchpriority=\"high\" decoding=\"async\" width=\"700\" height=\"500\" src=\"https:\/\/logisticanebot.com\/wp-content\/uploads\/2026\/05\/transportowa-castellon.jpg\" class=\"attachment-large size-large wp-image-1070\" alt=\"transportowa castellon\" srcset=\"https:\/\/logisticanebot.com\/wp-content\/uploads\/2026\/05\/transportowa-castellon.jpg 700w, https:\/\/logisticanebot.com\/wp-content\/uploads\/2026\/05\/transportowa-castellon-300x214.jpg 300w\" sizes=\"(max-width: 700px) 100vw, 700px\" \/>\t\t\t\t\t\t\t\t\t\t\t\t\t\t\t<\/div>\n\t\t\t\t<\/div>\n\t\t<div class=\"elementor-element elementor-element-6b64f03 e-con-full e-flex e-con e-child\" data-id=\"6b64f03\" data-element_type=\"container\">\n\t\t\t\t<div class=\"elementor-element elementor-element-409d125 elementor-widget elementor-widget-heading\" data-id=\"409d125\" data-element_type=\"widget\" data-widget_type=\"heading.default\">\n\t\t\t\t\t<p class=\"elementor-heading-title elementor-size-default\">Ponad 50 lat do\u015bwiadczenia w sektorze transportu<\/p>\t\t\t\t<\/div>\n\t\t\t\t<div class=\"elementor-element elementor-element-bb7f0ba elementor-widget elementor-widget-text-editor\" data-id=\"bb7f0ba\" data-element_type=\"widget\" data-widget_type=\"text-editor.default\">\n\t\t\t\t\t\t\t\t\t<p>Salvador Nebot Bienvenida rozpocz\u0105\u0142 swoj\u0105 dzia\u0142alno\u015b\u0107 jako profesjonalista w bran\u017cy transportowej na terenie kraju w 1970 roku, jednak ju\u017c w 1984 roku jego ci\u0119\u017car\u00f3wki dociera\u0142y do ca\u0142ej Castilla i Le\u00f3n z siedziby w Almazora.<\/p><p>Min\u0119\u0142o ponad 40 lat i mimo sta\u0142ego rozwoju oraz d\u0105\u017cenia do wprowadzania w transporcie najnowszych technologii i system\u00f3w pracy, Logistica Nebot nadal pozostaje firm\u0105 rodzinn\u0105, cenion\u0105 i szanowan\u0105 w sektorze transportu i logistyki w Castell\u00f3n.<\/p>\t\t\t\t\t\t\t\t<\/div>\n\t\t\t\t<\/div>\n\t\t\t\t\t<\/div>\n\t\t\t\t<\/div>\n\t\t<div class=\"elementor-element elementor-element-c7de563 e-flex e-con-boxed e-con e-parent\" data-id=\"c7de563\" data-element_type=\"container\">\n\t\t\t\t\t<div class=\"e-con-inner\">\n\t\t\t\t<div class=\"elementor-element elementor-element-e598632 elementor-widget elementor-widget-heading\" data-id=\"e598632\" data-element_type=\"widget\" data-widget_type=\"heading.default\">\n\t\t\t\t\t<h2 class=\"elementor-heading-title elementor-size-default\">Nasza historia<\/h2>\t\t\t\t<\/div>\n\t\t<div class=\"elementor-element elementor-element-32fd3ad e-con-full e-flex e-con e-child\" data-id=\"32fd3ad\" data-element_type=\"container\">\n\t\t<div class=\"elementor-element elementor-element-aea2846 e-con-full e-flex e-con e-child\" data-id=\"aea2846\" data-element_type=\"container\" data-settings=\"{&quot;background_background&quot;:&quot;classic&quot;}\">\n\t\t\t\t<div class=\"elementor-element elementor-element-5407339 elementor-widget elementor-widget-heading\" data-id=\"5407339\" data-element_type=\"widget\" data-widget_type=\"heading.default\">\n\t\t\t\t\t<h2 class=\"elementor-heading-title elementor-size-default\">1970<\/h2>\t\t\t\t<\/div>\n\t\t\t\t<\/div>\n\t\t<div class=\"elementor-element elementor-element-4084b17 e-con-full e-flex e-con e-child\" data-id=\"4084b17\" data-element_type=\"container\">\n\t\t\t\t<div class=\"elementor-element elementor-element-9b5292a elementor-widget elementor-widget-text-editor\" data-id=\"9b5292a\" data-element_type=\"widget\" data-widget_type=\"text-editor.default\">\n\t\t\t\t\t\t\t\t\t<div class=\"col1 marg_right1\"><p>Historia firmy Transportes Nebot rozpoczyna si\u0119 w 1970 roku, kiedy za\u0142o\u017cyciel, Salvador Nebot Bienvenida, zaczyna dzia\u0142alno\u015b\u0107 w sektorze transportu jako osoba samozatrudniona.<\/p><p>Dzi\u0119ki du\u017cemu wysi\u0142kowi i zaanga\u017cowaniu \u015bwiadczy us\u0142ugi dla ma\u0142ych firm w prowincji Castell\u00f3n, stopniowo toruj\u0105c drog\u0119 i zdobywaj\u0105c do\u015bwiadczenie pod przysz\u0142y projekt biznesowy.<\/p><\/div>\t\t\t\t\t\t\t\t<\/div>\n\t\t\t\t<\/div>\n\t\t\t\t<\/div>\n\t\t<div class=\"elementor-element elementor-element-55bcec2 e-con-full e-flex e-con e-child\" data-id=\"55bcec2\" data-element_type=\"container\">\n\t\t<div class=\"elementor-element elementor-element-2b6d074 e-con-full e-flex e-con e-child\" data-id=\"2b6d074\" data-element_type=\"container\" data-settings=\"{&quot;background_background&quot;:&quot;classic&quot;}\">\n\t\t\t\t<div class=\"elementor-element elementor-element-1e9fc6c elementor-widget elementor-widget-heading\" data-id=\"1e9fc6c\" data-element_type=\"widget\" data-widget_type=\"heading.default\">\n\t\t\t\t\t<h2 class=\"elementor-heading-title elementor-size-default\">1994<\/h2>\t\t\t\t<\/div>\n\t\t\t\t<\/div>\n\t\t<div class=\"elementor-element elementor-element-e64a67a e-con-full e-flex e-con e-child\" data-id=\"e64a67a\" data-element_type=\"container\">\n\t\t\t\t<div class=\"elementor-element elementor-element-85cfb2f elementor-widget elementor-widget-text-editor\" data-id=\"85cfb2f\" data-element_type=\"widget\" data-widget_type=\"text-editor.default\">\n\t\t\t\t\t\t\t\t\t<div class=\"col1 marg_right1\">\n\nZ okazji 25 lat do\u015bwiadczenia w bran\u017cy zostaje za\u0142o\u017cona sp\u00f3\u0142ka Transportes Nebot S.L. W tym czasie du\u017ce firmy z prowincji Castell\u00f3n zaczynaj\u0105 ufa\u0107 us\u0142ugom tej firmy, kt\u00f3ra rozpoczyna dzia\u0142alno\u015b\u0107 jako sp\u00f3\u0142ka z w\u0142asn\u0105 flot\u0105 czterech ci\u0119\u017car\u00f3wek.\n\n<\/div>\t\t\t\t\t\t\t\t<\/div>\n\t\t\t\t<\/div>\n\t\t\t\t<\/div>\n\t\t<div class=\"elementor-element elementor-element-ea1ee25 e-con-full e-flex e-con e-child\" data-id=\"ea1ee25\" data-element_type=\"container\">\n\t\t<div class=\"elementor-element elementor-element-fb4486a e-con-full e-flex e-con e-child\" data-id=\"fb4486a\" data-element_type=\"container\" data-settings=\"{&quot;background_background&quot;:&quot;classic&quot;}\">\n\t\t\t\t<div class=\"elementor-element elementor-element-5d82649 elementor-widget elementor-widget-heading\" data-id=\"5d82649\" data-element_type=\"widget\" data-widget_type=\"heading.default\">\n\t\t\t\t\t<h2 class=\"elementor-heading-title elementor-size-default\">2001<\/h2>\t\t\t\t<\/div>\n\t\t\t\t<\/div>\n\t\t<div class=\"elementor-element elementor-element-130a396 e-con-full e-flex e-con e-child\" data-id=\"130a396\" data-element_type=\"container\">\n\t\t\t\t<div class=\"elementor-element elementor-element-b081d1f elementor-widget elementor-widget-text-editor\" data-id=\"b081d1f\" data-element_type=\"widget\" data-widget_type=\"text-editor.default\">\n\t\t\t\t\t\t\t\t\t<div class=\"col1 marg_right1\"><p>Rozw\u00f3j Transportes Nebot S.L. staje si\u0119 faktem. W 2001 roku firma dysponuje flot\u0105 oko\u0142o dwudziestu w\u0142asnych pojazd\u00f3w i wprowadza us\u0142ug\u0119 magazynu logistycznego, otwieraj\u0105c nowe obiekty o powierzchni ponad 7000 metr\u00f3w kwadratowych przeznaczonych do magazynowania, parkowania floty oraz warsztatu mechanicznego.<\/p><p>Transportes Nebot S.L. jest ju\u017c ugruntowan\u0105 firm\u0105 w sektorze w prowincji Castell\u00f3n i rozwija si\u0119 dalej w ramach projektu ekspansji krajowej.<\/p><\/div>\t\t\t\t\t\t\t\t<\/div>\n\t\t\t\t<\/div>\n\t\t\t\t<\/div>\n\t\t<div class=\"elementor-element elementor-element-4803dc0 e-con-full e-flex e-con e-child\" data-id=\"4803dc0\" data-element_type=\"container\">\n\t\t<div class=\"elementor-element elementor-element-b5bc42f e-con-full e-flex e-con e-child\" data-id=\"b5bc42f\" data-element_type=\"container\" data-settings=\"{&quot;background_background&quot;:&quot;classic&quot;}\">\n\t\t\t\t<div class=\"elementor-element elementor-element-5173b75 elementor-widget elementor-widget-heading\" data-id=\"5173b75\" data-element_type=\"widget\" data-widget_type=\"heading.default\">\n\t\t\t\t\t<h2 class=\"elementor-heading-title elementor-size-default\">2007<\/h2>\t\t\t\t<\/div>\n\t\t\t\t<\/div>\n\t\t<div class=\"elementor-element elementor-element-aa00969 e-con-full e-flex e-con e-child\" data-id=\"aa00969\" data-element_type=\"container\">\n\t\t\t\t<div class=\"elementor-element elementor-element-57bf5d5 elementor-widget elementor-widget-text-editor\" data-id=\"57bf5d5\" data-element_type=\"widget\" data-widget_type=\"text-editor.default\">\n\t\t\t\t\t\t\t\t\t<div class=\"col1 marg_right1\"><p>Log\u00edstica Nebot S.L. powstaje w wyniku zmiany pokoleniowej w firmie, kt\u00f3ra przechodzi pod kierownictwo Alberto Nebota, syna za\u0142o\u017cyciela.<\/p><p>Wraz z t\u0105 zmian\u0105 nast\u0119puje dostosowanie floty do nowych europejskich przepis\u00f3w poprzez instalacj\u0119 GPS i systemu monitoringu satelitarnego. Dodatkowo firma nabywa nowe pojazdy do transportu \u0142adunk\u00f3w ci\u0119\u017ckich.<\/p><p>Ponadto projekt internacjonalizacji staje si\u0119 faktem dzi\u0119ki uruchomieniu tras do Portugalii i Maroka.<\/p><\/div>\t\t\t\t\t\t\t\t<\/div>\n\t\t\t\t<\/div>\n\t\t\t\t<\/div>\n\t\t<div class=\"elementor-element elementor-element-c39fec8 e-con-full e-flex e-con e-child\" data-id=\"c39fec8\" data-element_type=\"container\">\n\t\t<div class=\"elementor-element elementor-element-4d6c320 e-con-full e-flex e-con e-child\" data-id=\"4d6c320\" data-element_type=\"container\" data-settings=\"{&quot;background_background&quot;:&quot;classic&quot;}\">\n\t\t\t\t<div class=\"elementor-element elementor-element-e91674c elementor-widget elementor-widget-heading\" data-id=\"e91674c\" data-element_type=\"widget\" data-widget_type=\"heading.default\">\n\t\t\t\t\t<h2 class=\"elementor-heading-title elementor-size-default\">2025<\/h2>\t\t\t\t<\/div>\n\t\t\t\t<\/div>\n\t\t<div class=\"elementor-element elementor-element-1bfd977 e-con-full e-flex e-con e-child\" data-id=\"1bfd977\" data-element_type=\"container\">\n\t\t\t\t<div class=\"elementor-element elementor-element-d493764 elementor-widget elementor-widget-text-editor\" data-id=\"d493764\" data-element_type=\"widget\" data-widget_type=\"text-editor.default\">\n\t\t\t\t\t\t\t\t\t<div class=\"col1 marg_right1\"><p>Log\u00edstica Nebot S.L. powstaje w wyniku zmiany pokoleniowej w firmie, kt\u00f3ra przechodzi pod kierownictwo Alberto Nebota, syna za\u0142o\u017cyciela.<\/p><p>Wraz z t\u0105 zmian\u0105 nast\u0119puje dostosowanie floty do nowych europejskich przepis\u00f3w poprzez instalacj\u0119 GPS i systemu monitoringu satelitarnego. Dodatkowo firma nabywa nowe pojazdy do transportu \u0142adunk\u00f3w ci\u0119\u017ckich.<br \/><br \/>Ponadto projekt internacjonalizacji staje si\u0119 faktem dzi\u0119ki uruchomieniu tras do Portugalii i Maroka.<\/p><\/div>\t\t\t\t\t\t\t\t<\/div>\n\t\t\t\t<\/div>\n\t\t\t\t<\/div>\n\t\t\t\t\t<\/div>\n\t\t\t\t<\/div>\n\t\t<div class=\"elementor-element elementor-element-62473db e-flex e-con-boxed e-con e-parent\" data-id=\"62473db\" data-element_type=\"container\" data-settings=\"{&quot;background_background&quot;:&quot;classic&quot;}\">\n\t\t\t\t\t<div class=\"e-con-inner\">\n\t\t\t\t<div class=\"elementor-element elementor-element-af24e1b elementor-widget elementor-widget-heading\" data-id=\"af24e1b\" data-element_type=\"widget\" data-widget_type=\"heading.default\">\n\t\t\t\t\t<h2 class=\"elementor-heading-title elementor-size-default\">Znak jako\u015bci QAP<\/h2>\t\t\t\t<\/div>\n\t\t\t\t<div class=\"elementor-element elementor-element-6646896 elementor-widget elementor-widget-heading\" data-id=\"6646896\" data-element_type=\"widget\" data-widget_type=\"heading.default\">\n\t\t\t\t\t<p class=\"elementor-heading-title elementor-size-default\">DOWODZIMY NASZEGO ZAANGA\u017bOWANIA I BLISKO\u015aCI<\/p>\t\t\t\t<\/div>\n\t\t<div class=\"elementor-element elementor-element-25e8b9c e-con-full e-flex e-con e-child\" data-id=\"25e8b9c\" data-element_type=\"container\">\n\t\t<div class=\"elementor-element elementor-element-a85516f e-con-full e-flex e-con e-child\" data-id=\"a85516f\" data-element_type=\"container\">\n\t\t\t\t<div class=\"elementor-element elementor-element-242eeb3 elementor-widget elementor-widget-image\" data-id=\"242eeb3\" data-element_type=\"widget\" data-widget_type=\"image.default\">\n\t\t\t\t\t\t\t\t\t\t\t\t\t\t\t<img decoding=\"async\" width=\"114\" height=\"46\" src=\"https:\/\/logisticanebot.com\/wp-content\/uploads\/2026\/05\/jakosc.gif\" class=\"attachment-large size-large wp-image-1076\" alt=\"jako\u015b\u0107\" \/>\t\t\t\t\t\t\t\t\t\t\t\t\t\t\t<\/div>\n\t\t\t\t<\/div>\n\t\t<div class=\"elementor-element elementor-element-5ab9493 e-con-full e-flex e-con e-child\" data-id=\"5ab9493\" data-element_type=\"container\">\n\t\t\t\t<div class=\"elementor-element elementor-element-18885db elementor-widget elementor-widget-text-editor\" data-id=\"18885db\" data-element_type=\"widget\" data-widget_type=\"text-editor.default\">\n\t\t\t\t\t\t\t\t\tLogistica Nebot, S.L.U. posiada znak jako\u015bci QAP, co oznacza, \u017ce jest firm\u0105 certyfikowan\u0105 w ramach Wtransnet, kt\u00f3ra przesz\u0142a kontrole wiarygodno\u015bci i wyp\u0142acalno\u015bci oraz dodatkowo zobowi\u0105za\u0142a si\u0119 do przestrzegania zasad obowi\u0105zuj\u0105cych w spo\u0142eczno\u015bci.\t\t\t\t\t\t\t\t<\/div>\n\t\t\t\t<\/div>\n\t\t\t\t<\/div>\n\t\t\t\t\t<\/div>\n\t\t\t\t<\/div>\n\t\t<div class=\"elementor-element elementor-element-a069de0 e-flex e-con-boxed e-con e-parent\" data-id=\"a069de0\" data-element_type=\"container\" data-settings=\"{&quot;background_background&quot;:&quot;classic&quot;}\">\n\t\t\t\t\t<div class=\"e-con-inner\">\n\t\t<div class=\"elementor-element elementor-element-7a80501 e-con-full e-flex e-con e-child\" data-id=\"7a80501\" data-element_type=\"container\">\n\t\t\t\t<div class=\"elementor-element elementor-element-3dafedc elementor-widget elementor-widget-heading\" data-id=\"3dafedc\" data-element_type=\"widget\" data-widget_type=\"heading.default\">\n\t\t\t\t\t<h2 class=\"elementor-heading-title elementor-size-default\">TRASY KRAJOWE CASTELL\u00d3N \u2013 CASTILLA Y LE\u00d3N<\/h2>\t\t\t\t<\/div>\n\t\t\t\t<div class=\"elementor-element elementor-element-c1e4410 elementor-widget elementor-widget-heading\" data-id=\"c1e4410\" data-element_type=\"widget\" data-widget_type=\"heading.default\">\n\t\t\t\t\t<p class=\"elementor-heading-title elementor-size-default\">Dok\u0105d tylko chcesz dotrze\u0107<\/p>\t\t\t\t<\/div>\n\t\t\t\t<div class=\"elementor-element elementor-element-a961bea elementor-widget elementor-widget-text-editor\" data-id=\"a961bea\" data-element_type=\"widget\" data-widget_type=\"text-editor.default\">\n\t\t\t\t\t\t\t\t\tJe\u015bli potrzebujesz przetransportowa\u0107 swoje towary, w Log\u00edstica Nebot dysponujemy szerok\u0105 flot\u0105 do transportu ci\u0119\u017ckiego, produkt\u00f3w spo\u017cywczych i wielu innych \u0142adunk\u00f3w. Popro\u015b o niezobowi\u0105zuj\u0105c\u0105 wycen\u0119.\t\t\t\t\t\t\t\t<\/div>\n\t\t\t\t<div class=\"elementor-element elementor-element-514bddd elementor-mobile-align-center elementor-widget elementor-widget-button\" data-id=\"514bddd\" data-element_type=\"widget\" data-widget_type=\"button.default\">\n\t\t\t\t\t\t\t\t\t\t<a class=\"elementor-button elementor-button-link elementor-size-sm\" href=\"\/pl\/kontakt\/\">\n\t\t\t\t\t\t<span class=\"elementor-button-content-wrapper\">\n\t\t\t\t\t\t<span class=\"elementor-button-icon\">\n\t\t\t\t<svg aria-hidden=\"true\" class=\"e-font-icon-svg e-fas-arrow-right\" viewBox=\"0 0 448 512\" xmlns=\"http:\/\/www.w3.org\/2000\/svg\"><path d=\"M190.5 66.9l22.2-22.2c9.4-9.4 24.6-9.4 33.9 0L441 239c9.4 9.4 9.4 24.6 0 33.9L246.6 467.3c-9.4 9.4-24.6 9.4-33.9 0l-22.2-22.2c-9.5-9.5-9.3-25 .4-34.3L311.4 296H24c-13.3 0-24-10.7-24-24v-32c0-13.3 10.7-24 24-24h287.4L190.9 101.2c-9.8-9.3-10-24.8-.4-34.3z\"><\/path><\/svg>\t\t\t<\/span>\n\t\t\t\t\t\t\t\t\t<span class=\"elementor-button-text\">POPRO\u015a O WYCEN\u0118<\/span>\n\t\t\t\t\t<\/span>\n\t\t\t\t\t<\/a>\n\t\t\t\t\t\t\t\t<\/div>\n\t\t\t\t<\/div>\n\t\t\t\t\t<\/div>\n\t\t\t\t<\/div>\n\t\t\t\t<\/div>\n\t\t","protected":false},"excerpt":{"rendered":"<p>LOGISTICA NEBOT OD 1970 ROKU Salvador Nebot Bienvenida rozpocz\u0105\u0142 swoj\u0105 dzia\u0142alno\u015b\u0107 jako profesjonalista w bran\u017cy transportowej na terenie kraju w 1970 roku, jednak ju\u017c w 1984 roku jego ci\u0119\u017car\u00f3wki dociera\u0142y do ca\u0142ej Castilla i Le\u00f3n z siedziby w Almazora. Min\u0119\u0142o ponad 40 lat i mimo sta\u0142ego rozwoju oraz d\u0105\u017cenia do wprowadzania w transporcie najnowszych technologii [&hellip;]<\/p>\n","protected":false},"author":1,"featured_media":0,"parent":0,"menu_order":0,"comment_status":"closed","ping_status":"closed","template":"","meta":{"_joinchat":[],"footnotes":""},"class_list":["post-968","page","type-page","status-publish","hentry"],"aioseo_notices":[],"_links":{"self":[{"href":"https:\/\/logisticanebot.com\/pl\/wp-json\/wp\/v2\/pages\/968","targetHints":{"allow":["GET"]}}],"collection":[{"href":"https:\/\/logisticanebot.com\/pl\/wp-json\/wp\/v2\/pages"}],"about":[{"href":"https:\/\/logisticanebot.com\/pl\/wp-json\/wp\/v2\/types\/page"}],"author":[{"embeddable":true,"href":"https:\/\/logisticanebot.com\/pl\/wp-json\/wp\/v2\/users\/1"}],"replies":[{"embeddable":true,"href":"https:\/\/logisticanebot.com\/pl\/wp-json\/wp\/v2\/comments?post=968"}],"version-history":[{"count":21,"href":"https:\/\/logisticanebot.com\/pl\/wp-json\/wp\/v2\/pages\/968\/revisions"}],"predecessor-version":[{"id":1308,"href":"https:\/\/logisticanebot.com\/pl\/wp-json\/wp\/v2\/pages\/968\/revisions\/1308"}],"wp:attachment":[{"href":"https:\/\/logisticanebot.com\/pl\/wp-json\/wp\/v2\/media?parent=968"}],"curies":[{"name":"wp","href":"https:\/\/api.w.org\/{rel}","templated":true}]}}