{"id":961,"date":"2025-10-27T10:04:38","date_gmt":"2025-10-27T10:04:38","guid":{"rendered":"https:\/\/logisticanebot.com\/politica-de-privacidad\/"},"modified":"2026-05-04T09:51:02","modified_gmt":"2026-05-04T09:51:02","slug":"polityka-prywatnosci","status":"publish","type":"page","link":"https:\/\/logisticanebot.com\/pl\/polityka-prywatnosci\/","title":{"rendered":"Polityka prywatno\u015bci"},"content":{"rendered":"\t\t<div data-elementor-type=\"wp-page\" data-elementor-id=\"961\" class=\"elementor elementor-961\">\n\t\t\t\t<div class=\"elementor-element elementor-element-2de3bd98 e-flex e-con-boxed e-con e-parent\" data-id=\"2de3bd98\" data-element_type=\"container\">\n\t\t\t\t\t<div class=\"e-con-inner\">\n\t\t\t\t<div class=\"elementor-element elementor-element-6f574eb elementor-widget elementor-widget-text-editor\" data-id=\"6f574eb\" data-element_type=\"widget\" data-widget_type=\"text-editor.default\">\n\t\t\t\t\t\t\t\t\t<h1><strong><u>POLITYKA PRYWATNO\u015aCI<\/u><\/strong><\/h1><p><strong>WPROWADZENIE<\/strong><\/p><p>Niniejsz\u0105 polityk\u0105 informujemy u\u017cytkownik\u00f3w o danych, kt\u00f3re gromadzimy, a tak\u017ce o sposobie ich wykorzystywania i celu, w jakim je przetwarzamy. W tym zakresie informujemy, \u017ce nigdy nie b\u0119dziemy \u017c\u0105da\u0107 wi\u0119cej informacji, ni\u017c rzeczywi\u015bcie potrzebujemy do \u015bwiadczenia wymaganych us\u0142ug; informacje te nie b\u0119d\u0105 udost\u0119pniane osobom trzecim, z wyj\u0105tkiem obowi\u0105zku prawnego lub po uprzednim uzyskaniu wyra\u017anej zgody. Ponadto nigdy nie b\u0119dziemy wykorzystywa\u0107 danych, kt\u00f3re mog\u0105 nam Pa\u0144stwo przekaza\u0107, do celu innego ni\u017c wskazany. Obowi\u0105zkiem u\u017cytkownika niniejszej strony internetowej jest dok\u0142adne przeczytanie i stosowanie si\u0119 do postanowie\u0144 niniejszej polityki prywatno\u015bci, zar\u00f3wno przy pierwszym dost\u0119pie do tej strony, jak i w przypadku ponownego wprowadzania nowych danych osobowych, poniewa\u017c niniejsze informacje mog\u0105 ulega\u0107 zmianom w celu dostosowania do obowi\u0105zuj\u0105cych przepis\u00f3w oraz ich ewentualnych aktualizacji, bez obowi\u0105zku wcze\u015bniejszego powiadamiania lub informowania u\u017cytkownik\u00f3w o tych zmianach, przy czym wystarczaj\u0105ce b\u0119dzie opublikowanie ich na stronie internetowej us\u0142ugodawcy.<\/p><p><strong>ADMINISTRATOR DANYCH<\/strong><\/p><ul><li><strong>Nazwa lub firma:<\/strong> Logistica Nebot, S.L.U.<\/li><li><strong>NIF:<\/strong> B12853875<\/li><li><strong>Adres pocztowy:<\/strong> C\/ San Roque, 39 Ludiente 12123 Castellon<\/li><li><strong>Adres e-mail: <\/strong>alberto@logisticanebot.com<\/li><\/ul><p>\u00a0<\/p><p>Logistica Nebot, S.L.U., jako administrator strony internetowej, zgodnie z Rozporz\u0105dzeniem (UE) 2016\/679 z dnia 27 kwietnia 2016 r. (RODO) dotycz\u0105cym ochrony os\u00f3b fizycznych w zwi\u0105zku z przetwarzaniem danych osobowych i swobodnym przep\u0142ywem tych danych oraz z innymi obowi\u0105zuj\u0105cymi przepisami w zakresie ochrony danych osobowych, a tak\u017ce z ustaw\u0105 34\/2002 z dnia 11 lipca o us\u0142ugach spo\u0142ecze\u0144stwa informacyjnego i handlu elektronicznym (LSSICE), informuje, \u017ce wdro\u017cono niezb\u0119dne \u015brodki bezpiecze\u0144stwa, o charakterze technicznym i organizacyjnym, w celu zagwarantowania i ochrony poufno\u015bci, integralno\u015bci oraz dost\u0119pno\u015bci wprowadzonych danych.<\/p><p><strong>POZYSKIWANIE I RODZAJ DANYCH<\/strong><\/p><p>Dane, kt\u00f3re gromadzimy, to dane, kt\u00f3re u\u017cytkownik strony przekazuje nam dobrowolnie, oraz te, kt\u00f3re s\u0105 niezb\u0119dne, aby m\u00f3c \u015bwiadczy\u0107 wymagane us\u0142ugi. Spos\u00f3b ich pozyskania odbywa si\u0119 poprzez wype\u0142nienie formularza kontaktowego lub poprzez us\u0142ugi newslettera, kt\u00f3re w danym przypadku mo\u017cemy oferowa\u0107. Rodzaj takich danych b\u0119dzie zatem obejmowa\u0142 imi\u0119 i nazwisko, numer dowodu osobistego, telefon, dane zawodowe, dane bankowe (w celu dokonania ewentualnej p\u0142atno\u015bci) itp. W tym zakresie informujemy, \u017ce tego rodzaju dane nie nale\u017c\u0105 do kategorii danych szczeg\u00f3lnie chronionych.<\/p><p><strong>CEL PRZETWARZANIA<\/strong><\/p><p>Pa\u0144stwa dane osobowe b\u0119d\u0105 wykorzystywane wy\u0142\u0105cznie do cel\u00f3w wskazanych poni\u017cej, przy czym wyra\u017caj\u0105 Pa\u0144stwo zgod\u0119 na ka\u017cdy z tych cel\u00f3w w odpowiedniej sekcji strony internetowej: W przypadku wype\u0142nienia formularza kontaktowego celem przetwarzania jest obs\u0142uga mo\u017cliwych zapyta\u0144 lub udzielenie wymaganych informacji. W przypadku wype\u0142nienia formularza subskrypcji newslettera celem jest przesy\u0142anie wszelkich odpowiednich komunikat\u00f3w lub reklam, o ile u\u017cytkownik wyra\u017anie zaakceptowa\u0142 taki spos\u00f3b wysy\u0142ki. Informujemy, \u017ce w ka\u017cdej chwili mog\u0105 Pa\u0144stwo cofn\u0105\u0107 udzielon\u0105 zgod\u0119. W tym celu nale\u017cy wys\u0142a\u0107 wiadomo\u015b\u0107 e-mail na adres <a href=\"mailto:administracion@mlgcastellon.com\">administracion@mlgcastellon.com<\/a> informuj\u0105c o cofni\u0119ciu zgody. W tym zakresie informujemy, \u017ce Logistica Nebot, S.L.U. nie prowadzi praktyk SPAM, to znaczy nigdy nie wysy\u0142amy wiadomo\u015bci handlowych, je\u017celi wcze\u015bniej nie zosta\u0142y one wyra\u017anie zam\u00f3wione przez samego u\u017cytkownika. Informujemy, \u017ce nie b\u0119dziemy przetwarza\u0107 Pa\u0144stwa danych osobowych w \u017cadnym innym celu ni\u017c opisane powy\u017cej, z wyj\u0105tkiem obowi\u0105zku prawnego lub wezwania s\u0105dowego.<\/p><p><strong>PODSTAWA PRAWNA PRZETWARZANIA<\/strong><\/p><p>Podstaw\u0105 prawn\u0105 przetwarzania danych jest wyra\u017ana zgoda, kt\u00f3rej u\u017cytkownik udziela w momencie wype\u0142nienia odpowiedniego formularza, aby m\u00f3c otrzyma\u0107 \u017c\u0105dane informacje. Je\u017celi u\u017cytkownik nie poda danych ani zgody, uniemo\u017cliwi to osi\u0105gni\u0119cie wcze\u015bniej opisanych cel\u00f3w. W przypadkach, gdy pomi\u0119dzy stronami istnieje stosunek umowny, podstaw\u0105 prawn\u0105 do realizacji wynikaj\u0105cych z niego obowi\u0105zk\u00f3w b\u0119dzie istnienie relacji handlowej ustanowionej mi\u0119dzy stronami. Oferta prospektywna lub handlowa produkt\u00f3w i us\u0142ug opiera si\u0119 na zgodzie, o kt\u00f3r\u0105 si\u0119 prosi, przy czym w \u017cadnym wypadku cofni\u0119cie tej zgody nie warunkuje wykonania umowy subskrypcyjnej.<\/p><p><strong>OKRES PRZECHOWYWANIA DANYCH:<\/strong><\/p><p>Pa\u0144stwa dane b\u0119d\u0105 przechowywane tak d\u0142ugo, jak trwa relacja handlowa z nami lub do momentu skorzystania z prawa do ich usuni\u0119cia, sprzeciwu lub ograniczenia przetwarzania. Ponadto b\u0119dziemy przechowywa\u0107 Pa\u0144stwa dane przez okresy przewidziane prawem w obowi\u0105zuj\u0105cych przepisach.<\/p><p><strong>ODBIORCY PRZEKAZANIA LUB TRANSFERU DANYCH<\/strong><\/p><p>Informujemy, \u017ce nie dokonujemy cesji, udost\u0119pniania ani transferu przekazanych nam danych osobowych do \u017cadnego pa\u0144stwa ani osobom trzecim. Takie dane zostan\u0105 przekazane wy\u0142\u0105cznie na podstawie nakazu s\u0105dowego lub zgodnie z przepisami prawa. Przekazane informacje b\u0119d\u0105 wy\u0142\u0105cznie tymi, kt\u00f3rymi dysponuje w danym momencie us\u0142ugodawca.<\/p><p><strong>PRAWA OS\u00d3B, KT\u00d3RYCH DANE DOTYCZ\u0104<\/strong><\/p><p>Jako osoba, kt\u00f3rej dane dotycz\u0105, przys\u0142uguj\u0105 Pa\u0144stwu nast\u0119puj\u0105ce prawa, zgodnie z Og\u00f3lnym rozporz\u0105dzeniem o ochronie danych (RODO):<\/p><ul><li>Art. 15 RODO, prawo do uzyskania, w zakresie tam wskazanym, informacji o dotycz\u0105cych Pa\u0144stwa danych osobowych, kt\u00f3re przetwarzamy;<\/li><li>Art. 16 RODO, prawo do uzyskania bez zb\u0119dnej zw\u0142oki sprostowania lub uzupe\u0142nienia dotycz\u0105cych Pa\u0144stwa danych osobowych;<\/li><li>Art. 17 RODO, prawo do uzyskania usuni\u0119cia dotycz\u0105cych Pa\u0144stwa danych osobowych, o ile przetwarzanie nie jest niezb\u0119dne:<ul><li>do korzystania z prawa do wolno\u015bci wypowiedzi i informacji,<\/li><li>do wype\u0142nienia obowi\u0105zku prawnego,<\/li><li>ze wzgl\u0119d\u00f3w interesu publicznego, lub<\/li><li>do ustalenia, dochodzenia lub obrony roszcze\u0144;<\/li><\/ul><\/li><li>Art. 18 RODO, prawo do uzyskania ograniczenia przetwarzania Pa\u0144stwa danych, gdy<ul><li>osoba, kt\u00f3rej dane dotycz\u0105, kwestionuje prawid\u0142owo\u015b\u0107 danych,<\/li><li>przetwarzanie jest niezgodne z prawem i sprzeciwiaj\u0105 si\u0119 Pa\u0144stwo usuni\u0119ciu danych,<\/li><li>nie potrzebujemy ju\u017c danych, ale s\u0105 one Pa\u0144stwu potrzebne do ustalenia, dochodzenia lub obrony roszcze\u0144, lub<\/li><li>wnie\u015bli Pa\u0144stwo sprzeciw wobec przetwarzania na podstawie art. 21 RODO;<\/li><\/ul><\/li><li>Art. 20 RODO, prawo do otrzymania dotycz\u0105cych Pa\u0144stwa danych osobowych, kt\u00f3re nam Pa\u0144stwo przekazali, w ustrukturyzowanym, powszechnie u\u017cywanym i nadaj\u0105cym si\u0119 do odczytu maszynowego formacie, lub do \u017c\u0105dania ich przes\u0142ania innemu administratorowi;<\/li><li>Art. 77 RODO, prawo do wniesienia skargi do organu nadzorczego.<\/li><\/ul><p>Co do zasady mog\u0105 si\u0119 Pa\u0144stwo w tym celu zwr\u00f3ci\u0107 do organu nadzorczego w\u0142a\u015bciwego dla miejsca Pa\u0144stwa zwyk\u0142ego pobytu lub pracy albo siedziby naszej firmy.<\/p><p><strong>W Hiszpanii:<\/strong><\/p><ul><li>Agencia Espa\u00f1ola de Protecci\u00f3n de Datos (AEPD)<\/li><li>Calle Jorge Juan, n\u00ba6<\/li><li>28001-Madrid<\/li><li>Telefon 901 100 099<\/li><li>https:\/\/www.aepd.es\/<\/li><\/ul><p>Jako u\u017cytkownik ma Pan\/Pani prawo w ka\u017cdej chwili wycofa\u0107 udzielon\u0105 zgod\u0119. Cofni\u0119cie zgody nie b\u0119dzie mia\u0142o wp\u0142ywu na zgodno\u015b\u0107 z prawem przetwarzania dokonanego przed cofni\u0119ciem zgody.<\/p><p><strong>\u015aRODKI BEZPIECZE\u0143STWA<\/strong><\/p><p>Dane, kt\u00f3re nam Pa\u0144stwo przekazuj\u0105, b\u0119d\u0105 traktowane z zachowaniem pe\u0142nej poufno\u015bci. Na portalu internetowym wdro\u017cono wszystkie techniczne i organizacyjne \u015brodki oraz wszystkie poziomy ochrony niezb\u0119dne do zagwarantowania bezpiecze\u0144stwa przetwarzania danych i zapobie\u017cenia ich zmianie, utracie, kradzie\u017cy, przetwarzaniu lub nieuprawnionemu dost\u0119powi, zgodnie ze stanem techniki oraz charakterem przechowywanych danych. Jednocze\u015bnie gwarantuje si\u0119 r\u00f3wnie\u017c, \u017ce przetwarzanie i rejestracja w plikach, programach, systemach lub urz\u0105dzeniach, lokalach i centrach spe\u0142niaj\u0105 wymagania i warunki integralno\u015bci i bezpiecze\u0144stwa ustanowione w obowi\u0105zuj\u0105cych przepisach.<\/p><p><strong>MEDIA SPO\u0141ECZNO\u015aCIOWE<\/strong><\/p><p>Informujemy, \u017ce Logistica Nebot, S.L.U. mo\u017ce by\u0107 obecna w mediach spo\u0142eczno\u015bciowych. Przetwarzanie danych os\u00f3b, kt\u00f3re staj\u0105 si\u0119 obserwuj\u0105cymi w mediach spo\u0142eczno\u015bciowych (i\/lub podejmuj\u0105 jakiekolwiek dzia\u0142anie lub po\u0142\u0105czenie za po\u015brednictwem medi\u00f3w spo\u0142eczno\u015bciowych) oficjalnych stron tego portalu internetowego, b\u0119dzie regulowane niniejszym punktem, a tak\u017ce warunkami u\u017cytkowania, politykami prywatno\u015bci i zasadami dost\u0119pu nale\u017c\u0105cymi do odpowiedniego serwisu spo\u0142eczno\u015bciowego, obowi\u0105zuj\u0105cymi w ka\u017cdym przypadku i wcze\u015bniej zaakceptowanymi przez u\u017cytkownika. Informujemy, \u017ce b\u0119dziemy przetwarza\u0107 Pa\u0144stwa dane w celu prawid\u0142owego zarz\u0105dzania obecno\u015bci\u0105 w mediach spo\u0142eczno\u015bciowych, informowania o aktywno\u015bciach, produktach lub us\u0142ugach us\u0142ugodawcy, jak r\u00f3wnie\u017c w ka\u017cdym innym celu dozwolonym przez regulaminy medi\u00f3w spo\u0142eczno\u015bciowych. Bezwzgl\u0119dnie zabronione jest publikowanie tre\u015bci niezgodnych z obowi\u0105zuj\u0105cymi przepisami, tre\u015bci sprzecznych z dobr\u0105 praktyk\u0105 handlow\u0105 lub dobr\u0105 wiar\u0105, a tak\u017ce tre\u015bci naruszaj\u0105cych podstawowe prawa os\u00f3b fizycznych, w tym wszelkich tre\u015bci, kt\u00f3re w\u0142a\u015bciciel tego portalu uzna za nieodpowiednie. W tym zakresie informujemy, \u017ce zastrzegamy sobie prawo do usuni\u0119cia, bez wcze\u015bniejszego powiadomienia, wszelkich tre\u015bci, kt\u00f3re mog\u0105 by\u0107 nieodpowiednie.<\/p><p><strong>ZMIANY NINIEJSZEJ POLITYKI PRYWATNO\u015aCI<\/strong><\/p><p>W\u0142a\u015bciciel niniejszego portalu internetowego zastrzega sobie prawo do zmiany niniejszej polityki w celu dostosowania jej do zmian legislacyjnych lub orzeczniczych.<\/p><p><strong>ODWO\u0141ALNO\u015a\u0106<\/strong><\/p><p>Zgoda udzielona przez u\u017cytkownika mo\u017ce zosta\u0107 odwo\u0142ana w dowolnym momencie, w spos\u00f3b opisany powy\u017cej. Odwo\u0142anie to b\u0119dzie skuteczne od chwili jego prawid\u0142owego otrzymania przez w\u0142a\u015bciciela portalu internetowego.<\/p><p><strong>PRZEPISY PRAWNE<\/strong><\/p><p>Wszelkie relacje i warunki dotycz\u0105ce niniejszej strony internetowej podlegaj\u0105 prawu hiszpa\u0144skiemu.<\/p>\t\t\t\t\t\t\t\t<\/div>\n\t\t\t\t\t<\/div>\n\t\t\t\t<\/div>\n\t\t\t\t<\/div>\n\t\t","protected":false},"excerpt":{"rendered":"<p>POLITYKA PRYWATNO\u015aCI WPROWADZENIE Niniejsz\u0105 polityk\u0105 informujemy u\u017cytkownik\u00f3w o danych, kt\u00f3re gromadzimy, a tak\u017ce o sposobie ich wykorzystywania i celu, w jakim je przetwarzamy. W tym zakresie informujemy, \u017ce nigdy nie b\u0119dziemy \u017c\u0105da\u0107 wi\u0119cej informacji, ni\u017c rzeczywi\u015bcie potrzebujemy do \u015bwiadczenia wymaganych us\u0142ug; informacje te nie b\u0119d\u0105 udost\u0119pniane osobom trzecim, z wyj\u0105tkiem obowi\u0105zku prawnego lub po uprzednim [&hellip;]<\/p>\n","protected":false},"author":1,"featured_media":0,"parent":0,"menu_order":0,"comment_status":"closed","ping_status":"closed","template":"","meta":{"_joinchat":[],"footnotes":""},"class_list":["post-961","page","type-page","status-publish","hentry"],"aioseo_notices":[],"_links":{"self":[{"href":"https:\/\/logisticanebot.com\/pl\/wp-json\/wp\/v2\/pages\/961","targetHints":{"allow":["GET"]}}],"collection":[{"href":"https:\/\/logisticanebot.com\/pl\/wp-json\/wp\/v2\/pages"}],"about":[{"href":"https:\/\/logisticanebot.com\/pl\/wp-json\/wp\/v2\/types\/page"}],"author":[{"embeddable":true,"href":"https:\/\/logisticanebot.com\/pl\/wp-json\/wp\/v2\/users\/1"}],"replies":[{"embeddable":true,"href":"https:\/\/logisticanebot.com\/pl\/wp-json\/wp\/v2\/comments?post=961"}],"version-history":[{"count":5,"href":"https:\/\/logisticanebot.com\/pl\/wp-json\/wp\/v2\/pages\/961\/revisions"}],"predecessor-version":[{"id":1175,"href":"https:\/\/logisticanebot.com\/pl\/wp-json\/wp\/v2\/pages\/961\/revisions\/1175"}],"wp:attachment":[{"href":"https:\/\/logisticanebot.com\/pl\/wp-json\/wp\/v2\/media?parent=961"}],"curies":[{"name":"wp","href":"https:\/\/api.w.org\/{rel}","templated":true}]}}