{"id":933,"date":"2025-10-28T11:45:54","date_gmt":"2025-10-28T11:45:54","guid":{"rendered":"https:\/\/logisticanebot.com\/aviso-legal\/"},"modified":"2026-05-05T07:06:07","modified_gmt":"2026-05-05T07:06:07","slug":"informacja-prawna","status":"publish","type":"page","link":"https:\/\/logisticanebot.com\/pl\/informacja-prawna\/","title":{"rendered":"Informacja prawna"},"content":{"rendered":"\t\t<div data-elementor-type=\"wp-page\" data-elementor-id=\"933\" class=\"elementor elementor-933\">\n\t\t\t\t<div class=\"elementor-element elementor-element-c516626 e-flex e-con-boxed e-con e-parent\" data-id=\"c516626\" data-element_type=\"container\">\n\t\t\t\t\t<div class=\"e-con-inner\">\n\t\t\t\t<div class=\"elementor-element elementor-element-0a9baaa elementor-widget elementor-widget-text-editor\" data-id=\"0a9baaa\" data-element_type=\"widget\" data-widget_type=\"text-editor.default\">\n\t\t\t\t\t\t\t\t\t<div data-elementor-type=\"wp-page\" data-elementor-id=\"38\" data-elementor-post-type=\"page\"><section data-id=\"c65cb9d\" data-element_type=\"section\"><div><div data-id=\"5e5ca6f\" data-element_type=\"column\"><div><div data-id=\"07f1b4c\" data-element_type=\"widget\" data-widget_type=\"text-editor.default\"><div><h1><strong><u>INFORMACJA PRAWNA<\/u><\/strong><\/h1><p>W celu spe\u0142nienia obowi\u0105zku wynikaj\u0105cego z art. 10 ustawy 34\/2002 o us\u0142ugach spo\u0142ecze\u0144stwa informacyjnego i handlu elektronicznym, informujemy u\u017cytkownik\u00f3w o naszych danych:<\/p><ul><li><strong>Nazwa sp\u00f3\u0142ki: <\/strong>Logistica Nebot, S.L.U.<\/li><li><strong>Siedziba: <\/strong>C\/ San Roque, 39 Ludiente 12123 Castellon<\/li><li><strong>NIF<\/strong>: B12853875<\/li><li><b>Rejestr handlowy:<\/b> Sp\u00f3\u0142ka jest wpisana do Rejestru Handlowego w Castell\u00f3n, tom, folio, karta<\/li><li><strong>Telefon:<\/strong> +34 964 56 53 35<\/li><li><strong>E-mail: <\/strong>alberto@logisticanebot.com<\/li><li><strong>Strona internetowa:<\/strong> <a href=\"https:\/\/logisticanebot.com\">https:\/\/www.logisticanebot.com\/<\/a><\/li><\/ul><p><strong>CEL<\/strong><\/p><p>Logistica Nebot, S.L.U. (dalej tak\u017ce \u201eUs\u0142ugodawca\u201d), jako podmiot odpowiedzialny za stron\u0119 internetow\u0105, udost\u0119pnia u\u017cytkownikom niniejszy dokument, kt\u00f3ry reguluje korzystanie ze strony internetowej <a href=\"https:\/\/logisticanebot.com\">https:\/\/www.logisticanebot.com\/<\/a>, realizuj\u0105c tym samym postanowienia ustawy 34\/2002 o us\u0142ugach spo\u0142ecze\u0144stwa informacyjnego i handlu elektronicznym (LSSICE lub LSSI), a tak\u017ce informuj\u0105c wszystkich u\u017cytkownik\u00f3w strony o warunkach jej u\u017cytkowania.<\/p><p>Dost\u0119p do tej strony internetowej oraz korzystanie z niej nadaj\u0105 odwiedzaj\u0105cemu status u\u017cytkownika. Oznacza to, \u017ce u\u017cytkownik akceptuje obowi\u0105zuj\u0105ce w danym momencie warunki u\u017cytkowania oraz zobowi\u0105zuje si\u0119 do w\u0142a\u015bciwego korzystania z tre\u015bci strony internetowej, jak r\u00f3wnie\u017c do \u015bcis\u0142ego przestrzegania postanowie\u0144 niniejszej informacji oraz wszelkich maj\u0105cych zastosowanie przepis\u00f3w.<\/p><p>U\u017cytkownicy maj\u0105 obowi\u0105zek zapozna\u0107 si\u0119 z tre\u015bci\u0105 niniejszej informacji prawnej i przestrzega\u0107 jej postanowie\u0144, przyjmuj\u0105c do wiadomo\u015bci, \u017ce mo\u017ce ona ulega\u0107 zmianom w zwi\u0105zku z dostosowaniem jej przez w\u0142a\u015bciciela strony do obowi\u0105zuj\u0105cych w danym momencie przepis\u00f3w. W zwi\u0105zku z tym informujemy, \u017ce w\u0142a\u015bciciel strony mo\u017ce zmieni\u0107 jej tre\u015b\u0107 bez wcze\u015bniejszego powiadomienia.<\/p><p><strong>WARUNKI KORZYSTANIA ZE STRONY<\/strong><\/p><p>Korzystanie z niniejszej strony internetowej jest bezp\u0142atne i nie wymaga wcze\u015bniejszej rejestracji. Jednak w przypadku niekt\u00f3rych us\u0142ug wymagane jest wype\u0142nienie formularza (na przyk\u0142ad w celu zakupu produkt\u00f3w lub otrzymania informacji). Rejestracja ta odbywa si\u0119 na warunkach wskazanych w odpowiedniej sekcji.<\/p><p>U\u017cytkownik zobowi\u0105zuje si\u0119, \u017ce wszelkie przekazywane przez niego informacje b\u0119d\u0105 prawdziwe i zawsze aktualne, zrzekaj\u0105c si\u0119 wobec w\u0142a\u015bciciela strony wszelkiej odpowiedzialno\u015bci wynikaj\u0105cej z nieprawdziwo\u015bci takich informacji.<\/p><p>W przypadku gdy u\u017cytkownik jest osob\u0105 ma\u0142oletni\u0105, zawsze musi uzyska\u0107 wyra\u017an\u0105 i uprzedni\u0105 zgod\u0119 swoich rodzic\u00f3w, opiekun\u00f3w lub przedstawicieli ustawowych przed dokonaniem jakiejkolwiek czynno\u015bci.<\/p><p>U\u017cytkownik zobowi\u0105zuje si\u0119 korzysta\u0107 ze strony zgodnie z prawem oraz niniejsz\u0105 Informacj\u0105 Prawn\u0105. W zwi\u0105zku z tym nie b\u0119dzie rozpowszechnia\u0142 tre\u015bci sprzecznych z prawem lub godno\u015bci\u0105 osoby; tre\u015bci dyskryminuj\u0105cych ze wzgl\u0119du na urodzenie, ras\u0119, p\u0142e\u0107, religi\u0119, przekonania lub jakikolwiek inny stan b\u0105d\u017a okoliczno\u015b\u0107 osobist\u0105 lub spo\u0142eczn\u0105; ani tre\u015bci, kt\u00f3re w jakikolwiek spos\u00f3b s\u0105 sprzeczne z prawem, porz\u0105dkiem publicznym, moralno\u015bci\u0105 i dobrymi obyczajami.<\/p><p><strong>WY\u0141\u0104CZENIE GWARANCJI I ODPOWIEDZIALNO\u015aCI<\/strong><\/p><p>W\u0142a\u015bciciel niniejszej strony internetowej nie ponosi odpowiedzialno\u015bci w przypadkach, gdy przekazane informacje s\u0105 nieprawdziwe lub gdy informacje opublikowane na stronie zosta\u0142y zmodyfikowane przez osoby trzecie.<\/p><p>Ponadto w\u0142a\u015bciciel strony zrzeka si\u0119 wszelkiej odpowiedzialno\u015bci, jaka mo\u017ce wynikn\u0105\u0107 z jej nieprawid\u0142owego dzia\u0142ania, w tym na skutek wirus\u00f3w, z\u0142o\u015bliwych lub szkodliwych program\u00f3w zawartych w tre\u015bci; a tak\u017ce z tytu\u0142u nielegalnego, niedba\u0142ego, oszuka\u0144czego lub sprzecznego z niniejsz\u0105 Informacj\u0105 Prawn\u0105 i warunkami korzystania z niej u\u017cycia.<\/p><p><strong>COOKIES<\/strong><\/p><p>Strona internetowa Us\u0142ugodawcy mo\u017ce u\u017cywa\u0107 plik\u00f3w cookies (ma\u0142ych plik\u00f3w informacyjnych wysy\u0142anych przez serwer na komputer osoby odwiedzaj\u0105cej stron\u0119) w celu realizacji okre\u015blonych funkcji uznawanych za niezb\u0119dne do prawid\u0142owego dzia\u0142ania i wy\u015bwietlania strony. U\u017cywane pliki cookies maj\u0105 w ka\u017cdym przypadku charakter tymczasowy i s\u0142u\u017c\u0105 wy\u0142\u0105cznie do zwi\u0119kszenia efektywno\u015bci nawigacji; znikaj\u0105 po zako\u0144czeniu sesji u\u017cytkownika.<\/p><p>W \u017cadnym przypadku pliki cookies nie b\u0119d\u0105 wykorzystywane do gromadzenia danych osobowych.<\/p><p>Wi\u0119cej informacji mo\u017cna znale\u017a\u0107 w naszej <a href=\"https:\/\/elementor.testangal.es\/politica-de-cookies\/\">Polityce plik\u00f3w cookies<\/a>.<\/p><p><strong>POLITYKA LINK\u00d3W<\/strong><\/p><p>Strona internetowa mo\u017ce zawiera\u0107 odno\u015bniki do innych stron internetowych o politykach prywatno\u015bci odmiennych od niniejszej. Logistica Nebot, S.L.U. nie ponosi odpowiedzialno\u015bci za tre\u015bci ani praktyki stron, do kt\u00f3rych prowadz\u0105 linki, i zaleca u\u017cytkownikowi dok\u0142adne zapoznanie si\u0119 z polityk\u0105 prywatno\u015bci ka\u017cdej strony, do kt\u00f3rej przechodzi z niniejszej witryny.<\/p><p><strong>OCHRONA DANYCH OSOBOWYCH<\/strong><\/p><p>W\u0142a\u015bciciel strony gwarantuje pe\u0142ne przestrzeganie obowi\u0105zuj\u0105cych przepis\u00f3w, a tak\u017ce wdro\u017cenie \u015brodk\u00f3w bezpiecze\u0144stwa przewidzianych w europejskim rozporz\u0105dzeniu o ochronie danych oraz hiszpa\u0144skich przepisach o ochronie danych. Wi\u0119cej informacji mo\u017cna znale\u017a\u0107 w naszej <a href=\"https:\/\/elementor.testangal.es\/politica-de-privacidad\/\">Polityce prywatno\u015bci<\/a>.<\/p><p><strong>W\u0141ASNO\u015a\u0106 INTELEKTUALNA I PRZEMYS\u0141OWA<\/strong><\/p><p>U\u017cytkownik przyjmuje do wiadomo\u015bci i akceptuje, \u017ce wszelkie tre\u015bci prezentowane na Stronie, a w szczeg\u00f3lno\u015bci projekty, teksty, obrazy, logotypy, ikony, przyciski, oprogramowanie, nazwy handlowe, znaki towarowe oraz wszelkie inne oznaczenia mog\u0105ce by\u0107 wykorzystywane przemys\u0142owo i\/lub handlowo, podlegaj\u0105 prawom w\u0142asno\u015bci intelektualnej. Wszystkie znaki towarowe, nazwy handlowe i oznaczenia odr\u00f3\u017cniaj\u0105ce, wszelkie prawa w\u0142asno\u015bci przemys\u0142owej i intelektualnej dotycz\u0105ce tre\u015bci i\/lub jakichkolwiek innych element\u00f3w zamieszczonych na stronie s\u0105 wy\u0142\u0105czn\u0105 w\u0142asno\u015bci\u0105 w\u0142a\u015bciciela portalu internetowego i\/lub os\u00f3b trzecich, kt\u00f3re maj\u0105 wy\u0142\u0105czne prawo do ich wykorzystywania w obrocie gospodarczym. W zwi\u0105zku z tym u\u017cytkownik zobowi\u0105zuje si\u0119 nie powiela\u0107, nie kopiowa\u0107, nie rozpowszechnia\u0107, nie udost\u0119pnia\u0107 ani w \u017caden inny spos\u00f3b nie komunikowa\u0107 publicznie, nie przekszta\u0142ca\u0107 ani nie modyfikowa\u0107 takich tre\u015bci, zwalniaj\u0105c Logistica Nebot, S.L.U. z wszelkich roszcze\u0144 wynikaj\u0105cych z niewywi\u0105zania si\u0119 z tych obowi\u0105zk\u00f3w. Dost\u0119p do Strony nie oznacza w \u017cadnym wypadku zrzeczenia si\u0119, przeniesienia, udzielenia licencji ani ca\u0142kowitego lub cz\u0119\u015bciowego cesjonowania tych praw, chyba \u017ce wyra\u017anie postanowiono inaczej. Niniejsze Og\u00f3lne Warunki korzystania ze Strony nie przyznaj\u0105 U\u017cytkownikom \u017cadnych innych praw do korzystania, zmieniania, eksploatacji, powielania, rozpowszechniania ani publicznego udost\u0119pniania Strony i\/lub jej Tre\u015bci ni\u017c wyra\u017anie wskazane w niniejszym dokumencie. Ka\u017cde inne wykorzystanie lub eksploatacja jakichkolwiek praw wymaga uprzedniej i wyra\u017anej zgody udzielonej w tym celu przez Logistica Nebot, S.L.U. lub przez osob\u0119 trzeci\u0105 b\u0119d\u0105c\u0105 w\u0142a\u015bcicielem danych praw.<\/p><p>Tre\u015bci, teksty, fotografie, projekty, logotypy, obrazy, programy komputerowe, kody \u017ar\u00f3d\u0142owe oraz og\u00f3lnie wszelkie wytwory intelektualne istniej\u0105ce na tej stronie, jak r\u00f3wnie\u017c sama strona jako ca\u0142o\u015b\u0107, jako dzie\u0142o multimedialne, s\u0105 chronione prawem autorskim na mocy przepis\u00f3w o w\u0142asno\u015bci intelektualnej. Logistica Nebot, S.L.U., jako w\u0142a\u015bciciel element\u00f3w sk\u0142adaj\u0105cych si\u0119 na szat\u0119 graficzn\u0105 Strony, menu, przycisk\u00f3w nawigacyjnych, kodu HTML, tekst\u00f3w, obraz\u00f3w, faktur, grafik i wszelkich innych tre\u015bci Strony, posiada odpowiednie uprawnienia do korzystania z tych element\u00f3w. Tre\u015bci udost\u0119pnione na Stronie nie mog\u0105 by\u0107 reprodukowane ani w ca\u0142o\u015bci, ani w cz\u0119\u015bci, ani przekazywane, ani zapisywane przez \u017caden system wyszukiwania informacji, w jakiejkolwiek formie i na jakimkolwiek no\u015bniku, bez uprzedniej pisemnej zgody wspomnianego podmiotu.<\/p><p>Ponadto zabrania si\u0119 usuwania, obchodzenia i\/lub manipulowania oznaczeniem \u201ecopyright\u201d, a tak\u017ce technicznymi zabezpieczeniami ochronnymi lub jakimikolwiek mechanizmami informacyjnymi, kt\u00f3re mog\u0105 znajdowa\u0107 si\u0119 w tre\u015bciach. U\u017cytkownik niniejszej Strony zobowi\u0105zuje si\u0119 respektowa\u0107 wskazane prawa oraz unika\u0107 wszelkich dzia\u0142a\u0144, kt\u00f3re mog\u0142yby je narusza\u0107, przy czym Logistica Nebot, S.L.U. zastrzega sobie w ka\u017cdym przypadku mo\u017cliwo\u015b\u0107 skorzystania ze wszelkich \u015brodk\u00f3w prawnych i dzia\u0142a\u0144, kt\u00f3re przys\u0142uguj\u0105 jej w obronie uzasadnionych praw w\u0142asno\u015bci intelektualnej i przemys\u0142owej.<\/p><p><strong>PRAWO W\u0141A\u015aCIWE<\/strong><\/p><p>Prawem w\u0142a\u015bciwym w przypadku sporu lub konfliktu interpretacyjnego dotycz\u0105cego warunk\u00f3w niniejszej informacji prawnej, jak r\u00f3wnie\u017c wszelkich kwestii zwi\u0105zanych z us\u0142ugami niniejszego portalu, b\u0119dzie prawo hiszpa\u0144skie.<\/p><\/div><\/div><\/div><\/div><\/div><\/section><\/div>\t\t\t\t\t\t\t\t<\/div>\n\t\t\t\t\t<\/div>\n\t\t\t\t<\/div>\n\t\t\t\t<\/div>\n\t\t","protected":false},"excerpt":{"rendered":"<p>INFORMACJA PRAWNA W celu spe\u0142nienia obowi\u0105zku wynikaj\u0105cego z art. 10 ustawy 34\/2002 o us\u0142ugach spo\u0142ecze\u0144stwa informacyjnego i handlu elektronicznym, informujemy u\u017cytkownik\u00f3w o naszych danych: Nazwa sp\u00f3\u0142ki: Logistica Nebot, S.L.U. Siedziba: C\/ San Roque, 39 Ludiente 12123 Castellon NIF: B12853875 Rejestr handlowy: Sp\u00f3\u0142ka jest wpisana do Rejestru Handlowego w Castell\u00f3n, tom, folio, karta Telefon: +34 964 [&hellip;]<\/p>\n","protected":false},"author":1,"featured_media":0,"parent":0,"menu_order":0,"comment_status":"closed","ping_status":"closed","template":"","meta":{"_joinchat":[],"footnotes":""},"class_list":["post-933","page","type-page","status-publish","hentry"],"aioseo_notices":[],"_links":{"self":[{"href":"https:\/\/logisticanebot.com\/pl\/wp-json\/wp\/v2\/pages\/933","targetHints":{"allow":["GET"]}}],"collection":[{"href":"https:\/\/logisticanebot.com\/pl\/wp-json\/wp\/v2\/pages"}],"about":[{"href":"https:\/\/logisticanebot.com\/pl\/wp-json\/wp\/v2\/types\/page"}],"author":[{"embeddable":true,"href":"https:\/\/logisticanebot.com\/pl\/wp-json\/wp\/v2\/users\/1"}],"replies":[{"embeddable":true,"href":"https:\/\/logisticanebot.com\/pl\/wp-json\/wp\/v2\/comments?post=933"}],"version-history":[{"count":8,"href":"https:\/\/logisticanebot.com\/pl\/wp-json\/wp\/v2\/pages\/933\/revisions"}],"predecessor-version":[{"id":1265,"href":"https:\/\/logisticanebot.com\/pl\/wp-json\/wp\/v2\/pages\/933\/revisions\/1265"}],"wp:attachment":[{"href":"https:\/\/logisticanebot.com\/pl\/wp-json\/wp\/v2\/media?parent=933"}],"curies":[{"name":"wp","href":"https:\/\/api.w.org\/{rel}","templated":true}]}}