{"id":739,"date":"2025-10-27T10:04:38","date_gmt":"2025-10-27T10:04:38","guid":{"rendered":"https:\/\/logisticanebot.com\/servicios\/"},"modified":"2026-05-05T10:59:47","modified_gmt":"2026-05-05T10:59:47","slug":"szolgaltatasok","status":"publish","type":"page","link":"https:\/\/logisticanebot.com\/hu\/szolgaltatasok\/","title":{"rendered":"Sz\u00e1ll\u00edtm\u00e1nyoz\u00e1si szolg\u00e1ltat\u00e1sok"},"content":{"rendered":"\t\t<div data-elementor-type=\"wp-page\" data-elementor-id=\"739\" class=\"elementor elementor-739\">\n\t\t\t\t<div class=\"elementor-element elementor-element-85e0b91 e-flex e-con-boxed e-con e-parent\" data-id=\"85e0b91\" data-element_type=\"container\" data-settings=\"{&quot;background_background&quot;:&quot;classic&quot;}\">\n\t\t\t\t\t<div class=\"e-con-inner\">\n\t\t<div class=\"elementor-element elementor-element-9909b32 e-con-full e-flex e-con e-child\" data-id=\"9909b32\" data-element_type=\"container\">\n\t\t\t\t<div class=\"elementor-element elementor-element-fdfb65c elementor-widget elementor-widget-heading\" data-id=\"fdfb65c\" data-element_type=\"widget\" data-widget_type=\"heading.default\">\n\t\t\t\t\t<p class=\"elementor-heading-title elementor-size-default\">Logisztikai szolg\u00e1ltat\u00e1sok<\/p>\t\t\t\t<\/div>\n\t\t\t\t<div class=\"elementor-element elementor-element-1a8b534 elementor-widget elementor-widget-text-editor\" data-id=\"1a8b534\" data-element_type=\"widget\" data-widget_type=\"text-editor.default\">\n\t\t\t\t\t\t\t\t\t<p>A Logistica Nebot sz\u00e9les k\u00f6r\u0171 logisztikai szolg\u00e1ltat\u00e1sokat k\u00edn\u00e1l, hogy \u00f6sszek\u00f6ss\u00fck \u00d6nt a c\u00e9l\u00e1llom\u00e1s\u00e1val. B\u00edzza r\u00e1nk.<\/p>\t\t\t\t\t\t\t\t<\/div>\n\t\t\t\t<\/div>\n\t\t\t\t\t<\/div>\n\t\t\t\t<\/div>\n\t\t<div class=\"elementor-element elementor-element-6ab6a70 e-flex e-con-boxed e-con e-child\" data-id=\"6ab6a70\" data-element_type=\"container\">\n\t\t\t\t\t<div class=\"e-con-inner\">\n\t\t<div class=\"elementor-element elementor-element-ddfd019 e-con-full e-flex e-con e-child\" data-id=\"ddfd019\" data-element_type=\"container\">\n\t\t\t\t<div class=\"elementor-element elementor-element-6b1bc16 elementor-widget elementor-widget-heading\" data-id=\"6b1bc16\" data-element_type=\"widget\" data-widget_type=\"heading.default\">\n\t\t\t\t\t<h2 class=\"elementor-heading-title elementor-size-default\">\u00c1gazatok, amelyekben dolgozunk<\/h2>\t\t\t\t<\/div>\n\t\t\t\t<div class=\"elementor-element elementor-element-82c7c4b elementor-widget elementor-widget-text-editor\" data-id=\"82c7c4b\" data-element_type=\"widget\" data-widget_type=\"text-editor.default\">\n\t\t\t\t\t\t\t\t\t<p>A Logistica Nebot sz\u00e1mos k\u00fcl\u00f6nb\u00f6z\u0151 \u00e1gazatnak ny\u00fajt szolg\u00e1ltat\u00e1sokat, amelyek ig\u00e9nylik megold\u00e1sainkat.<\/p>\t\t\t\t\t\t\t\t<\/div>\n\t\t\t\t<\/div>\n\t\t<div class=\"elementor-element elementor-element-265360b e-con-full e-flex e-con e-child\" data-id=\"265360b\" data-element_type=\"container\">\n\t\t<div class=\"elementor-element elementor-element-6972788 e-con-full e-flex e-con e-child\" data-id=\"6972788\" data-element_type=\"container\">\n\t\t<div class=\"elementor-element elementor-element-90c7752 e-con-full e-flex e-con e-child\" data-id=\"90c7752\" data-element_type=\"container\">\n\t\t\t\t<div class=\"elementor-element elementor-element-4b747df elementor-view-default elementor-widget elementor-widget-icon\" data-id=\"4b747df\" data-element_type=\"widget\" data-widget_type=\"icon.default\">\n\t\t\t\t\t\t\t<div class=\"elementor-icon-wrapper\">\n\t\t\t<div class=\"elementor-icon\">\n\t\t\t<svg aria-hidden=\"true\" class=\"e-font-icon-svg e-fas-truck-moving\" viewBox=\"0 0 640 512\" xmlns=\"http:\/\/www.w3.org\/2000\/svg\"><path d=\"M621.3 237.3l-58.5-58.5c-12-12-28.3-18.7-45.3-18.7H480V64c0-17.7-14.3-32-32-32H32C14.3 32 0 46.3 0 64v336c0 44.2 35.8 80 80 80 26.3 0 49.4-12.9 64-32.4 14.6 19.6 37.7 32.4 64 32.4 44.2 0 80-35.8 80-80 0-5.5-.6-10.8-1.6-16h163.2c-1.1 5.2-1.6 10.5-1.6 16 0 44.2 35.8 80 80 80s80-35.8 80-80c0-5.5-.6-10.8-1.6-16H624c8.8 0 16-7.2 16-16v-85.5c0-17-6.7-33.2-18.7-45.2zM80 432c-17.6 0-32-14.4-32-32s14.4-32 32-32 32 14.4 32 32-14.4 32-32 32zm128 0c-17.6 0-32-14.4-32-32s14.4-32 32-32 32 14.4 32 32-14.4 32-32 32zm272-224h37.5c4.3 0 8.3 1.7 11.3 4.7l43.3 43.3H480v-48zm48 224c-17.6 0-32-14.4-32-32s14.4-32 32-32 32 14.4 32 32-14.4 32-32 32z\"><\/path><\/svg>\t\t\t<\/div>\n\t\t<\/div>\n\t\t\t\t\t\t<\/div>\n\t\t\t\t<div class=\"elementor-element elementor-element-5e67514 elementor-widget elementor-widget-heading\" data-id=\"5e67514\" data-element_type=\"widget\" data-widget_type=\"heading.default\">\n\t\t\t\t\t<h2 class=\"elementor-heading-title elementor-size-default\">Nagy teherb\u00edr\u00e1s<\/h2>\t\t\t\t<\/div>\n\t\t\t\t<div class=\"elementor-element elementor-element-2cdfa9c elementor-widget elementor-widget-text-editor\" data-id=\"2cdfa9c\" data-element_type=\"widget\" data-widget_type=\"text-editor.default\">\n\t\t\t\t\t\t\t\t\t<p>10 nyerges vontat\u00f3b\u00f3l \u00e9s 15 f\u00e9lp\u00f3tkocsib\u00f3l \u00e1ll\u00f3 flott\u00e1nkkal mi vagyunk a r\u00e9gi\u00f3 egyik legnagyobb faanyag-sz\u00e1ll\u00edt\u00e1si volumen\u00e9vel rendelkez\u0151 v\u00e1llalata Castilla y Le\u00f3n fel\u00e9.<\/p>\t\t\t\t\t\t\t\t<\/div>\n\t\t\t\t<\/div>\n\t\t\t\t<\/div>\n\t\t<div class=\"elementor-element elementor-element-fb04091 e-con-full e-flex e-con e-child\" data-id=\"fb04091\" data-element_type=\"container\">\n\t\t<div class=\"elementor-element elementor-element-422d692 e-con-full e-flex e-con e-child\" data-id=\"422d692\" data-element_type=\"container\">\n\t\t\t\t<div class=\"elementor-element elementor-element-6238231 elementor-view-default elementor-widget elementor-widget-icon\" data-id=\"6238231\" data-element_type=\"widget\" data-widget_type=\"icon.default\">\n\t\t\t\t\t\t\t<div class=\"elementor-icon-wrapper\">\n\t\t\t<div class=\"elementor-icon\">\n\t\t\t<svg aria-hidden=\"true\" class=\"e-font-icon-svg e-far-building\" viewBox=\"0 0 448 512\" xmlns=\"http:\/\/www.w3.org\/2000\/svg\"><path d=\"M128 148v-40c0-6.6 5.4-12 12-12h40c6.6 0 12 5.4 12 12v40c0 6.6-5.4 12-12 12h-40c-6.6 0-12-5.4-12-12zm140 12h40c6.6 0 12-5.4 12-12v-40c0-6.6-5.4-12-12-12h-40c-6.6 0-12 5.4-12 12v40c0 6.6 5.4 12 12 12zm-128 96h40c6.6 0 12-5.4 12-12v-40c0-6.6-5.4-12-12-12h-40c-6.6 0-12 5.4-12 12v40c0 6.6 5.4 12 12 12zm128 0h40c6.6 0 12-5.4 12-12v-40c0-6.6-5.4-12-12-12h-40c-6.6 0-12 5.4-12 12v40c0 6.6 5.4 12 12 12zm-76 84v-40c0-6.6-5.4-12-12-12h-40c-6.6 0-12 5.4-12 12v40c0 6.6 5.4 12 12 12h40c6.6 0 12-5.4 12-12zm76 12h40c6.6 0 12-5.4 12-12v-40c0-6.6-5.4-12-12-12h-40c-6.6 0-12 5.4-12 12v40c0 6.6 5.4 12 12 12zm180 124v36H0v-36c0-6.6 5.4-12 12-12h19.5V24c0-13.3 10.7-24 24-24h337c13.3 0 24 10.7 24 24v440H436c6.6 0 12 5.4 12 12zM79.5 463H192v-67c0-6.6 5.4-12 12-12h40c6.6 0 12 5.4 12 12v67h112.5V49L80 48l-.5 415z\"><\/path><\/svg>\t\t\t<\/div>\n\t\t<\/div>\n\t\t\t\t\t\t<\/div>\n\t\t\t\t<div class=\"elementor-element elementor-element-95f0545 elementor-widget elementor-widget-heading\" data-id=\"95f0545\" data-element_type=\"widget\" data-widget_type=\"heading.default\">\n\t\t\t\t\t<h2 class=\"elementor-heading-title elementor-size-default\">Csempeipar<\/h2>\t\t\t\t<\/div>\n\t\t\t\t<div class=\"elementor-element elementor-element-9aa7f89 elementor-widget elementor-widget-text-editor\" data-id=\"9aa7f89\" data-element_type=\"widget\" data-widget_type=\"text-editor.default\">\n\t\t\t\t\t\t\t\t\t<p>Sz\u00e9lesk\u00f6r\u0171 tapasztalattal rendelkez\u00fcnk a csemp\u00e9k gy\u0171jt\u0151sz\u00e1ll\u00edt\u00e1s\u00e1ban \u00e9s eloszt\u00e1s\u00e1ban a castell\u00f3ni csempeipari v\u00e1llalatokt\u00f3l Castilla y Le\u00f3nba.<\/p>\t\t\t\t\t\t\t\t<\/div>\n\t\t\t\t<\/div>\n\t\t\t\t<\/div>\n\t\t<div class=\"elementor-element elementor-element-85b8c11 e-con-full e-flex e-con e-child\" data-id=\"85b8c11\" data-element_type=\"container\">\n\t\t<div class=\"elementor-element elementor-element-1934e20 e-con-full e-flex e-con e-child\" data-id=\"1934e20\" data-element_type=\"container\">\n\t\t\t\t<div class=\"elementor-element elementor-element-71d21b1 elementor-view-default elementor-widget elementor-widget-icon\" data-id=\"71d21b1\" data-element_type=\"widget\" data-widget_type=\"icon.default\">\n\t\t\t\t\t\t\t<div class=\"elementor-icon-wrapper\">\n\t\t\t<div class=\"elementor-icon\">\n\t\t\t<svg aria-hidden=\"true\" class=\"e-font-icon-svg e-far-calendar-alt\" viewBox=\"0 0 448 512\" xmlns=\"http:\/\/www.w3.org\/2000\/svg\"><path d=\"M148 288h-40c-6.6 0-12-5.4-12-12v-40c0-6.6 5.4-12 12-12h40c6.6 0 12 5.4 12 12v40c0 6.6-5.4 12-12 12zm108-12v-40c0-6.6-5.4-12-12-12h-40c-6.6 0-12 5.4-12 12v40c0 6.6 5.4 12 12 12h40c6.6 0 12-5.4 12-12zm96 0v-40c0-6.6-5.4-12-12-12h-40c-6.6 0-12 5.4-12 12v40c0 6.6 5.4 12 12 12h40c6.6 0 12-5.4 12-12zm-96 96v-40c0-6.6-5.4-12-12-12h-40c-6.6 0-12 5.4-12 12v40c0 6.6 5.4 12 12 12h40c6.6 0 12-5.4 12-12zm-96 0v-40c0-6.6-5.4-12-12-12h-40c-6.6 0-12 5.4-12 12v40c0 6.6 5.4 12 12 12h40c6.6 0 12-5.4 12-12zm192 0v-40c0-6.6-5.4-12-12-12h-40c-6.6 0-12 5.4-12 12v40c0 6.6 5.4 12 12 12h40c6.6 0 12-5.4 12-12zm96-260v352c0 26.5-21.5 48-48 48H48c-26.5 0-48-21.5-48-48V112c0-26.5 21.5-48 48-48h48V12c0-6.6 5.4-12 12-12h40c6.6 0 12 5.4 12 12v52h128V12c0-6.6 5.4-12 12-12h40c6.6 0 12 5.4 12 12v52h48c26.5 0 48 21.5 48 48zm-48 346V160H48v298c0 3.3 2.7 6 6 6h340c3.3 0 6-2.7 6-6z\"><\/path><\/svg>\t\t\t<\/div>\n\t\t<\/div>\n\t\t\t\t\t\t<\/div>\n\t\t\t\t<div class=\"elementor-element elementor-element-15db591 elementor-widget elementor-widget-heading\" data-id=\"15db591\" data-element_type=\"widget\" data-widget_type=\"heading.default\">\n\t\t\t\t\t<h2 class=\"elementor-heading-title elementor-size-default\">Citrus kamp\u00e1ny<\/h2>\t\t\t\t<\/div>\n\t\t\t\t<div class=\"elementor-element elementor-element-92b36d3 elementor-widget elementor-widget-text-editor\" data-id=\"92b36d3\" data-element_type=\"widget\" data-widget_type=\"text-editor.default\">\n\t\t\t\t\t\t\t\t\t<p>A citrus kamp\u00e1nyok sor\u00e1n sz\u00e1ll\u00edt\u00e1si \u00fatvonalakat \u00fczemeltet\u00fcnk Castell\u00f3nb\u00f3l Andal\u00fazi\u00e1ba, Portug\u00e1lia d\u00e9li r\u00e9sz\u00e9re \u00e9s Marokk\u00f3ba.<\/p>\t\t\t\t\t\t\t\t<\/div>\n\t\t\t\t<\/div>\n\t\t\t\t<\/div>\n\t\t<div class=\"elementor-element elementor-element-562051a e-con-full e-flex e-con e-child\" data-id=\"562051a\" data-element_type=\"container\">\n\t\t<div class=\"elementor-element elementor-element-d812523 e-con-full e-flex e-con e-child\" data-id=\"d812523\" data-element_type=\"container\">\n\t\t\t\t<div class=\"elementor-element elementor-element-9711b6b elementor-view-default elementor-widget elementor-widget-icon\" data-id=\"9711b6b\" data-element_type=\"widget\" data-widget_type=\"icon.default\">\n\t\t\t\t\t\t\t<div class=\"elementor-icon-wrapper\">\n\t\t\t<div class=\"elementor-icon\">\n\t\t\t<svg aria-hidden=\"true\" class=\"e-font-icon-svg e-fas-warehouse\" viewBox=\"0 0 640 512\" xmlns=\"http:\/\/www.w3.org\/2000\/svg\"><path d=\"M504 352H136.4c-4.4 0-8 3.6-8 8l-.1 48c0 4.4 3.6 8 8 8H504c4.4 0 8-3.6 8-8v-48c0-4.4-3.6-8-8-8zm0 96H136.1c-4.4 0-8 3.6-8 8l-.1 48c0 4.4 3.6 8 8 8h368c4.4 0 8-3.6 8-8v-48c0-4.4-3.6-8-8-8zm0-192H136.6c-4.4 0-8 3.6-8 8l-.1 48c0 4.4 3.6 8 8 8H504c4.4 0 8-3.6 8-8v-48c0-4.4-3.6-8-8-8zm106.5-139L338.4 3.7a48.15 48.15 0 0 0-36.9 0L29.5 117C11.7 124.5 0 141.9 0 161.3V504c0 4.4 3.6 8 8 8h80c4.4 0 8-3.6 8-8V256c0-17.6 14.6-32 32.6-32h382.8c18 0 32.6 14.4 32.6 32v248c0 4.4 3.6 8 8 8h80c4.4 0 8-3.6 8-8V161.3c0-19.4-11.7-36.8-29.5-44.3z\"><\/path><\/svg>\t\t\t<\/div>\n\t\t<\/div>\n\t\t\t\t\t\t<\/div>\n\t\t\t\t<div class=\"elementor-element elementor-element-12e5493 elementor-widget elementor-widget-heading\" data-id=\"12e5493\" data-element_type=\"widget\" data-widget_type=\"heading.default\">\n\t\t\t\t\t<h2 class=\"elementor-heading-title elementor-size-default\">Logisztikai rakt\u00e1r<\/h2>\t\t\t\t<\/div>\n\t\t\t\t<div class=\"elementor-element elementor-element-28fe49c elementor-widget elementor-widget-text-editor\" data-id=\"28fe49c\" data-element_type=\"widget\" data-widget_type=\"text-editor.default\">\n\t\t\t\t\t\t\t\t\t<p>A Logistica Nebot 7.000 m\u00b2-es ter\u00fclettel rendelkezik, amelyb\u0151l t\u00f6bb mint 5.000 m\u00b2 logisztikai m\u0171veleteink sz\u00e1m\u00e1ra van fenntartva.<\/p>\t\t\t\t\t\t\t\t<\/div>\n\t\t\t\t<\/div>\n\t\t\t\t<\/div>\n\t\t\t\t<\/div>\n\t\t\t\t\t<\/div>\n\t\t\t\t<\/div>\n\t\t<div class=\"elementor-element elementor-element-9697bb9 e-flex e-con-boxed e-con e-parent\" data-id=\"9697bb9\" data-element_type=\"container\" data-settings=\"{&quot;background_background&quot;:&quot;classic&quot;}\">\n\t\t\t\t\t<div class=\"e-con-inner\">\n\t\t<div class=\"elementor-element elementor-element-44548f1 e-con-full e-flex e-con e-child\" data-id=\"44548f1\" data-element_type=\"container\">\n\t\t\t\t<div class=\"elementor-element elementor-element-3b8a02a elementor-widget elementor-widget-image\" data-id=\"3b8a02a\" data-element_type=\"widget\" data-widget_type=\"image.default\">\n\t\t\t\t\t\t\t\t\t\t\t\t\t\t\t<img fetchpriority=\"high\" decoding=\"async\" width=\"540\" height=\"400\" src=\"https:\/\/logisticanebot.com\/wp-content\/uploads\/2026\/05\/castelloni-szallitas-logistica-nebot.jpg\" class=\"attachment-large size-large wp-image-1357\" alt=\"castelloni sz\u00e1ll\u00edt\u00e1s logistica nebot\" srcset=\"https:\/\/logisticanebot.com\/wp-content\/uploads\/2026\/05\/castelloni-szallitas-logistica-nebot.jpg 540w, https:\/\/logisticanebot.com\/wp-content\/uploads\/2026\/05\/castelloni-szallitas-logistica-nebot-300x222.jpg 300w\" sizes=\"(max-width: 540px) 100vw, 540px\" \/>\t\t\t\t\t\t\t\t\t\t\t\t\t\t\t<\/div>\n\t\t\t\t<\/div>\n\t\t<div class=\"elementor-element elementor-element-43a5364 e-con-full e-flex e-con e-child\" data-id=\"43a5364\" data-element_type=\"container\">\n\t\t<div class=\"elementor-element elementor-element-3d6790f e-con-full e-flex e-con e-child\" data-id=\"3d6790f\" data-element_type=\"container\">\n\t\t\t\t<div class=\"elementor-element elementor-element-99c2f11 elementor-widget elementor-widget-heading\" data-id=\"99c2f11\" data-element_type=\"widget\" data-widget_type=\"heading.default\">\n\t\t\t\t\t<h2 class=\"elementor-heading-title elementor-size-default\">\u00datvonalak Castell\u00f3n \u2013 Castilla y Le\u00f3n<\/h2>\t\t\t\t<\/div>\n\t\t\t\t<div class=\"elementor-element elementor-element-3e70412 elementor-widget elementor-widget-heading\" data-id=\"3e70412\" data-element_type=\"widget\" data-widget_type=\"heading.default\">\n\t\t\t\t\t<p class=\"elementor-heading-title elementor-size-default\">NAPI SZ\u00c1LL\u00cdT\u00c1SI \u00daTVONALAK CASTILLA Y LE\u00d3N FEL\u00c9<\/p>\t\t\t\t<\/div>\n\t\t\t\t<\/div>\n\t\t\t\t<div class=\"elementor-element elementor-element-d8e30b0 elementor-widget elementor-widget-text-editor\" data-id=\"d8e30b0\" data-element_type=\"widget\" data-widget_type=\"text-editor.default\">\n\t\t\t\t\t\t\t\t\t<div class=\"text-base my-auto mx-auto pb-10 [--thread-content-margin:--spacing(4)] thread-sm:[--thread-content-margin:--spacing(6)] thread-lg:[--thread-content-margin:--spacing(16)] px-(--thread-content-margin)\"><div class=\"[--thread-content-max-width:40rem] thread-lg:[--thread-content-max-width:48rem] mx-auto max-w-(--thread-content-max-width) flex-1 group\/turn-messages focus-visible:outline-hidden relative flex w-full min-w-0 flex-col agent-turn\" tabindex=\"-1\"><div class=\"flex max-w-full flex-col grow\"><div class=\"min-h-8 text-message relative flex w-full flex-col items-end gap-2 text-start break-words whitespace-normal [.text-message+&amp;]:mt-1\" dir=\"auto\" data-message-author-role=\"assistant\" data-message-id=\"915546e3-aced-4ac9-8170-1a8398787224\" data-message-model-slug=\"gpt-5\"><div class=\"flex w-full flex-col gap-1 empty:hidden first:pt-[1px]\"><p data-start=\"74\" data-end=\"268\">A Logistica Nebot napi sz\u00e1ll\u00edt\u00e1si szolg\u00e1ltat\u00e1st k\u00edn\u00e1l Castell\u00f3nb\u00f3l Castilla y Le\u00f3n minden tartom\u00e1ny\u00e1ba, garant\u00e1lva a gyorsas\u00e1got, a pontoss\u00e1got \u00e9s a biztons\u00e1got minden k\u00fcldem\u00e9ny eset\u00e9ben.<\/p><p data-start=\"270\" data-end=\"499\">Rendszeresen lefedj\u00fck az al\u00e1bbi \u00fatvonalakat: Valladolid, Palencia, Le\u00f3n, Salamanca, Zamora, Burgos, Segovia \u00e9s \u00c1vila, az \u00fcgyfelek ig\u00e9nyeihez igazodva \u2013 a teljes rakom\u00e1nyokt\u00f3l kezdve a csomagsz\u00e1ll\u00edt\u00e1son \u00e1t a gy\u0171jt\u0151sz\u00e1ll\u00edt\u00e1sig.<\/p><p data-start=\"501\" data-end=\"702\">Csapatunk minden sz\u00e1ll\u00edt\u00e1st prec\u00edzen koordin\u00e1l, hogy az \u00e1ru a lehet\u0151 legr\u00f6videbb id\u0151 alatt c\u00e9lba \u00e9rjen, mik\u00f6zben folyamatos logisztikai ellen\u0151rz\u00e9st \u00e9s nyomon k\u00f6vet\u00e9st biztos\u00edtunk a teljes \u00fat sor\u00e1n.<\/p><p data-start=\"704\" data-end=\"840\" data-is-last-node=\"\" data-is-only-node=\"\">Ha Castell\u00f3nb\u00f3l Castilla y Le\u00f3n b\u00e1rmely pontj\u00e1ra szeretne \u00e1rut k\u00fcldeni, b\u00edzzon egy gyors, hat\u00e9kony \u00e9s megb\u00edzhat\u00f3 szolg\u00e1ltat\u00e1sban.<\/p><\/div><\/div><\/div><\/div><\/div>\t\t\t\t\t\t\t\t<\/div>\n\t\t\t\t<\/div>\n\t\t\t\t\t<\/div>\n\t\t\t\t<\/div>\n\t\t<div class=\"elementor-element elementor-element-f173542 e-flex e-con-boxed e-con e-parent\" data-id=\"f173542\" data-element_type=\"container\" data-settings=\"{&quot;background_background&quot;:&quot;classic&quot;}\">\n\t\t\t\t\t<div class=\"e-con-inner\">\n\t\t<div class=\"elementor-element elementor-element-19b66e5 e-con-full e-flex e-con e-child\" data-id=\"19b66e5\" data-element_type=\"container\">\n\t\t\t\t<div class=\"elementor-element elementor-element-88e09ec elementor-widget elementor-widget-image\" data-id=\"88e09ec\" data-element_type=\"widget\" data-widget_type=\"image.default\">\n\t\t\t\t\t\t\t\t\t\t\t\t\t\t\t<img decoding=\"async\" width=\"540\" height=\"400\" src=\"https:\/\/logisticanebot.com\/wp-content\/uploads\/2026\/05\/szallitmanyozo-ceg-castellonban.jpg\" class=\"attachment-large size-large wp-image-1361\" alt=\"sz\u00e1ll\u00edtm\u00e1nyoz\u00f3 c\u00e9g castellonban\" srcset=\"https:\/\/logisticanebot.com\/wp-content\/uploads\/2026\/05\/szallitmanyozo-ceg-castellonban.jpg 540w, https:\/\/logisticanebot.com\/wp-content\/uploads\/2026\/05\/szallitmanyozo-ceg-castellonban-300x222.jpg 300w\" sizes=\"(max-width: 540px) 100vw, 540px\" \/>\t\t\t\t\t\t\t\t\t\t\t\t\t\t\t<\/div>\n\t\t\t\t<\/div>\n\t\t<div class=\"elementor-element elementor-element-fb392ed e-con-full e-flex e-con e-child\" data-id=\"fb392ed\" data-element_type=\"container\">\n\t\t<div class=\"elementor-element elementor-element-7e673b0 e-con-full e-flex e-con e-child\" data-id=\"7e673b0\" data-element_type=\"container\">\n\t\t\t\t<div class=\"elementor-element elementor-element-d678e3f elementor-widget elementor-widget-heading\" data-id=\"d678e3f\" data-element_type=\"widget\" data-widget_type=\"heading.default\">\n\t\t\t\t\t<h2 class=\"elementor-heading-title elementor-size-default\">\u00datvonalak Castell\u00f3n \u2013 Gal\u00edcia \u00e9s Portug\u00e1lia \u00e9szaki r\u00e9sze<\/h2>\t\t\t\t<\/div>\n\t\t\t\t<div class=\"elementor-element elementor-element-80489e3 elementor-widget elementor-widget-heading\" data-id=\"80489e3\" data-element_type=\"widget\" data-widget_type=\"heading.default\">\n\t\t\t\t\t<p class=\"elementor-heading-title elementor-size-default\">NAPI SZ\u00c1LL\u00cdT\u00c1SI \u00daTVONALAK GAL\u00cdCI\u00c1BA \u00c9S PORTUG\u00c1LI\u00c1BA<\/p>\t\t\t\t<\/div>\n\t\t\t\t<\/div>\n\t\t\t\t<div class=\"elementor-element elementor-element-a34d1ba elementor-widget elementor-widget-text-editor\" data-id=\"a34d1ba\" data-element_type=\"widget\" data-widget_type=\"text-editor.default\">\n\t\t\t\t\t\t\t\t\t<div class=\"text-base my-auto mx-auto pb-10 [--thread-content-margin:--spacing(4)] thread-sm:[--thread-content-margin:--spacing(6)] thread-lg:[--thread-content-margin:--spacing(16)] px-(--thread-content-margin)\"><div class=\"[--thread-content-max-width:40rem] thread-lg:[--thread-content-max-width:48rem] mx-auto max-w-(--thread-content-max-width) flex-1 group\/turn-messages focus-visible:outline-hidden relative flex w-full min-w-0 flex-col agent-turn\" tabindex=\"-1\"><div class=\"flex max-w-full flex-col grow\"><div class=\"min-h-8 text-message relative flex w-full flex-col items-end gap-2 text-start break-words whitespace-normal [.text-message+&amp;]:mt-1\" dir=\"auto\" data-message-author-role=\"assistant\" data-message-id=\"915546e3-aced-4ac9-8170-1a8398787224\" data-message-model-slug=\"gpt-5\"><div class=\"flex w-full flex-col gap-1 empty:hidden first:pt-[1px]\"><p data-start=\"44\" data-end=\"238\">A Logistica Nebot napi sz\u00e1ll\u00edt\u00e1si szolg\u00e1ltat\u00e1st k\u00edn\u00e1l Castell\u00f3nb\u00f3l Gal\u00edci\u00e1ba \u00e9s Portug\u00e1li\u00e1ba, garant\u00e1lva a gyorsas\u00e1got, a pontoss\u00e1got \u00e9s a maxim\u00e1lis biztons\u00e1got minden k\u00fcldem\u00e9ny eset\u00e9ben.<\/p><p data-start=\"240\" data-end=\"480\">Rendszeresen lefedj\u00fck a f\u0151bb \u00fatvonalakat Gal\u00edcia ir\u00e1ny\u00e1ba (A Coru\u00f1a, Lugo, Ourense \u00e9s Pontevedra), valamint Portug\u00e1li\u00e1ba, az \u00fcgyfelek egyedi ig\u00e9nyeihez igazodva \u2013 a teljes rakom\u00e1nyokt\u00f3l kezdve a csomagsz\u00e1ll\u00edt\u00e1son \u00e1t a gy\u0171jt\u0151sz\u00e1ll\u00edt\u00e1sig.<\/p><p data-start=\"482\" data-end=\"694\">Csapatunk minden m\u0171veletet prec\u00edzen koordin\u00e1l, hogy az \u00e1ru a lehet\u0151 legr\u00f6videbb id\u0151 alatt c\u00e9lba \u00e9rjen, mik\u00f6zben teljes k\u00f6r\u0171 logisztikai ellen\u0151rz\u00e9st \u00e9s folyamatos nyomon k\u00f6vet\u00e9st biztos\u00edtunk a teljes \u00fat sor\u00e1n.<\/p><p data-start=\"696\" data-end=\"836\" data-is-last-node=\"\" data-is-only-node=\"\">Ha Castell\u00f3nb\u00f3l Gal\u00edci\u00e1ba vagy Portug\u00e1li\u00e1ba szeretne \u00e1rut k\u00fcldeni, b\u00edzzon egy gyors, hat\u00e9kony \u00e9s teljesen megb\u00edzhat\u00f3 szolg\u00e1ltat\u00e1sban.<\/p><\/div><\/div><\/div><\/div><\/div>\t\t\t\t\t\t\t\t<\/div>\n\t\t\t\t<\/div>\n\t\t\t\t\t<\/div>\n\t\t\t\t<\/div>\n\t\t<div class=\"elementor-element elementor-element-6cdff52 e-flex e-con-boxed e-con e-parent\" data-id=\"6cdff52\" data-element_type=\"container\" data-settings=\"{&quot;background_background&quot;:&quot;classic&quot;}\">\n\t\t\t\t\t<div class=\"e-con-inner\">\n\t\t<div class=\"elementor-element elementor-element-bb8f967 e-con-full e-flex e-con e-child\" data-id=\"bb8f967\" data-element_type=\"container\">\n\t\t\t\t<div class=\"elementor-element elementor-element-d2f1fc0 elementor-widget elementor-widget-heading\" data-id=\"d2f1fc0\" data-element_type=\"widget\" data-widget_type=\"heading.default\">\n\t\t\t\t\t<h2 class=\"elementor-heading-title elementor-size-default\">NEMZETI \u00daTVONALAK CASTELL\u00d3N \u2013 CASTILLA Y LE\u00d3N<\/h2>\t\t\t\t<\/div>\n\t\t\t\t<div class=\"elementor-element elementor-element-63dec41 elementor-widget elementor-widget-heading\" data-id=\"63dec41\" data-element_type=\"widget\" data-widget_type=\"heading.default\">\n\t\t\t\t\t<p class=\"elementor-heading-title elementor-size-default\">Ameddig csak el szeretne jutni<\/p>\t\t\t\t<\/div>\n\t\t\t\t<div class=\"elementor-element elementor-element-8ac2727 elementor-widget elementor-widget-text-editor\" data-id=\"8ac2727\" data-element_type=\"widget\" data-widget_type=\"text-editor.default\">\n\t\t\t\t\t\t\t\t\t<p>Ha \u00e1rusz\u00e1ll\u00edt\u00e1sra van sz\u00fcks\u00e9ge, a Logistica Nebot sz\u00e9les j\u00e1rm\u0171flott\u00e1val rendelkezik nagy t\u00f6meg\u0171 sz\u00e1ll\u00edt\u00e1shoz, \u00e9lelmiszeripari term\u00e9kekhez \u00e9s m\u00e9g sok m\u00e1s ter\u00fclethez. K\u00e9rjen \u00e1raj\u00e1nlatot k\u00f6telezetts\u00e9g n\u00e9lk\u00fcl.<\/p>\t\t\t\t\t\t\t\t<\/div>\n\t\t\t\t<div class=\"elementor-element elementor-element-3af17f1 elementor-mobile-align-center elementor-widget elementor-widget-button\" data-id=\"3af17f1\" data-element_type=\"widget\" data-widget_type=\"button.default\">\n\t\t\t\t\t\t\t\t\t\t<a class=\"elementor-button elementor-button-link elementor-size-sm\" href=\"\/hu\/kapcsolat\/\">\n\t\t\t\t\t\t<span class=\"elementor-button-content-wrapper\">\n\t\t\t\t\t\t<span class=\"elementor-button-icon\">\n\t\t\t\t<svg aria-hidden=\"true\" class=\"e-font-icon-svg e-fas-arrow-right\" viewBox=\"0 0 448 512\" xmlns=\"http:\/\/www.w3.org\/2000\/svg\"><path d=\"M190.5 66.9l22.2-22.2c9.4-9.4 24.6-9.4 33.9 0L441 239c9.4 9.4 9.4 24.6 0 33.9L246.6 467.3c-9.4 9.4-24.6 9.4-33.9 0l-22.2-22.2c-9.5-9.5-9.3-25 .4-34.3L311.4 296H24c-13.3 0-24-10.7-24-24v-32c0-13.3 10.7-24 24-24h287.4L190.9 101.2c-9.8-9.3-10-24.8-.4-34.3z\"><\/path><\/svg>\t\t\t<\/span>\n\t\t\t\t\t\t\t\t\t<span class=\"elementor-button-text\">K\u00c9RJEN \u00c1RAJ\u00c1NLATOT<\/span>\n\t\t\t\t\t<\/span>\n\t\t\t\t\t<\/a>\n\t\t\t\t\t\t\t\t<\/div>\n\t\t\t\t<\/div>\n\t\t\t\t\t<\/div>\n\t\t\t\t<\/div>\n\t\t\t\t<\/div>\n\t\t","protected":false},"excerpt":{"rendered":"<p>Logisztikai szolg\u00e1ltat\u00e1sok A Logistica Nebot sz\u00e9les k\u00f6r\u0171 logisztikai szolg\u00e1ltat\u00e1sokat k\u00edn\u00e1l, hogy \u00f6sszek\u00f6ss\u00fck \u00d6nt a c\u00e9l\u00e1llom\u00e1s\u00e1val. B\u00edzza r\u00e1nk. \u00c1gazatok, amelyekben dolgozunk A Logistica Nebot sz\u00e1mos k\u00fcl\u00f6nb\u00f6z\u0151 \u00e1gazatnak ny\u00fajt szolg\u00e1ltat\u00e1sokat, amelyek ig\u00e9nylik megold\u00e1sainkat. Nagy teherb\u00edr\u00e1s 10 nyerges vontat\u00f3b\u00f3l \u00e9s 15 f\u00e9lp\u00f3tkocsib\u00f3l \u00e1ll\u00f3 flott\u00e1nkkal mi vagyunk a r\u00e9gi\u00f3 egyik legnagyobb faanyag-sz\u00e1ll\u00edt\u00e1si volumen\u00e9vel rendelkez\u0151 v\u00e1llalata Castilla y Le\u00f3n fel\u00e9. [&hellip;]<\/p>\n","protected":false},"author":1,"featured_media":0,"parent":0,"menu_order":0,"comment_status":"closed","ping_status":"open","template":"","meta":{"_joinchat":[],"footnotes":""},"class_list":["post-739","page","type-page","status-publish","hentry"],"aioseo_notices":[],"_links":{"self":[{"href":"https:\/\/logisticanebot.com\/hu\/wp-json\/wp\/v2\/pages\/739","targetHints":{"allow":["GET"]}}],"collection":[{"href":"https:\/\/logisticanebot.com\/hu\/wp-json\/wp\/v2\/pages"}],"about":[{"href":"https:\/\/logisticanebot.com\/hu\/wp-json\/wp\/v2\/types\/page"}],"author":[{"embeddable":true,"href":"https:\/\/logisticanebot.com\/hu\/wp-json\/wp\/v2\/users\/1"}],"replies":[{"embeddable":true,"href":"https:\/\/logisticanebot.com\/hu\/wp-json\/wp\/v2\/comments?post=739"}],"version-history":[{"count":11,"href":"https:\/\/logisticanebot.com\/hu\/wp-json\/wp\/v2\/pages\/739\/revisions"}],"predecessor-version":[{"id":1371,"href":"https:\/\/logisticanebot.com\/hu\/wp-json\/wp\/v2\/pages\/739\/revisions\/1371"}],"wp:attachment":[{"href":"https:\/\/logisticanebot.com\/hu\/wp-json\/wp\/v2\/media?parent=739"}],"curies":[{"name":"wp","href":"https:\/\/api.w.org\/{rel}","templated":true}]}}