{"id":731,"date":"2025-10-29T08:03:01","date_gmt":"2025-10-29T08:03:01","guid":{"rendered":"https:\/\/logisticanebot.com\/quienes-somos\/"},"modified":"2026-05-05T10:53:54","modified_gmt":"2026-05-05T10:53:54","slug":"rolunk","status":"publish","type":"page","link":"https:\/\/logisticanebot.com\/hu\/rolunk\/","title":{"rendered":"Kik vagyunk"},"content":{"rendered":"\t\t<div data-elementor-type=\"wp-page\" data-elementor-id=\"731\" class=\"elementor elementor-731\">\n\t\t\t\t<div class=\"elementor-element elementor-element-247ef5d e-flex e-con-boxed e-con e-parent\" data-id=\"247ef5d\" data-element_type=\"container\" data-settings=\"{&quot;background_background&quot;:&quot;classic&quot;}\">\n\t\t\t\t\t<div class=\"e-con-inner\">\n\t\t<div class=\"elementor-element elementor-element-bcb773e e-con-full e-flex e-con e-child\" data-id=\"bcb773e\" data-element_type=\"container\">\n\t\t\t\t<div class=\"elementor-element elementor-element-948d161 elementor-widget elementor-widget-heading\" data-id=\"948d161\" data-element_type=\"widget\" data-widget_type=\"heading.default\">\n\t\t\t\t\t<h2 class=\"elementor-heading-title elementor-size-default\">LOG\u00cdSTICA NEBOT<\/h2>\t\t\t\t<\/div>\n\t\t\t\t<div class=\"elementor-element elementor-element-fb0479a elementor-widget elementor-widget-heading\" data-id=\"fb0479a\" data-element_type=\"widget\" data-widget_type=\"heading.default\">\n\t\t\t\t\t<h2 class=\"elementor-heading-title elementor-size-default\">1970 \u00f3ta<\/h2>\t\t\t\t<\/div>\n\t\t\t\t<div class=\"elementor-element elementor-element-28525f2 elementor-widget elementor-widget-text-editor\" data-id=\"28525f2\" data-element_type=\"widget\" data-widget_type=\"text-editor.default\">\n\t\t\t\t\t\t\t\t\t<p data-start=\"44\" data-end=\"263\">Salvador Nebot Bienvenida 1970-ben kezdte meg tev\u00e9kenys\u00e9g\u00e9t mint hivat\u00e1sos fuvaroz\u00f3 Spanyolorsz\u00e1g ter\u00fclet\u00e9n, de m\u00e1r 1984-ben teheraut\u00f3i eg\u00e9sz Castilla y Le\u00f3n ter\u00fclet\u00e9t bej\u00e1rt\u00e1k Almazor\u00e1ban tal\u00e1lhat\u00f3 sz\u00e9khely\u00e9r\u0151l.<\/p><p data-start=\"265\" data-end=\"596\" data-is-last-node=\"\" data-is-only-node=\"\">T\u00f6bb mint 40 \u00e9v telt el az\u00f3ta, \u00e9s a folyamatos n\u00f6veked\u00e9s, valamint a sz\u00e1ll\u00edtm\u00e1nyoz\u00e1sba bevezetett leg\u00fajabb technol\u00f3gi\u00e1k \u00e9s munkarendszerek ir\u00e1nti elk\u00f6telezetts\u00e9g ellen\u00e9re a Logistica Nebot tov\u00e1bbra is egy csal\u00e1di v\u00e1llalkoz\u00e1s, amelyet nagyra \u00e9rt\u00e9kelnek \u00e9s tisztelnek a sz\u00e1ll\u00edtm\u00e1nyoz\u00e1si \u00e9s logisztikai szektorban Castell\u00f3nban.<\/p>\t\t\t\t\t\t\t\t<\/div>\n\t\t\t\t<\/div>\n\t\t\t\t\t<\/div>\n\t\t\t\t<\/div>\n\t\t<div class=\"elementor-element elementor-element-f408a6d e-flex e-con-boxed e-con e-parent\" data-id=\"f408a6d\" data-element_type=\"container\" data-settings=\"{&quot;background_background&quot;:&quot;classic&quot;}\">\n\t\t\t\t\t<div class=\"e-con-inner\">\n\t\t<div class=\"elementor-element elementor-element-81feec9 e-con-full e-flex e-con e-child\" data-id=\"81feec9\" data-element_type=\"container\">\n\t\t\t\t<div class=\"elementor-element elementor-element-b5df5d8 elementor-widget elementor-widget-image\" data-id=\"b5df5d8\" data-element_type=\"widget\" data-widget_type=\"image.default\">\n\t\t\t\t\t\t\t\t\t\t\t\t\t\t\t<img fetchpriority=\"high\" decoding=\"async\" width=\"700\" height=\"500\" src=\"https:\/\/logisticanebot.com\/wp-content\/uploads\/2026\/05\/castelloni-szallitas.jpg\" class=\"attachment-large size-large wp-image-1349\" alt=\"castelloni sz\u00e1ll\u00edt\u00e1s\" srcset=\"https:\/\/logisticanebot.com\/wp-content\/uploads\/2026\/05\/castelloni-szallitas.jpg 700w, https:\/\/logisticanebot.com\/wp-content\/uploads\/2026\/05\/castelloni-szallitas-300x214.jpg 300w\" sizes=\"(max-width: 700px) 100vw, 700px\" \/>\t\t\t\t\t\t\t\t\t\t\t\t\t\t\t<\/div>\n\t\t\t\t<\/div>\n\t\t<div class=\"elementor-element elementor-element-6b64f03 e-con-full e-flex e-con e-child\" data-id=\"6b64f03\" data-element_type=\"container\">\n\t\t\t\t<div class=\"elementor-element elementor-element-409d125 elementor-widget elementor-widget-heading\" data-id=\"409d125\" data-element_type=\"widget\" data-widget_type=\"heading.default\">\n\t\t\t\t\t<p class=\"elementor-heading-title elementor-size-default\">T\u00f6bb mint 50 \u00e9v tapasztalat a sz\u00e1ll\u00edtm\u00e1nyoz\u00e1si \u00e1gazatban<\/p>\t\t\t\t<\/div>\n\t\t\t\t<div class=\"elementor-element elementor-element-bb7f0ba elementor-widget elementor-widget-text-editor\" data-id=\"bb7f0ba\" data-element_type=\"widget\" data-widget_type=\"text-editor.default\">\n\t\t\t\t\t\t\t\t\t<p data-start=\"44\" data-end=\"266\">Salvador Nebot Bienvenida 1970-ben kezdte meg tev\u00e9kenys\u00e9g\u00e9t hivat\u00e1sos fuvaroz\u00f3k\u00e9nt Spanyolorsz\u00e1g ter\u00fclet\u00e9n, de m\u00e1r 1984-ben teheraut\u00f3i Castilla y Le\u00f3n teljes ter\u00fclet\u00e9t bej\u00e1rt\u00e1k az Almazor\u00e1ban tal\u00e1lhat\u00f3 sz\u00e9khely\u00e9r\u0151l.<\/p><p data-start=\"268\" data-end=\"599\" data-is-last-node=\"\" data-is-only-node=\"\">T\u00f6bb mint 40 \u00e9v telt el az\u00f3ta, \u00e9s a folyamatos n\u00f6veked\u00e9s, valamint a sz\u00e1ll\u00edtm\u00e1nyoz\u00e1sba bevezetett leg\u00fajabb technol\u00f3gi\u00e1k \u00e9s munkarendszerek ir\u00e1nti elk\u00f6telezetts\u00e9g ellen\u00e9re a Logistica Nebot tov\u00e1bbra is egy csal\u00e1di v\u00e1llalkoz\u00e1s, amelyet nagyra \u00e9rt\u00e9kelnek \u00e9s tisztelnek a sz\u00e1ll\u00edtm\u00e1nyoz\u00e1si \u00e9s logisztikai szektorban Castell\u00f3nban.<\/p>\t\t\t\t\t\t\t\t<\/div>\n\t\t\t\t<\/div>\n\t\t\t\t\t<\/div>\n\t\t\t\t<\/div>\n\t\t<div class=\"elementor-element elementor-element-c7de563 e-flex e-con-boxed e-con e-parent\" data-id=\"c7de563\" data-element_type=\"container\">\n\t\t\t\t\t<div class=\"e-con-inner\">\n\t\t\t\t<div class=\"elementor-element elementor-element-e598632 elementor-widget elementor-widget-heading\" data-id=\"e598632\" data-element_type=\"widget\" data-widget_type=\"heading.default\">\n\t\t\t\t\t<h2 class=\"elementor-heading-title elementor-size-default\">T\u00f6rt\u00e9net\u00fcnk<\/h2>\t\t\t\t<\/div>\n\t\t<div class=\"elementor-element elementor-element-32fd3ad e-con-full e-flex e-con e-child\" data-id=\"32fd3ad\" data-element_type=\"container\">\n\t\t<div class=\"elementor-element elementor-element-aea2846 e-con-full e-flex e-con e-child\" data-id=\"aea2846\" data-element_type=\"container\" data-settings=\"{&quot;background_background&quot;:&quot;classic&quot;}\">\n\t\t\t\t<div class=\"elementor-element elementor-element-5407339 elementor-widget elementor-widget-heading\" data-id=\"5407339\" data-element_type=\"widget\" data-widget_type=\"heading.default\">\n\t\t\t\t\t<h2 class=\"elementor-heading-title elementor-size-default\">1970<\/h2>\t\t\t\t<\/div>\n\t\t\t\t<\/div>\n\t\t<div class=\"elementor-element elementor-element-4084b17 e-con-full e-flex e-con e-child\" data-id=\"4084b17\" data-element_type=\"container\">\n\t\t\t\t<div class=\"elementor-element elementor-element-9b5292a elementor-widget elementor-widget-text-editor\" data-id=\"9b5292a\" data-element_type=\"widget\" data-widget_type=\"text-editor.default\">\n\t\t\t\t\t\t\t\t\t<div class=\"col1 marg_right1\"><p data-start=\"44\" data-end=\"236\">A Nebot sz\u00e1ll\u00edtm\u00e1nyoz\u00e1si v\u00e1llalat t\u00f6rt\u00e9nete 1970-ben kezd\u0151d\u00f6tt, amikor az alap\u00edt\u00f3, Salvador Nebot Bienvenida egy\u00e9ni v\u00e1llalkoz\u00f3k\u00e9nt megkezdte tev\u00e9kenys\u00e9g\u00e9t a sz\u00e1ll\u00edtm\u00e1nyoz\u00e1si szektorban.<\/p><p data-start=\"238\" data-end=\"439\" data-is-last-node=\"\" data-is-only-node=\"\">Nagy er\u0151fesz\u00edt\u00e9ssel \u00e9s elhivatotts\u00e1ggal szolg\u00e1lta ki a Castell\u00f3n tartom\u00e1ny kisv\u00e1llalatait, \u00e9s ezzel megkezdte az utat, valamint felhalmozta a tapasztalatokat egy j\u00f6v\u0151beli \u00fczleti projekt sz\u00e1m\u00e1ra.<\/p><\/div>\t\t\t\t\t\t\t\t<\/div>\n\t\t\t\t<\/div>\n\t\t\t\t<\/div>\n\t\t<div class=\"elementor-element elementor-element-55bcec2 e-con-full e-flex e-con e-child\" data-id=\"55bcec2\" data-element_type=\"container\">\n\t\t<div class=\"elementor-element elementor-element-2b6d074 e-con-full e-flex e-con e-child\" data-id=\"2b6d074\" data-element_type=\"container\" data-settings=\"{&quot;background_background&quot;:&quot;classic&quot;}\">\n\t\t\t\t<div class=\"elementor-element elementor-element-1e9fc6c elementor-widget elementor-widget-heading\" data-id=\"1e9fc6c\" data-element_type=\"widget\" data-widget_type=\"heading.default\">\n\t\t\t\t\t<h2 class=\"elementor-heading-title elementor-size-default\">1994<\/h2>\t\t\t\t<\/div>\n\t\t\t\t<\/div>\n\t\t<div class=\"elementor-element elementor-element-e64a67a e-con-full e-flex e-con e-child\" data-id=\"e64a67a\" data-element_type=\"container\">\n\t\t\t\t<div class=\"elementor-element elementor-element-85cfb2f elementor-widget elementor-widget-text-editor\" data-id=\"85cfb2f\" data-element_type=\"widget\" data-widget_type=\"text-editor.default\">\n\t\t\t\t\t\t\t\t\t<div class=\"col1 marg_right1\"><p>A szektorban szerzett 25 \u00e9ves tapasztalattal egybeesve megalap\u00edtott\u00e1k a Transportes Nebot S.L. t\u00e1rsas\u00e1got. Ebben az id\u0151szakban Castell\u00f3n tartom\u00e1ny nagyv\u00e1llalatai is megb\u00edznak a c\u00e9g szolg\u00e1ltat\u00e1saiban, amely t\u00e1rsas\u00e1gk\u00e9nt indul, saj\u00e1t, n\u00e9gy teheraut\u00f3b\u00f3l \u00e1ll\u00f3 flott\u00e1val.<\/p><\/div>\t\t\t\t\t\t\t\t<\/div>\n\t\t\t\t<\/div>\n\t\t\t\t<\/div>\n\t\t<div class=\"elementor-element elementor-element-ea1ee25 e-con-full e-flex e-con e-child\" data-id=\"ea1ee25\" data-element_type=\"container\">\n\t\t<div class=\"elementor-element elementor-element-fb4486a e-con-full e-flex e-con e-child\" data-id=\"fb4486a\" data-element_type=\"container\" data-settings=\"{&quot;background_background&quot;:&quot;classic&quot;}\">\n\t\t\t\t<div class=\"elementor-element elementor-element-5d82649 elementor-widget elementor-widget-heading\" data-id=\"5d82649\" data-element_type=\"widget\" data-widget_type=\"heading.default\">\n\t\t\t\t\t<h2 class=\"elementor-heading-title elementor-size-default\">2001<\/h2>\t\t\t\t<\/div>\n\t\t\t\t<\/div>\n\t\t<div class=\"elementor-element elementor-element-130a396 e-con-full e-flex e-con e-child\" data-id=\"130a396\" data-element_type=\"container\">\n\t\t\t\t<div class=\"elementor-element elementor-element-b081d1f elementor-widget elementor-widget-text-editor\" data-id=\"b081d1f\" data-element_type=\"widget\" data-widget_type=\"text-editor.default\">\n\t\t\t\t\t\t\t\t\t<div class=\"col1 marg_right1\"><p data-start=\"44\" data-end=\"336\">A Transportes Nebot S.L. n\u00f6veked\u00e9se t\u00e9ny. 2001-ben mintegy h\u00fasz saj\u00e1t j\u00e1rm\u0171b\u0151l \u00e1ll\u00f3 flott\u00e1val rendelkezik, \u00e9s bevezeti a Logisztikai rakt\u00e1r szolg\u00e1ltat\u00e1st, amikor megnyitja \u00faj l\u00e9tes\u00edtm\u00e9nyeit, t\u00f6bb mint 7000 n\u00e9gyzetm\u00e9ternyi ter\u00fclettel rakt\u00e1roz\u00e1sra, a flotta parkol\u00e1s\u00e1ra \u00e9s m\u0171helymunk\u00e1ra.<\/p><p data-start=\"338\" data-end=\"514\" data-is-last-node=\"\" data-is-only-node=\"\">A Transportes Nebot S.L. a Castell\u00f3n tartom\u00e1ny sz\u00e1ll\u00edtm\u00e1nyoz\u00e1si szektor\u00e1ban egy meger\u0151s\u00f6d\u00f6tt v\u00e1llalat, \u00e9s n\u00f6veked\u00e9s\u00e9t egy orsz\u00e1gos terjeszked\u00e9si projekt r\u00e9v\u00e9n folytatja.<\/p><\/div>\t\t\t\t\t\t\t\t<\/div>\n\t\t\t\t<\/div>\n\t\t\t\t<\/div>\n\t\t<div class=\"elementor-element elementor-element-4803dc0 e-con-full e-flex e-con e-child\" data-id=\"4803dc0\" data-element_type=\"container\">\n\t\t<div class=\"elementor-element elementor-element-b5bc42f e-con-full e-flex e-con e-child\" data-id=\"b5bc42f\" data-element_type=\"container\" data-settings=\"{&quot;background_background&quot;:&quot;classic&quot;}\">\n\t\t\t\t<div class=\"elementor-element elementor-element-5173b75 elementor-widget elementor-widget-heading\" data-id=\"5173b75\" data-element_type=\"widget\" data-widget_type=\"heading.default\">\n\t\t\t\t\t<h2 class=\"elementor-heading-title elementor-size-default\">2007<\/h2>\t\t\t\t<\/div>\n\t\t\t\t<\/div>\n\t\t<div class=\"elementor-element elementor-element-aa00969 e-con-full e-flex e-con e-child\" data-id=\"aa00969\" data-element_type=\"container\">\n\t\t\t\t<div class=\"elementor-element elementor-element-57bf5d5 elementor-widget elementor-widget-text-editor\" data-id=\"57bf5d5\" data-element_type=\"widget\" data-widget_type=\"text-editor.default\">\n\t\t\t\t\t\t\t\t\t<div class=\"col1 marg_right1\"><p data-start=\"44\" data-end=\"164\">A Logistica Nebot, S.L. a v\u00e1llalat gener\u00e1ci\u00f3v\u00e1lt\u00e1s\u00e1b\u00f3l j\u00f6tt l\u00e9tre, amelyet az alap\u00edt\u00f3 fia, Alberto Nebot vesz \u00e1t.<\/p><p data-start=\"166\" data-end=\"372\">Ezzel a v\u00e1ltoz\u00e1ssal a flotta alkalmazkodik az \u00faj eur\u00f3pai szab\u00e1lyoz\u00e1shoz, GPS \u00e9s m\u0171holdas nyomk\u00f6vet\u0151 rendszerek telep\u00edt\u00e9s\u00e9vel. Emellett \u00faj j\u00e1rm\u0171veket is beszereznek a neh\u00e9z \u00e1ruk sz\u00e1ll\u00edt\u00e1s\u00e1nak lefed\u00e9s\u00e9re.<\/p><p data-start=\"374\" data-end=\"491\" data-is-last-node=\"\" data-is-only-node=\"\">Tov\u00e1bb\u00e1 a nemzetk\u00f6ziesed\u00e9si projekt is megval\u00f3sul, Portug\u00e1li\u00e1ba \u00e9s Marokk\u00f3ba ir\u00e1nyul\u00f3 \u00fatvonalak bevezet\u00e9s\u00e9vel.<\/p><\/div>\t\t\t\t\t\t\t\t<\/div>\n\t\t\t\t<\/div>\n\t\t\t\t<\/div>\n\t\t<div class=\"elementor-element elementor-element-c39fec8 e-con-full e-flex e-con e-child\" data-id=\"c39fec8\" data-element_type=\"container\">\n\t\t<div class=\"elementor-element elementor-element-4d6c320 e-con-full e-flex e-con e-child\" data-id=\"4d6c320\" data-element_type=\"container\" data-settings=\"{&quot;background_background&quot;:&quot;classic&quot;}\">\n\t\t\t\t<div class=\"elementor-element elementor-element-e91674c elementor-widget elementor-widget-heading\" data-id=\"e91674c\" data-element_type=\"widget\" data-widget_type=\"heading.default\">\n\t\t\t\t\t<h2 class=\"elementor-heading-title elementor-size-default\">2025<\/h2>\t\t\t\t<\/div>\n\t\t\t\t<\/div>\n\t\t<div class=\"elementor-element elementor-element-1bfd977 e-con-full e-flex e-con e-child\" data-id=\"1bfd977\" data-element_type=\"container\">\n\t\t\t\t<div class=\"elementor-element elementor-element-d493764 elementor-widget elementor-widget-text-editor\" data-id=\"d493764\" data-element_type=\"widget\" data-widget_type=\"text-editor.default\">\n\t\t\t\t\t\t\t\t\t<div class=\"col1 marg_right1\"><p data-start=\"44\" data-end=\"192\">A Logistica Nebot, S.L. a v\u00e1llalat gener\u00e1ci\u00f3v\u00e1lt\u00e1s\u00e1nak eredm\u00e9nyek\u00e9nt j\u00f6tt l\u00e9tre, amelynek ir\u00e1ny\u00edt\u00e1s\u00e1t az alap\u00edt\u00f3 fia, Alberto Nebot vette \u00e1t.<\/p><p data-start=\"194\" data-end=\"402\">Ezzel a v\u00e1ltoz\u00e1ssal a flotta alkalmazkodik az \u00faj eur\u00f3pai szab\u00e1lyoz\u00e1sokhoz GPS-rendszerek \u00e9s m\u0171holdas nyomk\u00f6vet\u00e9s bevezet\u00e9s\u00e9vel. Emellett \u00faj j\u00e1rm\u0171veket is beszereznek a neh\u00e9z \u00e1ruk sz\u00e1ll\u00edt\u00e1s\u00e1nak lefed\u00e9s\u00e9re.<\/p><p data-start=\"404\" data-end=\"520\" data-is-last-node=\"\" data-is-only-node=\"\">Tov\u00e1bb\u00e1 a nemzetk\u00f6ziesed\u00e9si projekt is megval\u00f3sul Portug\u00e1li\u00e1ba \u00e9s Marokk\u00f3ba ir\u00e1nyul\u00f3 \u00fatvonalak bevezet\u00e9s\u00e9vel.<\/p><\/div>\t\t\t\t\t\t\t\t<\/div>\n\t\t\t\t<\/div>\n\t\t\t\t<\/div>\n\t\t\t\t\t<\/div>\n\t\t\t\t<\/div>\n\t\t<div class=\"elementor-element elementor-element-62473db e-flex e-con-boxed e-con e-parent\" data-id=\"62473db\" data-element_type=\"container\" data-settings=\"{&quot;background_background&quot;:&quot;classic&quot;}\">\n\t\t\t\t\t<div class=\"e-con-inner\">\n\t\t\t\t<div class=\"elementor-element elementor-element-af24e1b elementor-widget elementor-widget-heading\" data-id=\"af24e1b\" data-element_type=\"widget\" data-widget_type=\"heading.default\">\n\t\t\t\t\t<h2 class=\"elementor-heading-title elementor-size-default\">QAP min\u0151s\u00e9gi tan\u00fas\u00edtv\u00e1ny<\/h2>\t\t\t\t<\/div>\n\t\t\t\t<div class=\"elementor-element elementor-element-6646896 elementor-widget elementor-widget-heading\" data-id=\"6646896\" data-element_type=\"widget\" data-widget_type=\"heading.default\">\n\t\t\t\t\t<p class=\"elementor-heading-title elementor-size-default\">Bizony\u00edtjuk elk\u00f6telezetts\u00e9g\u00fcnket \u00e9s k\u00f6zels\u00e9g\u00fcnket<\/p>\t\t\t\t<\/div>\n\t\t<div class=\"elementor-element elementor-element-25e8b9c e-con-full e-flex e-con e-child\" data-id=\"25e8b9c\" data-element_type=\"container\">\n\t\t<div class=\"elementor-element elementor-element-a85516f e-con-full e-flex e-con e-child\" data-id=\"a85516f\" data-element_type=\"container\">\n\t\t\t\t<div class=\"elementor-element elementor-element-242eeb3 elementor-widget elementor-widget-image\" data-id=\"242eeb3\" data-element_type=\"widget\" data-widget_type=\"image.default\">\n\t\t\t\t\t\t\t\t\t\t\t\t\t\t\t<img decoding=\"async\" width=\"114\" height=\"46\" src=\"https:\/\/logisticanebot.com\/wp-content\/uploads\/2026\/05\/minosegi-belyeg.gif\" class=\"attachment-large size-large wp-image-1353\" alt=\"min\u0151s\u00e9gi b\u00e9lyeg\" \/>\t\t\t\t\t\t\t\t\t\t\t\t\t\t\t<\/div>\n\t\t\t\t<\/div>\n\t\t<div class=\"elementor-element elementor-element-5ab9493 e-con-full e-flex e-con e-child\" data-id=\"5ab9493\" data-element_type=\"container\">\n\t\t\t\t<div class=\"elementor-element elementor-element-18885db elementor-widget elementor-widget-text-editor\" data-id=\"18885db\" data-element_type=\"widget\" data-widget_type=\"text-editor.default\">\n\t\t\t\t\t\t\t\t\t<p>A Logistica Nebot, S.L.U. rendelkezik a QAP min\u0151s\u00e9gi tan\u00fas\u00edtv\u00e1nnyal, ami azt jelenti, hogy a Wtransnet rendszerben tan\u00fas\u00edtott v\u00e1llalatk\u00e9nt szerepel, amely megfelelt a megb\u00edzhat\u00f3s\u00e1gi \u00e9s p\u00e9nz\u00fcgyi alkalmass\u00e1gi sz\u0171r\u0151knek, valamint v\u00e1llalta a k\u00f6z\u00f6ss\u00e9gi szab\u00e1lyok betart\u00e1s\u00e1ra vonatkoz\u00f3 k\u00f6telezetts\u00e9get.<\/p>\t\t\t\t\t\t\t\t<\/div>\n\t\t\t\t<\/div>\n\t\t\t\t<\/div>\n\t\t\t\t\t<\/div>\n\t\t\t\t<\/div>\n\t\t<div class=\"elementor-element elementor-element-a069de0 e-flex e-con-boxed e-con e-parent\" data-id=\"a069de0\" data-element_type=\"container\" data-settings=\"{&quot;background_background&quot;:&quot;classic&quot;}\">\n\t\t\t\t\t<div class=\"e-con-inner\">\n\t\t<div class=\"elementor-element elementor-element-7a80501 e-con-full e-flex e-con e-child\" data-id=\"7a80501\" data-element_type=\"container\">\n\t\t\t\t<div class=\"elementor-element elementor-element-3dafedc elementor-widget elementor-widget-heading\" data-id=\"3dafedc\" data-element_type=\"widget\" data-widget_type=\"heading.default\">\n\t\t\t\t\t<h2 class=\"elementor-heading-title elementor-size-default\">NEMZETI \u00daTVONALAK CASTELL\u00d3N \u2013 CASTILLA Y LE\u00d3N<\/h2>\t\t\t\t<\/div>\n\t\t\t\t<div class=\"elementor-element elementor-element-c1e4410 elementor-widget elementor-widget-heading\" data-id=\"c1e4410\" data-element_type=\"widget\" data-widget_type=\"heading.default\">\n\t\t\t\t\t<p class=\"elementor-heading-title elementor-size-default\">Ameddig csak el szeretne jutni<\/p>\t\t\t\t<\/div>\n\t\t\t\t<div class=\"elementor-element elementor-element-a961bea elementor-widget elementor-widget-text-editor\" data-id=\"a961bea\" data-element_type=\"widget\" data-widget_type=\"text-editor.default\">\n\t\t\t\t\t\t\t\t\t<p>Ha \u00e1rusz\u00e1ll\u00edt\u00e1sra van sz\u00fcks\u00e9ge, a Logistica Nebot sz\u00e9les j\u00e1rm\u0171flott\u00e1val rendelkezik nagy t\u00f6meg\u0171 sz\u00e1ll\u00edt\u00e1shoz, \u00e9lelmiszeripari term\u00e9kekhez \u00e9s m\u00e9g sok m\u00e1s ter\u00fclethez. K\u00e9rjen \u00e1raj\u00e1nlatot k\u00f6telezetts\u00e9g n\u00e9lk\u00fcl.<\/p>\t\t\t\t\t\t\t\t<\/div>\n\t\t\t\t<div class=\"elementor-element elementor-element-514bddd elementor-mobile-align-center elementor-widget elementor-widget-button\" data-id=\"514bddd\" data-element_type=\"widget\" data-widget_type=\"button.default\">\n\t\t\t\t\t\t\t\t\t\t<a class=\"elementor-button elementor-button-link elementor-size-sm\" href=\"\/hu\/kapcsolat\/\">\n\t\t\t\t\t\t<span class=\"elementor-button-content-wrapper\">\n\t\t\t\t\t\t<span class=\"elementor-button-icon\">\n\t\t\t\t<svg aria-hidden=\"true\" class=\"e-font-icon-svg e-fas-arrow-right\" viewBox=\"0 0 448 512\" xmlns=\"http:\/\/www.w3.org\/2000\/svg\"><path d=\"M190.5 66.9l22.2-22.2c9.4-9.4 24.6-9.4 33.9 0L441 239c9.4 9.4 9.4 24.6 0 33.9L246.6 467.3c-9.4 9.4-24.6 9.4-33.9 0l-22.2-22.2c-9.5-9.5-9.3-25 .4-34.3L311.4 296H24c-13.3 0-24-10.7-24-24v-32c0-13.3 10.7-24 24-24h287.4L190.9 101.2c-9.8-9.3-10-24.8-.4-34.3z\"><\/path><\/svg>\t\t\t<\/span>\n\t\t\t\t\t\t\t\t\t<span class=\"elementor-button-text\">K\u00c9RJEN \u00c1RAJ\u00c1NLATOT<\/span>\n\t\t\t\t\t<\/span>\n\t\t\t\t\t<\/a>\n\t\t\t\t\t\t\t\t<\/div>\n\t\t\t\t<\/div>\n\t\t\t\t\t<\/div>\n\t\t\t\t<\/div>\n\t\t\t\t<\/div>\n\t\t","protected":false},"excerpt":{"rendered":"<p>LOG\u00cdSTICA NEBOT 1970 \u00f3ta Salvador Nebot Bienvenida 1970-ben kezdte meg tev\u00e9kenys\u00e9g\u00e9t mint hivat\u00e1sos fuvaroz\u00f3 Spanyolorsz\u00e1g ter\u00fclet\u00e9n, de m\u00e1r 1984-ben teheraut\u00f3i eg\u00e9sz Castilla y Le\u00f3n ter\u00fclet\u00e9t bej\u00e1rt\u00e1k Almazor\u00e1ban tal\u00e1lhat\u00f3 sz\u00e9khely\u00e9r\u0151l. T\u00f6bb mint 40 \u00e9v telt el az\u00f3ta, \u00e9s a folyamatos n\u00f6veked\u00e9s, valamint a sz\u00e1ll\u00edtm\u00e1nyoz\u00e1sba bevezetett leg\u00fajabb technol\u00f3gi\u00e1k \u00e9s munkarendszerek ir\u00e1nti elk\u00f6telezetts\u00e9g ellen\u00e9re a Logistica Nebot tov\u00e1bbra [&hellip;]<\/p>\n","protected":false},"author":1,"featured_media":0,"parent":0,"menu_order":0,"comment_status":"closed","ping_status":"closed","template":"","meta":{"_joinchat":[],"footnotes":""},"class_list":["post-731","page","type-page","status-publish","hentry"],"aioseo_notices":[],"_links":{"self":[{"href":"https:\/\/logisticanebot.com\/hu\/wp-json\/wp\/v2\/pages\/731","targetHints":{"allow":["GET"]}}],"collection":[{"href":"https:\/\/logisticanebot.com\/hu\/wp-json\/wp\/v2\/pages"}],"about":[{"href":"https:\/\/logisticanebot.com\/hu\/wp-json\/wp\/v2\/types\/page"}],"author":[{"embeddable":true,"href":"https:\/\/logisticanebot.com\/hu\/wp-json\/wp\/v2\/users\/1"}],"replies":[{"embeddable":true,"href":"https:\/\/logisticanebot.com\/hu\/wp-json\/wp\/v2\/comments?post=731"}],"version-history":[{"count":11,"href":"https:\/\/logisticanebot.com\/hu\/wp-json\/wp\/v2\/pages\/731\/revisions"}],"predecessor-version":[{"id":1368,"href":"https:\/\/logisticanebot.com\/hu\/wp-json\/wp\/v2\/pages\/731\/revisions\/1368"}],"wp:attachment":[{"href":"https:\/\/logisticanebot.com\/hu\/wp-json\/wp\/v2\/media?parent=731"}],"curies":[{"name":"wp","href":"https:\/\/api.w.org\/{rel}","templated":true}]}}