{"id":672,"date":"2025-10-28T11:45:54","date_gmt":"2025-10-28T11:45:54","guid":{"rendered":"https:\/\/logisticanebot.com\/aviso-legal\/"},"modified":"2026-05-05T07:05:41","modified_gmt":"2026-05-05T07:05:41","slug":"jogi-nyilatkozat","status":"publish","type":"page","link":"https:\/\/logisticanebot.com\/hu\/jogi-nyilatkozat\/","title":{"rendered":"Jogi nyilatkozat"},"content":{"rendered":"\t\t<div data-elementor-type=\"wp-page\" data-elementor-id=\"672\" class=\"elementor elementor-672\">\n\t\t\t\t<div class=\"elementor-element elementor-element-c516626 e-flex e-con-boxed e-con e-parent\" data-id=\"c516626\" data-element_type=\"container\">\n\t\t\t\t\t<div class=\"e-con-inner\">\n\t\t\t\t<div class=\"elementor-element elementor-element-0a9baaa elementor-widget elementor-widget-text-editor\" data-id=\"0a9baaa\" data-element_type=\"widget\" data-widget_type=\"text-editor.default\">\n\t\t\t\t\t\t\t\t\t<h1><span style=\"text-decoration: underline;\"><span role=\"text\"><strong data-start=\"103\" data-end=\"123\">JOGI NYILATKOZAT<\/strong><\/span><\/span><\/h1><p data-start=\"125\" data-end=\"326\">A 34\/2002. sz\u00e1m\u00fa, az inform\u00e1ci\u00f3s t\u00e1rsadalom szolg\u00e1ltat\u00e1sair\u00f3l \u00e9s az elektronikus kereskedelemr\u0151l sz\u00f3l\u00f3 t\u00f6rv\u00e9ny 10. cikk\u00e9nek val\u00f3 megfelel\u00e9s \u00e9rdek\u00e9ben t\u00e1j\u00e9koztatjuk a felhaszn\u00e1l\u00f3kat az al\u00e1bbi adatokr\u00f3l:<\/p><ul><li data-start=\"328\" data-end=\"641\"><strong data-start=\"328\" data-end=\"339\">C\u00e9gn\u00e9v:<\/strong> Logistica Nebot, S.L.U.<\/li><li data-start=\"328\" data-end=\"641\"><strong data-start=\"366\" data-end=\"379\">Sz\u00e9khely:<\/strong> C\/ San Roque, 39, Ludiente, 12123 Castell\u00f3n<\/li><li data-start=\"328\" data-end=\"641\"><strong data-start=\"426\" data-end=\"444\">Ad\u00f3sz\u00e1m (NIF):<\/strong> B12853875<\/li><li data-start=\"328\" data-end=\"641\"><strong data-start=\"457\" data-end=\"472\">C\u00e9gjegyz\u00e9k:<\/strong> A t\u00e1rsas\u00e1g be van jegyezve a Castell\u00f3ni C\u00e9gjegyz\u00e9kben, k\u00f6tet, oldal, lap<\/li><li data-start=\"328\" data-end=\"641\"><strong data-start=\"548\" data-end=\"560\">Telefon:<\/strong> +34 964 56 53 35<\/li><li data-start=\"328\" data-end=\"641\"><strong data-start=\"580\" data-end=\"591\">E-mail: <\/strong>alberto@logisticanebot.com<\/li><li data-start=\"328\" data-end=\"641\"><strong data-start=\"594\" data-end=\"607\">Weboldal:<\/strong> <a class=\"decorated-link\" href=\"https:\/\/www.logisticanebot.com\/\" target=\"_new\" rel=\"noopener\" data-start=\"608\" data-end=\"639\">https:\/\/www.logisticanebot.com\/<\/a><\/li><\/ul><p data-section-id=\"hr3hzz\" data-start=\"648\" data-end=\"661\"><span role=\"text\"><strong data-start=\"652\" data-end=\"661\">T\u00c1RGY<\/strong><\/span><\/p><p data-section-id=\"hr3hzz\" data-start=\"648\" data-end=\"661\">A Logistica Nebot, S.L.U. (a tov\u00e1bbiakban: szolg\u00e1ltat\u00f3), mint a weboldal \u00fczemeltet\u0151je, a felhaszn\u00e1l\u00f3k rendelkez\u00e9s\u00e9re bocs\u00e1tja jelen dokumentumot, amely szab\u00e1lyozza a <a class=\"decorated-link\" href=\"https:\/\/www.logisticanebot.com\/\" target=\"_new\" rel=\"noopener\" data-start=\"829\" data-end=\"860\">https:\/\/www.logisticanebot.com\/<\/a> weboldal haszn\u00e1lat\u00e1t, eleget t\u00e9ve a 34\/2002. sz\u00e1m\u00fa, az inform\u00e1ci\u00f3s t\u00e1rsadalom szolg\u00e1ltat\u00e1sair\u00f3l \u00e9s az elektronikus kereskedelemr\u0151l sz\u00f3l\u00f3 t\u00f6rv\u00e9ny (LSSICE vagy LSSI) el\u0151\u00edr\u00e1sainak, valamint t\u00e1j\u00e9koztatva a weboldal valamennyi felhaszn\u00e1l\u00f3j\u00e1t annak haszn\u00e1lati felt\u00e9teleir\u0151l.<\/p><p data-start=\"1131\" data-end=\"1514\">A weboldalhoz val\u00f3 hozz\u00e1f\u00e9r\u00e9s \u00e9s annak haszn\u00e1lata a l\u00e1togat\u00f3t felhaszn\u00e1l\u00f3i min\u0151s\u00e9ggel ruh\u00e1zza fel. Ez azt jelenti, hogy a felhaszn\u00e1l\u00f3 elfogadja az adott id\u0151pontban hat\u00e1lyos haszn\u00e1lati felt\u00e9teleket, \u00e9s k\u00f6telezetts\u00e9get v\u00e1llal arra, hogy a weboldal tartalmait megfelel\u0151en haszn\u00e1lja, valamint szigor\u00faan betartja a jelen jogi nyilatkozatban \u00e9s az alkalmazand\u00f3 jogszab\u00e1lyokban foglaltakat.<\/p><p data-start=\"1516\" data-end=\"1837\">A felhaszn\u00e1l\u00f3k k\u00f6telesek elolvasni \u00e9s betartani a jelen jogi nyilatkozat tartalm\u00e1t. T\u00e1j\u00e9koztatjuk \u0151ket arr\u00f3l, hogy a dokumentum m\u00f3dosulhat, mivel a weboldal tulajdonosa azt az aktu\u00e1lisan hat\u00e1lyos jogszab\u00e1lyokhoz igaz\u00edthatja. Ennek megfelel\u0151en a weboldal tulajdonosa el\u0151zetes \u00e9rtes\u00edt\u00e9s n\u00e9lk\u00fcl m\u00f3dos\u00edthatja annak tartalm\u00e1t.<\/p><p data-section-id=\"1f2pyap\" data-start=\"1844\" data-end=\"1884\"><span role=\"text\"><strong data-start=\"1848\" data-end=\"1884\">A WEBOLDAL HASZN\u00c1LATI FELT\u00c9TELEI<\/strong><\/span><\/p><p data-start=\"1886\" data-end=\"2202\">A jelen weboldal haszn\u00e1lata ingyenes, \u00e9s haszn\u00e1lat\u00e1hoz nem sz\u00fcks\u00e9ges el\u0151zetes el\u0151fizet\u00e9s. Egyes szolg\u00e1ltat\u00e1sok ig\u00e9nybev\u00e9tel\u00e9hez azonban bizonyos \u0171rlapok kit\u00f6lt\u00e9se sz\u00fcks\u00e9ges (p\u00e9ld\u00e1ul term\u00e9kek v\u00e1s\u00e1rl\u00e1sa vagy inform\u00e1ci\u00f3k\u00e9r\u00e9sek eset\u00e9n). Ez a regisztr\u00e1ci\u00f3 a megfelel\u0151 szakaszban meghat\u00e1rozott felt\u00e9telek szerint t\u00f6rt\u00e9nik.<\/p><p data-start=\"2204\" data-end=\"2437\">A felhaszn\u00e1l\u00f3 k\u00f6telezetts\u00e9get v\u00e1llal arra, hogy az \u00e1ltala megadott valamennyi inform\u00e1ci\u00f3 val\u00f3s \u00e9s folyamatosan friss\u00edtett, \u00e9s a weboldal tulajdonosa nem v\u00e1llal felel\u0151ss\u00e9get az ezen inform\u00e1ci\u00f3k val\u00f3tlans\u00e1g\u00e1b\u00f3l ered\u0151 k\u00f6vetkezm\u00e9nyek\u00e9rt.<\/p><p data-start=\"2439\" data-end=\"2624\">Amennyiben a felhaszn\u00e1l\u00f3 kiskor\u00fa, minden esetben k\u00f6teles beszerezni sz\u00fclei, gy\u00e1mjai vagy t\u00f6rv\u00e9nyes k\u00e9pvisel\u0151i el\u0151zetes \u00e9s kifejezett hozz\u00e1j\u00e1rul\u00e1s\u00e1t b\u00e1rmilyen cselekm\u00e9ny v\u00e9grehajt\u00e1s\u00e1hoz.<\/p><p data-start=\"2626\" data-end=\"3092\">A felhaszn\u00e1l\u00f3 k\u00f6telezetts\u00e9get v\u00e1llal arra, hogy a weboldalt a jogszab\u00e1lyoknak \u00e9s a jelen jogi nyilatkozatnak megfelel\u0151en haszn\u00e1lja. Ennek megfelel\u0151en nem terjeszthet olyan tartalmakat, amelyek ellent\u00e9tesek a jogszab\u00e1lyokkal vagy az emberi m\u00e9lt\u00f3s\u00e1ggal, diszkriminat\u00edvak sz\u00e1rmaz\u00e1s, faj, nem, vall\u00e1s, v\u00e9lem\u00e9ny vagy b\u00e1rmely m\u00e1s szem\u00e9lyes vagy t\u00e1rsadalmi k\u00f6r\u00fclm\u00e9ny alapj\u00e1n, illetve b\u00e1rmilyen m\u00f3don ellent\u00e9tesek a joggal, a k\u00f6zrenddel, az erk\u00f6lccsel vagy a j\u00f3 szok\u00e1sokkal.<\/p><p data-section-id=\"1k73nmv\" data-start=\"3099\" data-end=\"3139\"><span role=\"text\"><strong data-start=\"3103\" data-end=\"3139\">GARANCI\u00c1K \u00c9S FELEL\u0150SS\u00c9G KIZ\u00c1R\u00c1SA<\/strong><\/span><\/p><p data-start=\"3141\" data-end=\"3318\">A weboldal tulajdonosa mentes\u00fcl a felel\u0151ss\u00e9g al\u00f3l azokban az esetekben, amikor a megadott inform\u00e1ci\u00f3k hamisak, vagy az oldalon k\u00f6zz\u00e9tett tartalmakat harmadik felek m\u00f3dos\u00edtott\u00e1k.<\/p><p data-start=\"3320\" data-end=\"3642\">A weboldal tulajdonosa tov\u00e1bb\u00e1 nem v\u00e1llal felel\u0151ss\u00e9get a weboldal hib\u00e1s m\u0171k\u00f6d\u00e9s\u00e9b\u0151l ered\u0151 k\u00e1rok\u00e9rt, ide\u00e9rtve a v\u00edrusokat, rosszindulat\u00fa vagy k\u00e1ros programokat a tartalmakban, illetve a jelen jogi nyilatkozattal \u00e9s haszn\u00e1lati felt\u00e9telekkel ellent\u00e9tes, jogellenes, gondatlan vagy csal\u00e1rd haszn\u00e1latb\u00f3l ered\u0151 k\u00f6vetkezm\u00e9nyeket.<\/p><p data-section-id=\"9vy7wp\" data-start=\"3649\" data-end=\"3672\"><span role=\"text\"><strong data-start=\"3653\" data-end=\"3672\">S\u00dcTIK (COOKIES)<\/strong><\/span><\/p><p data-start=\"3674\" data-end=\"4080\">A szolg\u00e1ltat\u00f3 weboldala s\u00fctiket haszn\u00e1lhat (kism\u00e9ret\u0171 inform\u00e1ci\u00f3s f\u00e1jlok, amelyeket a szerver k\u00fcld a felhaszn\u00e1l\u00f3 sz\u00e1m\u00edt\u00f3g\u00e9p\u00e9re) bizonyos funkci\u00f3k v\u00e9grehajt\u00e1s\u00e1ra, amelyek elengedhetetlenek a weboldal megfelel\u0151 m\u0171k\u00f6d\u00e9s\u00e9hez \u00e9s megjelen\u00edt\u00e9s\u00e9hez. Az alkalmazott s\u00fctik minden esetben ideiglenes jelleg\u0171ek, kiz\u00e1r\u00f3lag a b\u00f6ng\u00e9sz\u00e9s hat\u00e9konys\u00e1g\u00e1nak n\u00f6vel\u00e9s\u00e9re szolg\u00e1lnak, \u00e9s a felhaszn\u00e1l\u00f3i munkamenet v\u00e9g\u00e9n t\u00f6rl\u0151dnek.<\/p><p data-start=\"4082\" data-end=\"4153\">A s\u00fctiket semmilyen esetben nem haszn\u00e1lj\u00e1k szem\u00e9lyes adatok gy\u0171jt\u00e9s\u00e9re.<\/p><p data-start=\"4155\" data-end=\"4213\">Tov\u00e1bbi inform\u00e1ci\u00f3\u00e9rt tekintse meg Cookie-szab\u00e1lyzatunkat.<\/p><p data-section-id=\"znriar\" data-start=\"4220\" data-end=\"4257\"><span role=\"text\"><strong data-start=\"4224\" data-end=\"4257\">HIVATKOZ\u00c1SI POLITIKA (LINKEK)<\/strong><\/span><\/p><p data-start=\"4259\" data-end=\"4624\">A weboldal m\u00e1s weboldalakra mutat\u00f3 hivatkoz\u00e1sokat tartalmazhat, amelyek adatv\u00e9delmi szab\u00e1lyzata elt\u00e9rhet ett\u0151l. A Logistica Nebot, S.L.U. nem v\u00e1llal felel\u0151ss\u00e9get a hivatkozott oldalak tartalm\u00e1\u00e9rt vagy gyakorlat\u00e1\u00e9rt, \u00e9s javasolja a felhaszn\u00e1l\u00f3knak, hogy alaposan olvass\u00e1k el minden olyan weboldal adatv\u00e9delmi szab\u00e1lyzat\u00e1t, amelyet ezen az oldalon kereszt\u00fcl \u00e9rnek el.<\/p><p data-section-id=\"1li865f\" data-start=\"4631\" data-end=\"4663\"><span role=\"text\"><strong data-start=\"4635\" data-end=\"4663\">SZEM\u00c9LYES ADATOK V\u00c9DELME<\/strong><\/span><\/p><p data-start=\"4665\" data-end=\"4878\">A weboldal tulajdonosa garant\u00e1lja a hat\u00e1lyos k\u00f6telezetts\u00e9gek teljes k\u00f6r\u0171 betart\u00e1s\u00e1t, valamint az Eur\u00f3pai Adatv\u00e9delmi Rendelet \u00e9s a spanyol adatv\u00e9delmi szab\u00e1lyoz\u00e1s \u00e1ltal el\u0151\u00edrt biztons\u00e1gi int\u00e9zked\u00e9sek alkalmaz\u00e1s\u00e1t.<\/p><p data-start=\"4880\" data-end=\"4943\">Tov\u00e1bbi inform\u00e1ci\u00f3\u00e9rt tekintse meg Adatv\u00e9delmi szab\u00e1lyzatunkat.<\/p><p data-section-id=\"qeio35\" data-start=\"4950\" data-end=\"4984\"><span role=\"text\"><strong data-start=\"4954\" data-end=\"4984\">SZELLEMI \u00c9S IPARI TULAJDON<\/strong><\/span><\/p><p data-start=\"4986\" data-end=\"5290\">A felhaszn\u00e1l\u00f3 elismeri \u00e9s elfogadja, hogy a weboldalon megjelen\u0151 valamennyi tartalom, k\u00fcl\u00f6n\u00f6sen a tervek, sz\u00f6vegek, k\u00e9pek, log\u00f3k, ikonok, gombok, szoftverek, kereskedelmi nevek, m\u00e1rk\u00e1k vagy b\u00e1rmely m\u00e1s ipari \u00e9s\/vagy kereskedelmi felhaszn\u00e1l\u00e1sra alkalmas jelz\u00e9s szellemi tulajdonjogok hat\u00e1lya al\u00e1 tartozik.<\/p><p data-start=\"5292\" data-end=\"5638\">Minden m\u00e1rka, kereskedelmi n\u00e9v vagy megk\u00fcl\u00f6nb\u00f6ztet\u0151 jelz\u00e9s, valamint a tartalmakhoz \u00e9s\/vagy a weboldalon tal\u00e1lhat\u00f3 egy\u00e9b elemekhez kapcsol\u00f3d\u00f3 ipari \u00e9s szellemi tulajdonjogok kiz\u00e1r\u00f3lag a weboldal tulajdonos\u00e1nak \u00e9s\/vagy harmadik feleknek a tulajdon\u00e1t k\u00e9pezik, akik kiz\u00e1r\u00f3lagos joggal rendelkeznek azok gazdas\u00e1gi forgalomban t\u00f6rt\u00e9n\u0151 felhaszn\u00e1l\u00e1s\u00e1ra.<\/p><p data-start=\"5640\" data-end=\"5944\">Ennek megfelel\u0151en a felhaszn\u00e1l\u00f3 v\u00e1llalja, hogy nem reproduk\u00e1lja, m\u00e1solja, terjeszti, teszi hozz\u00e1f\u00e9rhet\u0151v\u00e9, nem k\u00f6zli nyilv\u00e1nosan, nem alak\u00edtja \u00e1t \u00e9s nem m\u00f3dos\u00edtja az eml\u00edtett tartalmakat, \u00e9s mentes\u00edti a Logistica Nebot, S.L.U.-t minden olyan k\u00f6vetel\u00e9s al\u00f3l, amely e k\u00f6telezetts\u00e9gek megszeg\u00e9s\u00e9b\u0151l eredhet.<\/p><p data-start=\"5946\" data-end=\"6143\">A weboldalhoz val\u00f3 hozz\u00e1f\u00e9r\u00e9s semmilyen esetben sem jelenti e jogok lemond\u00e1s\u00e1t, \u00e1truh\u00e1z\u00e1s\u00e1t, licencel\u00e9s\u00e9t vagy teljes vagy r\u00e9szleges \u00e1tenged\u00e9s\u00e9t, kiv\u00e9ve, ha ezt kifejezetten m\u00e1sk\u00e9nt hat\u00e1rozz\u00e1k meg.<\/p><p data-start=\"6145\" data-end=\"6420\">A jelen \u00e1ltal\u00e1nos haszn\u00e1lati felt\u00e9telek nem biztos\u00edtanak a felhaszn\u00e1l\u00f3k sz\u00e1m\u00e1ra semmilyen egy\u00e9b jogot a weboldal \u00e9s\/vagy tartalmai haszn\u00e1lat\u00e1ra, m\u00f3dos\u00edt\u00e1s\u00e1ra, hasznos\u00edt\u00e1s\u00e1ra, sokszoros\u00edt\u00e1s\u00e1ra, terjeszt\u00e9s\u00e9re vagy nyilv\u00e1nos k\u00f6zl\u00e9s\u00e9re, mint amelyek itt kifejezetten szerepelnek.<\/p><p data-start=\"6422\" data-end=\"6571\">B\u00e1rmely m\u00e1s felhaszn\u00e1l\u00e1s vagy hasznos\u00edt\u00e1s a Logistica Nebot, S.L.U. vagy az \u00e9rintett jogok tulajdonos\u00e1nak el\u0151zetes \u00e9s kifejezett enged\u00e9ly\u00e9hez k\u00f6t\u00f6tt.<\/p><p data-start=\"6573\" data-end=\"6807\">A tartalmak, sz\u00f6vegek, f\u00e9nyk\u00e9pek, tervek, log\u00f3k, k\u00e9pek, sz\u00e1m\u00edt\u00f3g\u00e9pes programok, forr\u00e1sk\u00f3dok \u00e9s \u00e1ltal\u00e1ban minden, ezen az oldalon tal\u00e1lhat\u00f3 szellemi alkot\u00e1s, valamint maga a weboldal mint multim\u00e9di\u00e1s m\u0171, szerz\u0151i jogi v\u00e9delem alatt \u00e1ll.<\/p><p data-start=\"6809\" data-end=\"7052\">A weboldal grafikai elemeinek, men\u00fcinek, navig\u00e1ci\u00f3s gombjainak, HTML-k\u00f3dj\u00e1nak, sz\u00f6vegeinek, k\u00e9peinek, text\u00far\u00e1inak, grafik\u00e1inak \u00e9s egy\u00e9b tartalmainak tulajdonosa a Logistica Nebot, S.L.U., vagy rendelkezik a megfelel\u0151 felhaszn\u00e1l\u00e1si enged\u00e9llyel.<\/p><p data-start=\"7054\" data-end=\"7311\">A weboldal tartalma sem eg\u00e9szben, sem r\u00e9szben nem reproduk\u00e1lhat\u00f3, nem tov\u00e1bb\u00edthat\u00f3 \u00e9s nem r\u00f6gz\u00edthet\u0151 semmilyen inform\u00e1ci\u00f3-visszakeres\u0151 rendszerben, semmilyen form\u00e1ban \u00e9s eszk\u00f6zzel, kiv\u00e9ve, ha ehhez az \u00e9rintett szervezet el\u0151zetes \u00e9s \u00edr\u00e1sbeli enged\u00e9lyt adott.<\/p><p data-start=\"7313\" data-end=\"7493\">Tilos tov\u00e1bb\u00e1 a \u201ecopyright\u201d elt\u00e1vol\u00edt\u00e1sa, megker\u00fcl\u00e9se \u00e9s\/vagy manipul\u00e1l\u00e1sa, valamint a tartalmakban tal\u00e1lhat\u00f3 technikai v\u00e9delmi eszk\u00f6z\u00f6k vagy inform\u00e1ci\u00f3s mechanizmusok megker\u00fcl\u00e9se.<\/p><p data-start=\"7495\" data-end=\"7799\">A weboldal felhaszn\u00e1l\u00f3ja k\u00f6telezetts\u00e9get v\u00e1llal a fent eml\u00edtett jogok tiszteletben tart\u00e1s\u00e1ra, \u00e9s tart\u00f3zkodik minden olyan tev\u00e9kenys\u00e9gt\u0151l, amely azokat s\u00e9rtheti. A Logistica Nebot, S.L.U. fenntartja a jogot, hogy minden sz\u00fcks\u00e9ges jogi l\u00e9p\u00e9st megtegyen szellemi \u00e9s ipari tulajdonjogainak v\u00e9delme \u00e9rdek\u00e9ben.<\/p><p data-section-id=\"stl85d\" data-start=\"7806\" data-end=\"7830\"><span role=\"text\"><strong data-start=\"7810\" data-end=\"7830\">ALKALMAZAND\u00d3 JOG<\/strong><\/span><\/p><p data-start=\"7832\" data-end=\"7944\">A jelen jogi nyilatkozat \u00e9rtelmez\u00e9s\u00e9b\u0151l vagy alkalmaz\u00e1s\u00e1b\u00f3l ered\u0151 b\u00e1rmely vita eset\u00e9n a spanyol jog az ir\u00e1nyad\u00f3.<\/p>\t\t\t\t\t\t\t\t<\/div>\n\t\t\t\t\t<\/div>\n\t\t\t\t<\/div>\n\t\t\t\t<\/div>\n\t\t","protected":false},"excerpt":{"rendered":"<p>JOGI NYILATKOZAT A 34\/2002. sz\u00e1m\u00fa, az inform\u00e1ci\u00f3s t\u00e1rsadalom szolg\u00e1ltat\u00e1sair\u00f3l \u00e9s az elektronikus kereskedelemr\u0151l sz\u00f3l\u00f3 t\u00f6rv\u00e9ny 10. cikk\u00e9nek val\u00f3 megfelel\u00e9s \u00e9rdek\u00e9ben t\u00e1j\u00e9koztatjuk a felhaszn\u00e1l\u00f3kat az al\u00e1bbi adatokr\u00f3l: C\u00e9gn\u00e9v: Logistica Nebot, S.L.U. Sz\u00e9khely: C\/ San Roque, 39, Ludiente, 12123 Castell\u00f3n Ad\u00f3sz\u00e1m (NIF): B12853875 C\u00e9gjegyz\u00e9k: A t\u00e1rsas\u00e1g be van jegyezve a Castell\u00f3ni C\u00e9gjegyz\u00e9kben, k\u00f6tet, oldal, lap Telefon: +34 [&hellip;]<\/p>\n","protected":false},"author":1,"featured_media":0,"parent":0,"menu_order":0,"comment_status":"closed","ping_status":"closed","template":"","meta":{"_joinchat":[],"footnotes":""},"class_list":["post-672","page","type-page","status-publish","hentry"],"aioseo_notices":[],"_links":{"self":[{"href":"https:\/\/logisticanebot.com\/hu\/wp-json\/wp\/v2\/pages\/672","targetHints":{"allow":["GET"]}}],"collection":[{"href":"https:\/\/logisticanebot.com\/hu\/wp-json\/wp\/v2\/pages"}],"about":[{"href":"https:\/\/logisticanebot.com\/hu\/wp-json\/wp\/v2\/types\/page"}],"author":[{"embeddable":true,"href":"https:\/\/logisticanebot.com\/hu\/wp-json\/wp\/v2\/users\/1"}],"replies":[{"embeddable":true,"href":"https:\/\/logisticanebot.com\/hu\/wp-json\/wp\/v2\/comments?post=672"}],"version-history":[{"count":10,"href":"https:\/\/logisticanebot.com\/hu\/wp-json\/wp\/v2\/pages\/672\/revisions"}],"predecessor-version":[{"id":1262,"href":"https:\/\/logisticanebot.com\/hu\/wp-json\/wp\/v2\/pages\/672\/revisions\/1262"}],"wp:attachment":[{"href":"https:\/\/logisticanebot.com\/hu\/wp-json\/wp\/v2\/media?parent=672"}],"curies":[{"name":"wp","href":"https:\/\/api.w.org\/{rel}","templated":true}]}}