{"id":1119,"date":"2025-10-27T10:04:38","date_gmt":"2025-10-27T10:04:38","guid":{"rendered":"https:\/\/logisticanebot.com\/servicios\/"},"modified":"2026-05-05T11:24:10","modified_gmt":"2026-05-05T11:24:10","slug":"services","status":"publish","type":"page","link":"https:\/\/logisticanebot.com\/en\/services\/","title":{"rendered":"Services"},"content":{"rendered":"\t\t<div data-elementor-type=\"wp-page\" data-elementor-id=\"1119\" class=\"elementor elementor-1119\">\n\t\t\t\t<div class=\"elementor-element elementor-element-85e0b91 e-flex e-con-boxed e-con e-parent\" data-id=\"85e0b91\" data-element_type=\"container\" data-settings=\"{&quot;background_background&quot;:&quot;classic&quot;}\">\n\t\t\t\t\t<div class=\"e-con-inner\">\n\t\t<div class=\"elementor-element elementor-element-9909b32 e-con-full e-flex e-con e-child\" data-id=\"9909b32\" data-element_type=\"container\">\n\t\t\t\t<div class=\"elementor-element elementor-element-fdfb65c elementor-widget elementor-widget-heading\" data-id=\"fdfb65c\" data-element_type=\"widget\" data-widget_type=\"heading.default\">\n\t\t\t\t\t<p class=\"elementor-heading-title elementor-size-default\">Logistics services\n<\/p>\t\t\t\t<\/div>\n\t\t\t\t<div class=\"elementor-element elementor-element-1a8b534 elementor-widget elementor-widget-text-editor\" data-id=\"1a8b534\" data-element_type=\"widget\" data-widget_type=\"text-editor.default\">\n\t\t\t\t\t\t\t\t\t<p>At Log\u00edstica Nebot, we offer a wide range of logistics services to connect you with your destination. Leave it in our hands.<\/p>\t\t\t\t\t\t\t\t<\/div>\n\t\t\t\t<\/div>\n\t\t\t\t\t<\/div>\n\t\t\t\t<\/div>\n\t\t<div class=\"elementor-element elementor-element-6ab6a70 e-flex e-con-boxed e-con e-child\" data-id=\"6ab6a70\" data-element_type=\"container\">\n\t\t\t\t\t<div class=\"e-con-inner\">\n\t\t<div class=\"elementor-element elementor-element-ddfd019 e-con-full e-flex e-con e-child\" data-id=\"ddfd019\" data-element_type=\"container\">\n\t\t\t\t<div class=\"elementor-element elementor-element-6b1bc16 elementor-widget elementor-widget-heading\" data-id=\"6b1bc16\" data-element_type=\"widget\" data-widget_type=\"heading.default\">\n\t\t\t\t\t<h2 class=\"elementor-heading-title elementor-size-default\">Sectors we work for\n<\/h2>\t\t\t\t<\/div>\n\t\t\t\t<div class=\"elementor-element elementor-element-82c7c4b elementor-widget elementor-widget-text-editor\" data-id=\"82c7c4b\" data-element_type=\"widget\" data-widget_type=\"text-editor.default\">\n\t\t\t\t\t\t\t\t\t<p>At Log\u00edstica Nebot, we provide services to a wide range of sectors that require our logistics solutions.<\/p>\t\t\t\t\t\t\t\t<\/div>\n\t\t\t\t<\/div>\n\t\t<div class=\"elementor-element elementor-element-265360b e-con-full e-flex e-con e-child\" data-id=\"265360b\" data-element_type=\"container\">\n\t\t<div class=\"elementor-element elementor-element-6972788 e-con-full e-flex e-con e-child\" data-id=\"6972788\" data-element_type=\"container\">\n\t\t<div class=\"elementor-element elementor-element-90c7752 e-con-full e-flex e-con e-child\" data-id=\"90c7752\" data-element_type=\"container\">\n\t\t\t\t<div class=\"elementor-element elementor-element-4b747df elementor-view-default elementor-widget elementor-widget-icon\" data-id=\"4b747df\" data-element_type=\"widget\" data-widget_type=\"icon.default\">\n\t\t\t\t\t\t\t<div class=\"elementor-icon-wrapper\">\n\t\t\t<div class=\"elementor-icon\">\n\t\t\t<svg aria-hidden=\"true\" class=\"e-font-icon-svg e-fas-truck-moving\" viewBox=\"0 0 640 512\" xmlns=\"http:\/\/www.w3.org\/2000\/svg\"><path d=\"M621.3 237.3l-58.5-58.5c-12-12-28.3-18.7-45.3-18.7H480V64c0-17.7-14.3-32-32-32H32C14.3 32 0 46.3 0 64v336c0 44.2 35.8 80 80 80 26.3 0 49.4-12.9 64-32.4 14.6 19.6 37.7 32.4 64 32.4 44.2 0 80-35.8 80-80 0-5.5-.6-10.8-1.6-16h163.2c-1.1 5.2-1.6 10.5-1.6 16 0 44.2 35.8 80 80 80s80-35.8 80-80c0-5.5-.6-10.8-1.6-16H624c8.8 0 16-7.2 16-16v-85.5c0-17-6.7-33.2-18.7-45.2zM80 432c-17.6 0-32-14.4-32-32s14.4-32 32-32 32 14.4 32 32-14.4 32-32 32zm128 0c-17.6 0-32-14.4-32-32s14.4-32 32-32 32 14.4 32 32-14.4 32-32 32zm272-224h37.5c4.3 0 8.3 1.7 11.3 4.7l43.3 43.3H480v-48zm48 224c-17.6 0-32-14.4-32-32s14.4-32 32-32 32 14.4 32 32-14.4 32-32 32z\"><\/path><\/svg>\t\t\t<\/div>\n\t\t<\/div>\n\t\t\t\t\t\t<\/div>\n\t\t\t\t<div class=\"elementor-element elementor-element-5e67514 elementor-widget elementor-widget-heading\" data-id=\"5e67514\" data-element_type=\"widget\" data-widget_type=\"heading.default\">\n\t\t\t\t\t<h2 class=\"elementor-heading-title elementor-size-default\">Heavy-duty transport\n<\/h2>\t\t\t\t<\/div>\n\t\t\t\t<div class=\"elementor-element elementor-element-2cdfa9c elementor-widget elementor-widget-text-editor\" data-id=\"2cdfa9c\" data-element_type=\"widget\" data-widget_type=\"text-editor.default\">\n\t\t\t\t\t\t\t\t\t<p>With a fleet of 10 tractor units and 15 semi-trailers, we are the company in the region with the highest volume of wood transport to Castile and Le\u00f3n.<\/p>\t\t\t\t\t\t\t\t<\/div>\n\t\t\t\t<\/div>\n\t\t\t\t<\/div>\n\t\t<div class=\"elementor-element elementor-element-fb04091 e-con-full e-flex e-con e-child\" data-id=\"fb04091\" data-element_type=\"container\">\n\t\t<div class=\"elementor-element elementor-element-422d692 e-con-full e-flex e-con e-child\" data-id=\"422d692\" data-element_type=\"container\">\n\t\t\t\t<div class=\"elementor-element elementor-element-6238231 elementor-view-default elementor-widget elementor-widget-icon\" data-id=\"6238231\" data-element_type=\"widget\" data-widget_type=\"icon.default\">\n\t\t\t\t\t\t\t<div class=\"elementor-icon-wrapper\">\n\t\t\t<div class=\"elementor-icon\">\n\t\t\t<svg aria-hidden=\"true\" class=\"e-font-icon-svg e-far-building\" viewBox=\"0 0 448 512\" xmlns=\"http:\/\/www.w3.org\/2000\/svg\"><path d=\"M128 148v-40c0-6.6 5.4-12 12-12h40c6.6 0 12 5.4 12 12v40c0 6.6-5.4 12-12 12h-40c-6.6 0-12-5.4-12-12zm140 12h40c6.6 0 12-5.4 12-12v-40c0-6.6-5.4-12-12-12h-40c-6.6 0-12 5.4-12 12v40c0 6.6 5.4 12 12 12zm-128 96h40c6.6 0 12-5.4 12-12v-40c0-6.6-5.4-12-12-12h-40c-6.6 0-12 5.4-12 12v40c0 6.6 5.4 12 12 12zm128 0h40c6.6 0 12-5.4 12-12v-40c0-6.6-5.4-12-12-12h-40c-6.6 0-12 5.4-12 12v40c0 6.6 5.4 12 12 12zm-76 84v-40c0-6.6-5.4-12-12-12h-40c-6.6 0-12 5.4-12 12v40c0 6.6 5.4 12 12 12h40c6.6 0 12-5.4 12-12zm76 12h40c6.6 0 12-5.4 12-12v-40c0-6.6-5.4-12-12-12h-40c-6.6 0-12 5.4-12 12v40c0 6.6 5.4 12 12 12zm180 124v36H0v-36c0-6.6 5.4-12 12-12h19.5V24c0-13.3 10.7-24 24-24h337c13.3 0 24 10.7 24 24v440H436c6.6 0 12 5.4 12 12zM79.5 463H192v-67c0-6.6 5.4-12 12-12h40c6.6 0 12 5.4 12 12v67h112.5V49L80 48l-.5 415z\"><\/path><\/svg>\t\t\t<\/div>\n\t\t<\/div>\n\t\t\t\t\t\t<\/div>\n\t\t\t\t<div class=\"elementor-element elementor-element-95f0545 elementor-widget elementor-widget-heading\" data-id=\"95f0545\" data-element_type=\"widget\" data-widget_type=\"heading.default\">\n\t\t\t\t\t<h2 class=\"elementor-heading-title elementor-size-default\">Tile Industry\n<\/h2>\t\t\t\t<\/div>\n\t\t\t\t<div class=\"elementor-element elementor-element-9aa7f89 elementor-widget elementor-widget-text-editor\" data-id=\"9aa7f89\" data-element_type=\"widget\" data-widget_type=\"text-editor.default\">\n\t\t\t\t\t\t\t\t\t<p>Extensive experience in groupage and tile distribution from tile companies in Castell\u00f3n to Castile and Le\u00f3n.<\/p>\t\t\t\t\t\t\t\t<\/div>\n\t\t\t\t<\/div>\n\t\t\t\t<\/div>\n\t\t<div class=\"elementor-element elementor-element-85b8c11 e-con-full e-flex e-con e-child\" data-id=\"85b8c11\" data-element_type=\"container\">\n\t\t<div class=\"elementor-element elementor-element-1934e20 e-con-full e-flex e-con e-child\" data-id=\"1934e20\" data-element_type=\"container\">\n\t\t\t\t<div class=\"elementor-element elementor-element-71d21b1 elementor-view-default elementor-widget elementor-widget-icon\" data-id=\"71d21b1\" data-element_type=\"widget\" data-widget_type=\"icon.default\">\n\t\t\t\t\t\t\t<div class=\"elementor-icon-wrapper\">\n\t\t\t<div class=\"elementor-icon\">\n\t\t\t<svg aria-hidden=\"true\" class=\"e-font-icon-svg e-far-calendar-alt\" viewBox=\"0 0 448 512\" xmlns=\"http:\/\/www.w3.org\/2000\/svg\"><path d=\"M148 288h-40c-6.6 0-12-5.4-12-12v-40c0-6.6 5.4-12 12-12h40c6.6 0 12 5.4 12 12v40c0 6.6-5.4 12-12 12zm108-12v-40c0-6.6-5.4-12-12-12h-40c-6.6 0-12 5.4-12 12v40c0 6.6 5.4 12 12 12h40c6.6 0 12-5.4 12-12zm96 0v-40c0-6.6-5.4-12-12-12h-40c-6.6 0-12 5.4-12 12v40c0 6.6 5.4 12 12 12h40c6.6 0 12-5.4 12-12zm-96 96v-40c0-6.6-5.4-12-12-12h-40c-6.6 0-12 5.4-12 12v40c0 6.6 5.4 12 12 12h40c6.6 0 12-5.4 12-12zm-96 0v-40c0-6.6-5.4-12-12-12h-40c-6.6 0-12 5.4-12 12v40c0 6.6 5.4 12 12 12h40c6.6 0 12-5.4 12-12zm192 0v-40c0-6.6-5.4-12-12-12h-40c-6.6 0-12 5.4-12 12v40c0 6.6 5.4 12 12 12h40c6.6 0 12-5.4 12-12zm96-260v352c0 26.5-21.5 48-48 48H48c-26.5 0-48-21.5-48-48V112c0-26.5 21.5-48 48-48h48V12c0-6.6 5.4-12 12-12h40c6.6 0 12 5.4 12 12v52h128V12c0-6.6 5.4-12 12-12h40c6.6 0 12 5.4 12 12v52h48c26.5 0 48 21.5 48 48zm-48 346V160H48v298c0 3.3 2.7 6 6 6h340c3.3 0 6-2.7 6-6z\"><\/path><\/svg>\t\t\t<\/div>\n\t\t<\/div>\n\t\t\t\t\t\t<\/div>\n\t\t\t\t<div class=\"elementor-element elementor-element-15db591 elementor-widget elementor-widget-heading\" data-id=\"15db591\" data-element_type=\"widget\" data-widget_type=\"heading.default\">\n\t\t\t\t\t<h2 class=\"elementor-heading-title elementor-size-default\">Citrus Campaign\n<\/h2>\t\t\t\t<\/div>\n\t\t\t\t<div class=\"elementor-element elementor-element-92b36d3 elementor-widget elementor-widget-text-editor\" data-id=\"92b36d3\" data-element_type=\"widget\" data-widget_type=\"text-editor.default\">\n\t\t\t\t\t\t\t\t\t<p>During the citrus campaigns, we operate transport routes from Castell\u00f3n to Andalusia, southern Portugal and Morocco.<\/p>\t\t\t\t\t\t\t\t<\/div>\n\t\t\t\t<\/div>\n\t\t\t\t<\/div>\n\t\t<div class=\"elementor-element elementor-element-562051a e-con-full e-flex e-con e-child\" data-id=\"562051a\" data-element_type=\"container\">\n\t\t<div class=\"elementor-element elementor-element-d812523 e-con-full e-flex e-con e-child\" data-id=\"d812523\" data-element_type=\"container\">\n\t\t\t\t<div class=\"elementor-element elementor-element-9711b6b elementor-view-default elementor-widget elementor-widget-icon\" data-id=\"9711b6b\" data-element_type=\"widget\" data-widget_type=\"icon.default\">\n\t\t\t\t\t\t\t<div class=\"elementor-icon-wrapper\">\n\t\t\t<div class=\"elementor-icon\">\n\t\t\t<svg aria-hidden=\"true\" class=\"e-font-icon-svg e-fas-warehouse\" viewBox=\"0 0 640 512\" xmlns=\"http:\/\/www.w3.org\/2000\/svg\"><path d=\"M504 352H136.4c-4.4 0-8 3.6-8 8l-.1 48c0 4.4 3.6 8 8 8H504c4.4 0 8-3.6 8-8v-48c0-4.4-3.6-8-8-8zm0 96H136.1c-4.4 0-8 3.6-8 8l-.1 48c0 4.4 3.6 8 8 8h368c4.4 0 8-3.6 8-8v-48c0-4.4-3.6-8-8-8zm0-192H136.6c-4.4 0-8 3.6-8 8l-.1 48c0 4.4 3.6 8 8 8H504c4.4 0 8-3.6 8-8v-48c0-4.4-3.6-8-8-8zm106.5-139L338.4 3.7a48.15 48.15 0 0 0-36.9 0L29.5 117C11.7 124.5 0 141.9 0 161.3V504c0 4.4 3.6 8 8 8h80c4.4 0 8-3.6 8-8V256c0-17.6 14.6-32 32.6-32h382.8c18 0 32.6 14.4 32.6 32v248c0 4.4 3.6 8 8 8h80c4.4 0 8-3.6 8-8V161.3c0-19.4-11.7-36.8-29.5-44.3z\"><\/path><\/svg>\t\t\t<\/div>\n\t\t<\/div>\n\t\t\t\t\t\t<\/div>\n\t\t\t\t<div class=\"elementor-element elementor-element-12e5493 elementor-widget elementor-widget-heading\" data-id=\"12e5493\" data-element_type=\"widget\" data-widget_type=\"heading.default\">\n\t\t\t\t\t<h2 class=\"elementor-heading-title elementor-size-default\">Logistics Warehouse\n<\/h2>\t\t\t\t<\/div>\n\t\t\t\t<div class=\"elementor-element elementor-element-28fe49c elementor-widget elementor-widget-text-editor\" data-id=\"28fe49c\" data-element_type=\"widget\" data-widget_type=\"text-editor.default\">\n\t\t\t\t\t\t\t\t\t<p>At Log\u00edstica Nebot, we have a total surface area of 7,000 m\u00b2, with more than 5,000 m\u00b2 dedicated to our logistics operations.<\/p>\t\t\t\t\t\t\t\t<\/div>\n\t\t\t\t<\/div>\n\t\t\t\t<\/div>\n\t\t\t\t<\/div>\n\t\t\t\t\t<\/div>\n\t\t\t\t<\/div>\n\t\t<div class=\"elementor-element elementor-element-9697bb9 e-flex e-con-boxed e-con e-parent\" data-id=\"9697bb9\" data-element_type=\"container\" data-settings=\"{&quot;background_background&quot;:&quot;classic&quot;}\">\n\t\t\t\t\t<div class=\"e-con-inner\">\n\t\t<div class=\"elementor-element elementor-element-44548f1 e-con-full e-flex e-con e-child\" data-id=\"44548f1\" data-element_type=\"container\">\n\t\t\t\t<div class=\"elementor-element elementor-element-3b8a02a elementor-widget elementor-widget-image\" data-id=\"3b8a02a\" data-element_type=\"widget\" data-widget_type=\"image.default\">\n\t\t\t\t\t\t\t\t\t\t\t\t\t\t\t<img fetchpriority=\"high\" decoding=\"async\" width=\"540\" height=\"400\" src=\"https:\/\/logisticanebot.com\/wp-content\/uploads\/2026\/05\/castellon-transport-logistica-nebot.jpg\" class=\"attachment-large size-large wp-image-1396\" alt=\"castellon transport logistica nebot\" srcset=\"https:\/\/logisticanebot.com\/wp-content\/uploads\/2026\/05\/castellon-transport-logistica-nebot.jpg 540w, https:\/\/logisticanebot.com\/wp-content\/uploads\/2026\/05\/castellon-transport-logistica-nebot-300x222.jpg 300w\" sizes=\"(max-width: 540px) 100vw, 540px\" \/>\t\t\t\t\t\t\t\t\t\t\t\t\t\t\t<\/div>\n\t\t\t\t<\/div>\n\t\t<div class=\"elementor-element elementor-element-43a5364 e-con-full e-flex e-con e-child\" data-id=\"43a5364\" data-element_type=\"container\">\n\t\t<div class=\"elementor-element elementor-element-3d6790f e-con-full e-flex e-con e-child\" data-id=\"3d6790f\" data-element_type=\"container\">\n\t\t\t\t<div class=\"elementor-element elementor-element-99c2f11 elementor-widget elementor-widget-heading\" data-id=\"99c2f11\" data-element_type=\"widget\" data-widget_type=\"heading.default\">\n\t\t\t\t\t<h2 class=\"elementor-heading-title elementor-size-default\">Routes from Castell\u00f3n to Castile and Le\u00f3n\n<\/h2>\t\t\t\t<\/div>\n\t\t\t\t<div class=\"elementor-element elementor-element-3e70412 elementor-widget elementor-widget-heading\" data-id=\"3e70412\" data-element_type=\"widget\" data-widget_type=\"heading.default\">\n\t\t\t\t\t<p class=\"elementor-heading-title elementor-size-default\">DAILY TRANSPORT ROUTES TO CASTILE AND LE\u00d3N\n<\/p>\t\t\t\t<\/div>\n\t\t\t\t<\/div>\n\t\t\t\t<div class=\"elementor-element elementor-element-d8e30b0 elementor-widget elementor-widget-text-editor\" data-id=\"d8e30b0\" data-element_type=\"widget\" data-widget_type=\"text-editor.default\">\n\t\t\t\t\t\t\t\t\t<div class=\"text-base my-auto mx-auto pb-10 [--thread-content-margin:--spacing(4)] thread-sm:[--thread-content-margin:--spacing(6)] thread-lg:[--thread-content-margin:--spacing(16)] px-(--thread-content-margin)\"><div class=\"[--thread-content-max-width:40rem] thread-lg:[--thread-content-max-width:48rem] mx-auto max-w-(--thread-content-max-width) flex-1 group\/turn-messages focus-visible:outline-hidden relative flex w-full min-w-0 flex-col agent-turn\" tabindex=\"-1\"><div class=\"flex max-w-full flex-col grow\"><div class=\"min-h-8 text-message relative flex w-full flex-col items-end gap-2 text-start break-words whitespace-normal [.text-message+&amp;]:mt-1\" dir=\"auto\" data-message-author-role=\"assistant\" data-message-id=\"915546e3-aced-4ac9-8170-1a8398787224\" data-message-model-slug=\"gpt-5\"><div class=\"flex w-full flex-col gap-1 empty:hidden first:pt-[1px]\"><p>At Log\u00edstica Nebot, we offer a daily transport service from Castell\u00f3n to all provinces of Castile and Le\u00f3n, ensuring speed, punctuality and safety in every shipment.<\/p><p>We regularly cover routes to Valladolid, Palencia, Le\u00f3n, Salamanca, Zamora, Burgos, Segovia and \u00c1vila, adapting to each client\u2019s needs: from full loads to parcels and groupage.<\/p><p>Our team coordinates every delivery with precision to ensure that the goods arrive in the shortest possible time, maintaining full logistics control and continuous tracking throughout the entire journey.<\/p><p>If you need to send goods from Castell\u00f3n to any point in Castile and Le\u00f3n, trust an agile, efficient and reliable service.<\/p><\/div><\/div><\/div><\/div><\/div>\t\t\t\t\t\t\t\t<\/div>\n\t\t\t\t<\/div>\n\t\t\t\t\t<\/div>\n\t\t\t\t<\/div>\n\t\t<div class=\"elementor-element elementor-element-f173542 e-flex e-con-boxed e-con e-parent\" data-id=\"f173542\" data-element_type=\"container\" data-settings=\"{&quot;background_background&quot;:&quot;classic&quot;}\">\n\t\t\t\t\t<div class=\"e-con-inner\">\n\t\t<div class=\"elementor-element elementor-element-19b66e5 e-con-full e-flex e-con e-child\" data-id=\"19b66e5\" data-element_type=\"container\">\n\t\t\t\t<div class=\"elementor-element elementor-element-88e09ec elementor-widget elementor-widget-image\" data-id=\"88e09ec\" data-element_type=\"widget\" data-widget_type=\"image.default\">\n\t\t\t\t\t\t\t\t\t\t\t\t\t\t\t<img decoding=\"async\" width=\"540\" height=\"400\" src=\"https:\/\/logisticanebot.com\/wp-content\/uploads\/2026\/05\/transport-company-in-castellon.jpg\" class=\"attachment-large size-large wp-image-1400\" alt=\"transport company in castellon\" srcset=\"https:\/\/logisticanebot.com\/wp-content\/uploads\/2026\/05\/transport-company-in-castellon.jpg 540w, https:\/\/logisticanebot.com\/wp-content\/uploads\/2026\/05\/transport-company-in-castellon-300x222.jpg 300w\" sizes=\"(max-width: 540px) 100vw, 540px\" \/>\t\t\t\t\t\t\t\t\t\t\t\t\t\t\t<\/div>\n\t\t\t\t<\/div>\n\t\t<div class=\"elementor-element elementor-element-fb392ed e-con-full e-flex e-con e-child\" data-id=\"fb392ed\" data-element_type=\"container\">\n\t\t<div class=\"elementor-element elementor-element-7e673b0 e-con-full e-flex e-con e-child\" data-id=\"7e673b0\" data-element_type=\"container\">\n\t\t\t\t<div class=\"elementor-element elementor-element-d678e3f elementor-widget elementor-widget-heading\" data-id=\"d678e3f\" data-element_type=\"widget\" data-widget_type=\"heading.default\">\n\t\t\t\t\t<h2 class=\"elementor-heading-title elementor-size-default\">Routes from Castell\u00f3n to Galicia and Northern Portugal<\/h2>\t\t\t\t<\/div>\n\t\t\t\t<div class=\"elementor-element elementor-element-80489e3 elementor-widget elementor-widget-heading\" data-id=\"80489e3\" data-element_type=\"widget\" data-widget_type=\"heading.default\">\n\t\t\t\t\t<p class=\"elementor-heading-title elementor-size-default\">DAILY TRANSPORT ROUTES TO GALICIA AND PORTUGAL\n<\/p>\t\t\t\t<\/div>\n\t\t\t\t<\/div>\n\t\t\t\t<div class=\"elementor-element elementor-element-a34d1ba elementor-widget elementor-widget-text-editor\" data-id=\"a34d1ba\" data-element_type=\"widget\" data-widget_type=\"text-editor.default\">\n\t\t\t\t\t\t\t\t\t<div class=\"text-base my-auto mx-auto pb-10 [--thread-content-margin:--spacing(4)] thread-sm:[--thread-content-margin:--spacing(6)] thread-lg:[--thread-content-margin:--spacing(16)] px-(--thread-content-margin)\"><div class=\"[--thread-content-max-width:40rem] thread-lg:[--thread-content-max-width:48rem] mx-auto max-w-(--thread-content-max-width) flex-1 group\/turn-messages focus-visible:outline-hidden relative flex w-full min-w-0 flex-col agent-turn\" tabindex=\"-1\"><div class=\"flex max-w-full flex-col grow\"><div class=\"min-h-8 text-message relative flex w-full flex-col items-end gap-2 text-start break-words whitespace-normal [.text-message+&amp;]:mt-1\" dir=\"auto\" data-message-author-role=\"assistant\" data-message-id=\"915546e3-aced-4ac9-8170-1a8398787224\" data-message-model-slug=\"gpt-5\"><div class=\"flex w-full flex-col gap-1 empty:hidden first:pt-[1px]\"><p>At Log\u00edstica Nebot, we offer a daily transport service from Castell\u00f3n to Galicia and Portugal, ensuring speed, punctuality and maximum safety in every shipment.<\/p><p>We regularly cover the main routes to Galicia \u2014 A Coru\u00f1a, Lugo, Ourense and Pontevedra \u2014 as well as to Portugal, adapting to the specific needs of each client: from full loads to parcels and groupage.<\/p><p>Our team coordinates every operation with precision to ensure that the goods arrive in the shortest possible time, maintaining thorough logistics control and continuous tracking throughout the entire journey.<\/p><p>If you need to send goods from Castell\u00f3n to Galicia or Portugal, trust an agile, efficient and fully reliable service.<\/p><\/div><\/div><\/div><\/div><\/div>\t\t\t\t\t\t\t\t<\/div>\n\t\t\t\t<\/div>\n\t\t\t\t\t<\/div>\n\t\t\t\t<\/div>\n\t\t<div class=\"elementor-element elementor-element-6cdff52 e-flex e-con-boxed e-con e-parent\" data-id=\"6cdff52\" data-element_type=\"container\" data-settings=\"{&quot;background_background&quot;:&quot;classic&quot;}\">\n\t\t\t\t\t<div class=\"e-con-inner\">\n\t\t<div class=\"elementor-element elementor-element-bb8f967 e-con-full e-flex e-con e-child\" data-id=\"bb8f967\" data-element_type=\"container\">\n\t\t\t\t<div class=\"elementor-element elementor-element-d2f1fc0 elementor-widget elementor-widget-heading\" data-id=\"d2f1fc0\" data-element_type=\"widget\" data-widget_type=\"heading.default\">\n\t\t\t\t\t<h2 class=\"elementor-heading-title elementor-size-default\">NATIONAL ROUTES CASTELL\u00d3N \u2013 CASTILE AND LE\u00d3N<\/h2>\t\t\t\t<\/div>\n\t\t\t\t<div class=\"elementor-element elementor-element-63dec41 elementor-widget elementor-widget-heading\" data-id=\"63dec41\" data-element_type=\"widget\" data-widget_type=\"heading.default\">\n\t\t\t\t\t<p class=\"elementor-heading-title elementor-size-default\">As far as you want to go<\/p>\t\t\t\t<\/div>\n\t\t\t\t<div class=\"elementor-element elementor-element-8ac2727 elementor-widget elementor-widget-text-editor\" data-id=\"8ac2727\" data-element_type=\"widget\" data-widget_type=\"text-editor.default\">\n\t\t\t\t\t\t\t\t\t<p>If you need to transport your goods, at Log\u00edstica Nebot we have an extensive fleet for heavy-duty transport, food products and much more. Request a no-obligation quote.<\/p>\t\t\t\t\t\t\t\t<\/div>\n\t\t\t\t<div class=\"elementor-element elementor-element-3af17f1 elementor-mobile-align-center elementor-widget elementor-widget-button\" data-id=\"3af17f1\" data-element_type=\"widget\" data-widget_type=\"button.default\">\n\t\t\t\t\t\t\t\t\t\t<a class=\"elementor-button elementor-button-link elementor-size-sm\" href=\"\/en\/contact\/\">\n\t\t\t\t\t\t<span class=\"elementor-button-content-wrapper\">\n\t\t\t\t\t\t<span class=\"elementor-button-icon\">\n\t\t\t\t<svg aria-hidden=\"true\" class=\"e-font-icon-svg e-fas-arrow-right\" viewBox=\"0 0 448 512\" xmlns=\"http:\/\/www.w3.org\/2000\/svg\"><path d=\"M190.5 66.9l22.2-22.2c9.4-9.4 24.6-9.4 33.9 0L441 239c9.4 9.4 9.4 24.6 0 33.9L246.6 467.3c-9.4 9.4-24.6 9.4-33.9 0l-22.2-22.2c-9.5-9.5-9.3-25 .4-34.3L311.4 296H24c-13.3 0-24-10.7-24-24v-32c0-13.3 10.7-24 24-24h287.4L190.9 101.2c-9.8-9.3-10-24.8-.4-34.3z\"><\/path><\/svg>\t\t\t<\/span>\n\t\t\t\t\t\t\t\t\t<span class=\"elementor-button-text\">Request a quote<\/span>\n\t\t\t\t\t<\/span>\n\t\t\t\t\t<\/a>\n\t\t\t\t\t\t\t\t<\/div>\n\t\t\t\t<\/div>\n\t\t\t\t\t<\/div>\n\t\t\t\t<\/div>\n\t\t\t\t<\/div>\n\t\t","protected":false},"excerpt":{"rendered":"<p>Logistics services At Log\u00edstica Nebot, we offer a wide range of logistics services to connect you with your destination. Leave it in our hands. Sectors we work for At Log\u00edstica Nebot, we provide services to a wide range of sectors that require our logistics solutions. Heavy-duty transport With a fleet of 10 tractor units and [&hellip;]<\/p>\n","protected":false},"author":1,"featured_media":0,"parent":0,"menu_order":0,"comment_status":"closed","ping_status":"open","template":"","meta":{"_joinchat":[],"footnotes":""},"class_list":["post-1119","page","type-page","status-publish","hentry"],"aioseo_notices":[],"_links":{"self":[{"href":"https:\/\/logisticanebot.com\/en\/wp-json\/wp\/v2\/pages\/1119","targetHints":{"allow":["GET"]}}],"collection":[{"href":"https:\/\/logisticanebot.com\/en\/wp-json\/wp\/v2\/pages"}],"about":[{"href":"https:\/\/logisticanebot.com\/en\/wp-json\/wp\/v2\/types\/page"}],"author":[{"embeddable":true,"href":"https:\/\/logisticanebot.com\/en\/wp-json\/wp\/v2\/users\/1"}],"replies":[{"embeddable":true,"href":"https:\/\/logisticanebot.com\/en\/wp-json\/wp\/v2\/comments?post=1119"}],"version-history":[{"count":14,"href":"https:\/\/logisticanebot.com\/en\/wp-json\/wp\/v2\/pages\/1119\/revisions"}],"predecessor-version":[{"id":1427,"href":"https:\/\/logisticanebot.com\/en\/wp-json\/wp\/v2\/pages\/1119\/revisions\/1427"}],"wp:attachment":[{"href":"https:\/\/logisticanebot.com\/en\/wp-json\/wp\/v2\/media?parent=1119"}],"curies":[{"name":"wp","href":"https:\/\/api.w.org\/{rel}","templated":true}]}}